{"id":1610,"date":"2018-04-02T16:01:53","date_gmt":"2018-04-02T16:01:53","guid":{"rendered":"http:\/\/herreracesareo.com\/contact\/"},"modified":"2026-04-10T12:42:23","modified_gmt":"2026-04-10T12:42:23","slug":"contacto","status":"publish","type":"page","link":"https:\/\/herreracesareo.com\/es\/contacto\/","title":{"rendered":"Contacto"},"content":{"rendered":"<p><div class=\"fusion-fullwidth fullwidth-box fusion-builder-row-1 fusion-flex-container nonhundred-percent-fullwidth non-hundred-percent-height-scrolling\" style=\"--awb-border-radius-top-left:0px;--awb-border-radius-top-right:0px;--awb-border-radius-bottom-right:0px;--awb-border-radius-bottom-left:0px;--awb-flex-wrap:wrap;\" ><div class=\"fusion-builder-row fusion-row fusion-flex-align-items-flex-start fusion-flex-justify-content-center fusion-flex-content-wrap\" style=\"max-width:1144px;margin-left: calc(-4% \/ 2 );margin-right: calc(-4% \/ 2 );\"><div class=\"fusion-layout-column fusion_builder_column fusion-builder-column-0 fusion_builder_column_2_5 2_5 fusion-flex-column\" style=\"--awb-padding-top:40px;--awb-padding-right:40px;--awb-padding-bottom:20px;--awb-padding-left:40px;--awb-bg-size:cover;--awb-box-shadow:0px 0px 20px 0px #e2e2e2;;--awb-border-color:#e7cea0;--awb-border-top:1px;--awb-border-right:1px;--awb-border-bottom:1px;--awb-border-left:1px;--awb-border-style:solid;--awb-width-large:40%;--awb-margin-top-large:0px;--awb-spacing-right-large:0px;--awb-margin-bottom-large:30px;--awb-spacing-left-large:4.8%;--awb-width-medium:100%;--awb-order-medium:0;--awb-spacing-right-medium:1.92%;--awb-spacing-left-medium:1.92%;--awb-width-small:100%;--awb-order-small:0;--awb-spacing-right-small:1.92%;--awb-spacing-left-small:1.92%;\"><div class=\"fusion-column-wrapper fusion-column-has-shadow fusion-flex-justify-content-flex-start fusion-content-layout-column\"><div class=\"fusion-form fusion-form-builder fusion-form-form-wrapper fusion-form-2145 has-icon-alignment\" style=\"--awb-tooltip-text-color:#ffffff;--awb-tooltip-background-color:#333333;--awb-form-input-height:50px;--awb-form-font-size:16px;--awb-form-border-width-top:0px;--awb-form-border-width-bottom:1px;--awb-form-border-width-right:0px;--awb-form-border-width-left:0px;--awb-form-border-color:#e7cea0;--awb-form-focus-border-color:#e7cea0;--awb-form-focus-border-hover-color:rgba(231,206,160,0.5);--awb-icon-alignment-top:0px;--awb-icon-alignment-bottom:1px;--awb-icon-alignment-font-size:16;\" data-form-id=\"2145\" data-config=\"{&quot;form_id&quot;:2145,&quot;form_post_id&quot;:2145,&quot;post_id&quot;:1610,&quot;form_type&quot;:&quot;ajax&quot;,&quot;confirmation_type&quot;:&quot;message&quot;,&quot;redirect_url&quot;:&quot;&quot;,&quot;redirect_timeout&quot;:&quot;0&quot;,&quot;field_labels&quot;:{&quot;nombre_y_apellidos&quot;:&quot;&quot;,&quot;email&quot;:&quot;&quot;,&quot;telefono&quot;:&quot;&quot;,&quot;comentarios&quot;:&quot;&quot;,&quot;terms&quot;:&quot;&quot;},&quot;field_logics&quot;:{&quot;nombre_y_apellidos&quot;:&quot;&quot;,&quot;email&quot;:&quot;&quot;,&quot;telefono&quot;:&quot;&quot;,&quot;comentarios&quot;:&quot;&quot;,&quot;terms&quot;:&quot;&quot;,&quot;submit_1&quot;:&quot;&quot;,&quot;notice_1&quot;:&quot;&quot;},&quot;field_types&quot;:{&quot;nombre_y_apellidos&quot;:&quot;text&quot;,&quot;email&quot;:&quot;email&quot;,&quot;telefono&quot;:&quot;phone_number&quot;,&quot;comentarios&quot;:&quot;textarea&quot;,&quot;terms&quot;:&quot;checkbox&quot;,&quot;submit_1&quot;:&quot;submit&quot;,&quot;notice_1&quot;:&quot;notice&quot;},&quot;nonce_method&quot;:&quot;ajax&quot;,&quot;form_views&quot;:&quot;ajax&quot;,&quot;form_views_counting&quot;:&quot;all&quot;}\"><form action=\"https:\/\/herreracesareo.com\/es\/contacto\/\" method=\"post\" class=\"fusion-form fusion-form-2145\"><div class=\"fusion-fullwidth fullwidth-box fusion-builder-row-1-1 fusion-flex-container nonhundred-percent-fullwidth non-hundred-percent-height-scrolling\" style=\"--awb-border-radius-top-left:0px;--awb-border-radius-top-right:0px;--awb-border-radius-bottom-right:0px;--awb-border-radius-bottom-left:0px;--awb-flex-wrap:wrap;\" ><div class=\"fusion-builder-row fusion-row fusion-flex-align-items-flex-start fusion-flex-content-wrap\" style=\"width:104% !important;max-width:104% !important;margin-left: calc(-4% \/ 2 );margin-right: calc(-4% \/ 2 );\"><div class=\"fusion-layout-column fusion_builder_column fusion-builder-column-1 fusion_builder_column_1_1 1_1 fusion-flex-column contact-form\" style=\"--awb-bg-size:cover;--awb-width-large:100%;--awb-flex-grow:0;--awb-flex-shrink:0;--awb-margin-top-large:0px;--awb-spacing-right-large:1.92%;--awb-margin-bottom-large:-20px;--awb-spacing-left-large:1.92%;--awb-width-medium:100%;--awb-order-medium:0;--awb-flex-grow-medium:0;--awb-flex-shrink-medium:0;--awb-spacing-right-medium:1.92%;--awb-spacing-left-medium:1.92%;--awb-width-small:100%;--awb-order-small:0;--awb-flex-grow-small:0;--awb-flex-shrink-small:0;--awb-spacing-right-small:1.92%;--awb-spacing-left-small:1.92%;\"><div class=\"fusion-column-wrapper fusion-column-has-shadow fusion-flex-justify-content-flex-start fusion-content-layout-column\"><div class=\"fusion-text fusion-text-1 fusion-text-no-margin text-13\" style=\"--awb-content-alignment:right;--awb-text-transform:none;--awb-margin-top:0px;--awb-margin-bottom:0px;\"><p>* Informaci\u00f3n obligatoria<\/p>\n<\/div>\n<div class=\"fusion-form-field fusion-form-text-field fusion-form-label-above\" style=\"\" data-form-id=\"2145\"><input type=\"text\" autocomplete=\"off\" name=\"nombre_y_apellidos\" id=\"nombre_y_apellidos\" value=\"\"  class=\"fusion-form-input\" required=\"true\" aria-required=\"true\" placeholder=\"Nombre y apellidos *\" data-holds-private-data=\"false\" minlength=\"2\"\/><\/div><div class=\"fusion-form-field fusion-form-email-field fusion-form-label-above\" style=\"\" data-form-id=\"2145\"><input type=\"email\" autocomplete=\"off\" name=\"email\" id=\"email\" value=\"\"  class=\"fusion-form-input\" required=\"true\" aria-required=\"true\" placeholder=\"E-mail *\" data-holds-private-data=\"false\"\/><\/div><div class=\"fusion-form-field fusion-form-phone-number-field fusion-form-label-above\" style=\"\" data-form-id=\"2145\"><input type=\"tel\" autocomplete=\"off\" name=\"telefono\" id=\"telefono\" value=\"\"  class=\"fusion-form-input\" placeholder=\"N\u00ba de tel\u00e9fono \" data-holds-private-data=\"false\"\/><\/div><div class=\"fusion-form-field fusion-form-textarea-field fusion-form-label-above\" style=\"\" data-form-id=\"2145\"><textarea cols=\"40\" autocomplete=\"off\"  minlength=\"0\"  rows=\"4\" tabindex=\"\" id=\"comentarios\" name=\"comentarios\" class=\"fusion-form-input\" required=\"true\" aria-required=\"true\" placeholder=\"Comentarios *\" data-holds-private-data=\"false\"><\/textarea><\/div><div class=\"fusion-form-field fusion-form-checkbox-field fusion-form-label-above\" style=\"\" data-form-id=\"2145\"><fieldset><div class=\"fusion-form-checkbox\"><input tabindex=\"\" id=\"checkbox-terms-1-0\" type=\"checkbox\" value=\"Al enviar este formulario, usted acepta que la informaci\u00f3n facilitada pueda ser utilizada para responder a su solicitud y en el marco de la relaci\u00f3n mercantil que se pueda generar. Est\u00e1 informaci\u00f3n esta destinada a nuestro uso exclusivo. De conformidad con la normativa general sobre protecci\u00f3n de datos, puede ejercer su derecho de acceso a los datos que le conciernen y rectificarlos. Para m\u00e1s informaci\u00f3n, consulte el aviso legal.\" name=\"terms[]\" class=\"fusion-form-input\" required=\"true\" aria-required=\"true\" data-holds-private-data=\"false\"\/><label for=\"checkbox-terms-1-0\">Al enviar este formulario, usted acepta que la informaci\u00f3n facilitada pueda ser utilizada para responder a su solicitud y en el marco de la relaci\u00f3n mercantil que se pueda generar. Est\u00e1 informaci\u00f3n esta destinada a nuestro uso exclusivo. De conformidad con la normativa general sobre protecci\u00f3n de datos, puede ejercer su derecho de acceso a los datos que le conciernen y rectificarlos. Para m\u00e1s informaci\u00f3n, consulte el aviso legal.<\/label><\/div><\/fieldset><\/div><div class=\"fusion-form-field fusion-form-submit-field fusion-form-label-above\" style=\"\" data-form-id=\"2145\"><div ><button type=\"submit\" class=\"fusion-button button-flat fusion-button-default-size button-default fusion-button-default button-1 fusion-button-default-span  button-default form-form-submit\" data-form-number=\"2145\" tabindex=\"\"><span class=\"fusion-button-text awb-button__text awb-button__text--default\">Enviar Solicitud<\/span><\/button><\/div><\/div><div class=\"form-submission-notices data-notice_1\" id=\"fusion-notices-1\" data-instance=\"1\"><div class=\"fusion-alert alert success alert-success fusion-alert-center fusion-form-response fusion-form-response-success fusion-alert-capitalize awb-alert-native-link-color alert-dismissable awb-alert-close-boxed\" role=\"alert\"><div class=\"fusion-alert-content-wrapper\"><span class=\"alert-icon\"><i class=\"awb-icon-check-circle\" aria-hidden=\"true\"><\/i><\/span><span class=\"fusion-alert-content\">Gracias por su mensaje ! \u00a1Nos pondremos en contacto contigo muy pronto!<\/span><\/div><button type=\"button\" class=\"close toggle-alert\" data-dismiss=\"alert\" aria-label=\"Close\">&times;<\/button><\/div><div class=\"fusion-alert alert error alert-danger fusion-alert-center fusion-form-response fusion-form-response-error fusion-alert-capitalize awb-alert-native-link-color alert-dismissable awb-alert-close-boxed\" role=\"alert\"><div class=\"fusion-alert-content-wrapper\"><span class=\"alert-icon\"><i class=\"awb-icon-exclamation-triangle\" aria-hidden=\"true\"><\/i><\/span><span class=\"fusion-alert-content\">Hubo un error al intentar enviar su mensaje. Por favor, int\u00e9ntelo de nuevo m\u00e1s tarde.<\/span><\/div><button type=\"button\" class=\"close toggle-alert\" data-dismiss=\"alert\" aria-label=\"Close\">&times;<\/button><\/div><\/div><\/div><\/div><\/div><\/div><input type=\"hidden\" name=\"fusion_privacy_expiration_interval\" value=\"48\"><input type=\"hidden\" name=\"privacy_expiration_action\" value=\"anonymize\"><\/form><\/div><\/div><\/div><div class=\"fusion-layout-column fusion_builder_column fusion-builder-column-2 fusion_builder_column_2_5 2_5 fusion-flex-column\" style=\"--awb-bg-size:cover;--awb-width-large:40%;--awb-flex-grow:0;--awb-flex-shrink:0;--awb-margin-top-large:0px;--awb-spacing-right-large:4.8%;--awb-margin-bottom-large:-20px;--awb-spacing-left-large:4.8%;--awb-width-medium:100%;--awb-order-medium:0;--awb-flex-grow-medium:0;--awb-flex-shrink-medium:0;--awb-spacing-right-medium:1.92%;--awb-spacing-left-medium:1.92%;--awb-width-small:100%;--awb-order-small:0;--awb-flex-grow-small:0;--awb-flex-shrink-small:0;--awb-spacing-right-small:1.92%;--awb-margin-bottom-small:20px;--awb-spacing-left-small:1.92%;\"><div class=\"fusion-column-wrapper fusion-column-has-shadow fusion-flex-justify-content-flex-start fusion-content-layout-column\"><ul style=\"--awb-size:16px;--awb-item-padding-top:20px;--awb-item-padding-bottom:20px;--awb-iconcolor:#000000;--awb-line-height:27.2px;--awb-icon-width:27.2px;--awb-icon-height:27.2px;--awb-icon-margin:11.2px;--awb-content-margin:38.4px;\" class=\"fusion-checklist fusion-checklist-1 type-icons list-contact\"><li class=\"fusion-li-item\" style=\"\"><span class=\"icon-wrapper circle-no\"><i class=\"fusion-li-icon fa-mobile-alt fas\" aria-hidden=\"true\"><\/i><\/span><div class=\"fusion-li-item-content\">\n<h3><a class=\"fusion-flex-link fusion-bar-highlight\" href=\"tel:+33143173097\"><strong><span class=\"menu-text\">+33 1 43 17 30 97 <\/span><\/strong><\/a><\/h3>\n<h3><a class=\"fusion-flex-link fusion-bar-highlight\" href=\"tel:+33143173097\"><span class=\"menu-text\">o en caso de urgencia por WhatsApp<\/span><span class=\"menu-text\">:<\/span><strong><span class=\"menu-text\"> + 33 672 233 468<\/span><\/strong><\/a><\/h3>\n<\/div><\/li><li class=\"fusion-li-item\" style=\"\"><span class=\"icon-wrapper circle-no\"><i class=\"fusion-li-icon fa-envelope fas\" aria-hidden=\"true\"><\/i><\/span><div class=\"fusion-li-item-content\">\n<h3><strong><a href=\"mailto:info@herreracesareo.com\">info@herreracesareo.com<\/a><\/strong><\/h3>\n<\/div><\/li><li class=\"fusion-li-item\" style=\"\"><span class=\"icon-wrapper circle-no\"><i class=\"fusion-li-icon fa-map-marker-alt fas\" aria-hidden=\"true\"><\/i><\/span><div class=\"fusion-li-item-content\">\n<h3>78 rue des Saints-P\u00e8res<\/h3>\n<h3>75007 PARIS<\/h3>\n<\/div><\/li><\/ul><\/div><\/div><\/div><\/div><div class=\"fusion-fullwidth fullwidth-box fusion-builder-row-2 fusion-flex-container nonhundred-percent-fullwidth non-hundred-percent-height-scrolling\" style=\"--awb-border-radius-top-left:0px;--awb-border-radius-top-right:0px;--awb-border-radius-bottom-right:0px;--awb-border-radius-bottom-left:0px;--awb-flex-wrap:wrap;\" ><div class=\"fusion-builder-row fusion-row fusion-flex-align-items-flex-start fusion-flex-content-wrap\" style=\"max-width:1144px;margin-left: calc(-4% \/ 2 );margin-right: calc(-4% \/ 2 );\"><div class=\"fusion-layout-column fusion_builder_column fusion-builder-column-3 fusion_builder_column_1_1 1_1 fusion-flex-column\" style=\"--awb-bg-size:cover;--awb-width-large:100%;--awb-flex-grow:0;--awb-flex-shrink:0;--awb-margin-top-large:0px;--awb-spacing-right-large:1.92%;--awb-margin-bottom-large:-20px;--awb-spacing-left-large:1.92%;--awb-width-medium:100%;--awb-order-medium:0;--awb-flex-grow-medium:0;--awb-flex-shrink-medium:0;--awb-spacing-right-medium:1.92%;--awb-spacing-left-medium:1.92%;--awb-width-small:100%;--awb-order-small:0;--awb-flex-grow-small:0;--awb-flex-shrink-small:0;--awb-spacing-right-small:1.92%;--awb-spacing-left-small:1.92%;\"><div class=\"fusion-column-wrapper fusion-column-has-shadow fusion-flex-justify-content-flex-start fusion-content-layout-column\">\t\t\t\t\t<script type=\"text\/javascript\">\n\t\t\t\t\t\tvar map_fusion_map_69febb80734a8;\n\t\t\t\t\t\tvar markers = [];\n\t\t\t\t\t\tvar counter = 0;\n\t\t\t\t\t\t\t\t\t\t\t\t\t\t\t\t\t\t\t\tvar fusionMapNonce = '25137c1904';\n\t\t\t\t\t\t\t\t\t\t\t\tfunction fusion_run_map_fusion_map_69febb80734a8() {\n\t\t\t\t\t\t\tjQuery ('#fusion_map_69febb80734a8' ).fusion_maps( {\n\t\t\t\t\t\t\t\taddresses: [{\"address\":\"78 rue des Saints-P\\u00e8res 75007 PARIS\",\"infobox_content\":\"<b>ABOGADO HERRERA CESAREO<\\\/b> 78 Rue de Saint-P\\u00e8res 75007 PARIS\",\"marker\":\"http:\\\/\\\/herreracesareo.com\\\/wp-content\\\/uploads\\\/2018\\\/06\\\/herrera-cesareo-avocat-paris.png\",\"coordinates\":false,\"cache\":true,\"latitude\":\"48.85215669999999\",\"longitude\":\"2.3285207000000128\"}],\n\t\t\t\t\t\t\t\tanimations: false,\n\t\t\t\t\t\t\t\tinfobox_background_color: '',\n\t\t\t\t\t\t\t\tinfobox_styling: 'custom',\n\t\t\t\t\t\t\t\tinfobox_text_color: '#000000',\n\t\t\t\t\t\t\t\tmap_style: 'custom',\n\t\t\t\t\t\t\t\tmap_type: 'roadmap',\n\t\t\t\t\t\t\t\tmarker_icon: 'http:\/\/herreracesareo.com\/wp-content\/uploads\/2018\/06\/herrera-cesareo-avocat-paris.png',\n\t\t\t\t\t\t\t\toverlay_color: '#999999',\n\t\t\t\t\t\t\t\toverlay_color_hsl: {\"hue\":0,\"sat\":0,\"lum\":60},\n\t\t\t\t\t\t\t\tshow_address: true,\n\t\t\t\t\t\t\t\tscale_control: true,\n\t\t\t\t\t\t\t\tscrollwheel: false,\n\t\t\t\t\t\t\t\tzoom: 14,\n\t\t\t\t\t\t\t\tzoom_control: true,\n\t\t\t\t\t\t\t} );\n\t\t\t\t\t\t}\n\n\t\t\t\t\t\tgoogle.maps.event.addDomListener(window, 'load', fusion_run_map_fusion_map_69febb80734a8);\n\t\t\t\t\t<\/script>\n\t\t\t\t\t<div class=\"shortcode-map fusion-google-map fusion-maps-js-type\" id=\"fusion_map_69febb80734a8\"><\/div><\/div><\/div><\/div><\/div><\/p>\n","protected":false},"excerpt":{"rendered":"","protected":false},"author":1,"featured_media":0,"parent":0,"menu_order":0,"comment_status":"closed","ping_status":"closed","template":"100-width.php","meta":{"footnotes":""},"class_list":["post-1610","page","type-page","status-publish","hentry"],"yoast_head":"<!-- This site is optimized with the Yoast SEO plugin v27.3 - https:\/\/yoast.com\/product\/yoast-seo-wordpress\/ -->\n<title>Contacto \u2013 Abogado espa\u00f1ol en Par\u00eds \u2013 Herrera Cesareo<\/title>\n<meta name=\"description\" content=\"Contacte al despacho Herrera Cesareo, abogado biling\u00fce en Par\u00eds. 78 rue des Saints-P\u00e8res, 75007 Par\u00eds. Respuesta garantizada en menos de 24h. Tel. +33 1 43 17 30 97\" \/>\n<meta name=\"robots\" content=\"index, follow, max-snippet:-1, max-image-preview:large, max-video-preview:-1\" \/>\n<link rel=\"canonical\" href=\"https:\/\/herreracesareo.com\/es\/contacto\/\" \/>\n<meta property=\"og:locale\" content=\"es_ES\" \/>\n<meta property=\"og:type\" content=\"article\" \/>\n<meta property=\"og:title\" content=\"Contacto \u2013 Abogado espa\u00f1ol en Par\u00eds \u2013 Herrera Cesareo\" \/>\n<meta property=\"og:description\" content=\"Contacte al despacho Herrera Cesareo, abogado biling\u00fce en Par\u00eds. 78 rue des Saints-P\u00e8res, 75007 Par\u00eds. Respuesta garantizada en menos de 24h. Tel. +33 1 43 17 30 97\" \/>\n<meta property=\"og:url\" content=\"https:\/\/herreracesareo.com\/es\/contacto\/\" \/>\n<meta property=\"og:site_name\" content=\"Herrera Cesareo Avocats\" \/>\n<meta property=\"article:modified_time\" content=\"2026-04-10T12:42:23+00:00\" \/>\n<meta name=\"twitter:card\" content=\"summary_large_image\" \/>\n<meta name=\"twitter:label1\" content=\"Tiempo de lectura\" \/>\n\t<meta name=\"twitter:data1\" content=\"1 minuto\" \/>\n<script type=\"application\/ld+json\" class=\"yoast-schema-graph\">{\"@context\":\"https:\\\/\\\/schema.org\",\"@graph\":[{\"@type\":\"WebPage\",\"@id\":\"https:\\\/\\\/herreracesareo.com\\\/es\\\/contacto\\\/\",\"url\":\"https:\\\/\\\/herreracesareo.com\\\/es\\\/contacto\\\/\",\"name\":\"Contacto \u2013 Abogado espa\u00f1ol en Par\u00eds \u2013 Herrera Cesareo\",\"isPartOf\":{\"@id\":\"https:\\\/\\\/herreracesareo.com\\\/#website\"},\"datePublished\":\"2018-04-02T16:01:53+00:00\",\"dateModified\":\"2026-04-10T12:42:23+00:00\",\"description\":\"Contacte al despacho Herrera Cesareo, abogado biling\u00fce en Par\u00eds. 78 rue des Saints-P\u00e8res, 75007 Par\u00eds. Respuesta garantizada en menos de 24h. Tel. +33 1 43 17 30 97\",\"breadcrumb\":{\"@id\":\"https:\\\/\\\/herreracesareo.com\\\/es\\\/contacto\\\/#breadcrumb\"},\"inLanguage\":\"es\",\"potentialAction\":[{\"@type\":\"ReadAction\",\"target\":[\"https:\\\/\\\/herreracesareo.com\\\/es\\\/contacto\\\/\"]}]},{\"@type\":\"BreadcrumbList\",\"@id\":\"https:\\\/\\\/herreracesareo.com\\\/es\\\/contacto\\\/#breadcrumb\",\"itemListElement\":[{\"@type\":\"ListItem\",\"position\":1,\"name\":\"Portada\",\"item\":\"https:\\\/\\\/herreracesareo.com\\\/es\\\/\"},{\"@type\":\"ListItem\",\"position\":2,\"name\":\"Contacto\"}]},{\"@type\":\"WebSite\",\"@id\":\"https:\\\/\\\/herreracesareo.com\\\/#website\",\"url\":\"https:\\\/\\\/herreracesareo.com\\\/\",\"name\":\"Herrera Cesareo Avocats\",\"description\":\"C&#039;est un site de cabinet d&#039;avocats bilingue en fran\u00e7ais et en espagnol qui offre ses services aux particuliers et aux entreprises en France.\",\"potentialAction\":[{\"@type\":\"SearchAction\",\"target\":{\"@type\":\"EntryPoint\",\"urlTemplate\":\"https:\\\/\\\/herreracesareo.com\\\/?s={search_term_string}\"},\"query-input\":{\"@type\":\"PropertyValueSpecification\",\"valueRequired\":true,\"valueName\":\"search_term_string\"}}],\"inLanguage\":\"es\"}]}<\/script>\n<!-- \/ Yoast SEO plugin. -->","yoast_head_json":{"title":"Contacto \u2013 Abogado espa\u00f1ol en Par\u00eds \u2013 Herrera Cesareo","description":"Contacte al despacho Herrera Cesareo, abogado biling\u00fce en Par\u00eds. 78 rue des Saints-P\u00e8res, 75007 Par\u00eds. Respuesta garantizada en menos de 24h. Tel. +33 1 43 17 30 97","robots":{"index":"index","follow":"follow","max-snippet":"max-snippet:-1","max-image-preview":"max-image-preview:large","max-video-preview":"max-video-preview:-1"},"canonical":"https:\/\/herreracesareo.com\/es\/contacto\/","og_locale":"es_ES","og_type":"article","og_title":"Contacto \u2013 Abogado espa\u00f1ol en Par\u00eds \u2013 Herrera Cesareo","og_description":"Contacte al despacho Herrera Cesareo, abogado biling\u00fce en Par\u00eds. 78 rue des Saints-P\u00e8res, 75007 Par\u00eds. Respuesta garantizada en menos de 24h. Tel. +33 1 43 17 30 97","og_url":"https:\/\/herreracesareo.com\/es\/contacto\/","og_site_name":"Herrera Cesareo Avocats","article_modified_time":"2026-04-10T12:42:23+00:00","twitter_card":"summary_large_image","twitter_misc":{"Tiempo de lectura":"1 minuto"},"schema":{"@context":"https:\/\/schema.org","@graph":[{"@type":"WebPage","@id":"https:\/\/herreracesareo.com\/es\/contacto\/","url":"https:\/\/herreracesareo.com\/es\/contacto\/","name":"Contacto \u2013 Abogado espa\u00f1ol en Par\u00eds \u2013 Herrera Cesareo","isPartOf":{"@id":"https:\/\/herreracesareo.com\/#website"},"datePublished":"2018-04-02T16:01:53+00:00","dateModified":"2026-04-10T12:42:23+00:00","description":"Contacte al despacho Herrera Cesareo, abogado biling\u00fce en Par\u00eds. 78 rue des Saints-P\u00e8res, 75007 Par\u00eds. Respuesta garantizada en menos de 24h. Tel. +33 1 43 17 30 97","breadcrumb":{"@id":"https:\/\/herreracesareo.com\/es\/contacto\/#breadcrumb"},"inLanguage":"es","potentialAction":[{"@type":"ReadAction","target":["https:\/\/herreracesareo.com\/es\/contacto\/"]}]},{"@type":"BreadcrumbList","@id":"https:\/\/herreracesareo.com\/es\/contacto\/#breadcrumb","itemListElement":[{"@type":"ListItem","position":1,"name":"Portada","item":"https:\/\/herreracesareo.com\/es\/"},{"@type":"ListItem","position":2,"name":"Contacto"}]},{"@type":"WebSite","@id":"https:\/\/herreracesareo.com\/#website","url":"https:\/\/herreracesareo.com\/","name":"Herrera Cesareo Avocats","description":"C&#039;est un site de cabinet d&#039;avocats bilingue en fran\u00e7ais et en espagnol qui offre ses services aux particuliers et aux entreprises en France.","potentialAction":[{"@type":"SearchAction","target":{"@type":"EntryPoint","urlTemplate":"https:\/\/herreracesareo.com\/?s={search_term_string}"},"query-input":{"@type":"PropertyValueSpecification","valueRequired":true,"valueName":"search_term_string"}}],"inLanguage":"es"}]}},"jetpack_sharing_enabled":true,"_links":{"self":[{"href":"https:\/\/herreracesareo.com\/es\/wp-json\/wp\/v2\/pages\/1610","targetHints":{"allow":["GET"]}}],"collection":[{"href":"https:\/\/herreracesareo.com\/es\/wp-json\/wp\/v2\/pages"}],"about":[{"href":"https:\/\/herreracesareo.com\/es\/wp-json\/wp\/v2\/types\/page"}],"author":[{"embeddable":true,"href":"https:\/\/herreracesareo.com\/es\/wp-json\/wp\/v2\/users\/1"}],"replies":[{"embeddable":true,"href":"https:\/\/herreracesareo.com\/es\/wp-json\/wp\/v2\/comments?post=1610"}],"version-history":[{"count":18,"href":"https:\/\/herreracesareo.com\/es\/wp-json\/wp\/v2\/pages\/1610\/revisions"}],"predecessor-version":[{"id":2626,"href":"https:\/\/herreracesareo.com\/es\/wp-json\/wp\/v2\/pages\/1610\/revisions\/2626"}],"wp:attachment":[{"href":"https:\/\/herreracesareo.com\/es\/wp-json\/wp\/v2\/media?parent=1610"}],"curies":[{"name":"wp","href":"https:\/\/api.w.org\/{rel}","templated":true}]}}