{"id":1618,"date":"2018-12-06T18:31:26","date_gmt":"2018-12-06T18:31:26","guid":{"rendered":"http:\/\/herreracesareo.com\/information-et-conseil-juridiques\/"},"modified":"2026-04-10T12:46:55","modified_gmt":"2026-04-10T12:46:55","slug":"informacion-y-asesoramiento-juridico","status":"publish","type":"page","link":"https:\/\/herreracesareo.com\/es\/informacion-y-asesoramiento-juridico\/","title":{"rendered":"Informaci\u00f3n y asesoramiento jur\u00eddico"},"content":{"rendered":"<h2><span style=\"color: #000000;\">Informaci\u00f3n y asesoramiento jur\u00eddico<\/span><\/h2>\n<p><span style=\"color: #000000;\">A medida que la ley evoluciona, se vuelve m\u00e1s dif\u00edcil para un individuo o un gerente de empresa conocer, comprender y aplicar las reglas legales que le afectan.\u00a0Los nuevos textos (internacionales, comunitarios, legislativos y reglamentarios) entran en vigor regularmente y modifican la ley aplicable.\u00a0As\u00ed mismo, las decisiones judiciales tambi\u00e9n son emitidas diariamente por los magistrados que interpretan los textos, los especifican o los complementan.<\/span><\/p>\n<p><span style=\"color: #000000;\">M\u00e1s all\u00e1 de nuestra experiencia y nuestra pr\u00e1ctica diaria en los tribunales, la firma trabaja para estar al d\u00eda con todos estos cambios. Esto nos permite informar a nuestros clientes de manera clara y precisa sobre las normas legales que regulan su situaci\u00f3n y aconsejarles lo mejor posible sobre sus posibilidades de acci\u00f3n, la viabilidad de sus proyectos, los posibles riesgos en que incurren, maximizando as\u00ed sus posibilidades de \u00e9xito en caso de disputas legales.<\/span><\/p>\n<p>Tambi\u00e9n hemos desarrollado un servicio de asesoramiento jur\u00eddico simplificado, pr\u00e1ctico y directo. Para suscribirse, simplemente env\u00edenos un correo electr\u00f3nico con su solicitud completando el formulario en la secci\u00f3n de contacto. Despu\u00e9s de recibirlo, nuestro despacho se pondr\u00e1 en contacto con usted, con la mayor brevedad.<\/p>\n","protected":false},"excerpt":{"rendered":"<p>Informaci\u00f3n y asesoramiento jur\u00eddico A medida que la ley evoluciona, se vuelve m\u00e1s dif\u00edcil para  [&#8230;]<\/p>\n","protected":false},"author":1,"featured_media":0,"parent":0,"menu_order":0,"comment_status":"closed","ping_status":"closed","template":"","meta":{"footnotes":""},"class_list":["post-1618","page","type-page","status-publish","hentry"],"yoast_head":"<!-- This site is optimized with the Yoast SEO plugin v27.3 - https:\/\/yoast.com\/product\/yoast-seo-wordpress\/ -->\n<title>Informaci\u00f3n y asesoramiento jur\u00eddico - Herrera Cesareo Avocats<\/title>\n<meta name=\"description\" content=\"informamos a nuestros clientes de manera clara sobre las normas legales que regulan su situaci\u00f3n y ls aconsejamo lo mejor posible sobre sus posibilidades de acci\u00f3n, la viabilidad de sus proyectos y los posibles riesgos en que incurren.\" \/>\n<meta name=\"robots\" content=\"index, follow, max-snippet:-1, max-image-preview:large, max-video-preview:-1\" \/>\n<link rel=\"canonical\" href=\"https:\/\/herreracesareo.com\/es\/informacion-y-asesoramiento-juridico\/\" \/>\n<meta property=\"og:locale\" content=\"es_ES\" \/>\n<meta property=\"og:type\" content=\"article\" \/>\n<meta property=\"og:title\" content=\"Informaci\u00f3n y asesoramiento jur\u00eddico - Herrera Cesareo Avocats\" \/>\n<meta property=\"og:description\" content=\"informamos a nuestros clientes de manera clara sobre las normas legales que regulan su situaci\u00f3n y ls aconsejamo lo mejor posible sobre sus posibilidades de acci\u00f3n, la viabilidad de sus proyectos y los posibles riesgos en que incurren.\" \/>\n<meta property=\"og:url\" content=\"https:\/\/herreracesareo.com\/es\/informacion-y-asesoramiento-juridico\/\" \/>\n<meta property=\"og:site_name\" content=\"Herrera Cesareo Avocats\" \/>\n<meta property=\"article:modified_time\" content=\"2026-04-10T12:46:55+00:00\" \/>\n<meta name=\"twitter:card\" content=\"summary_large_image\" \/>\n<meta name=\"twitter:label1\" content=\"Tiempo de lectura\" \/>\n\t<meta name=\"twitter:data1\" content=\"1 minuto\" \/>\n<script type=\"application\/ld+json\" class=\"yoast-schema-graph\">{\"@context\":\"https:\\\/\\\/schema.org\",\"@graph\":[{\"@type\":\"WebPage\",\"@id\":\"https:\\\/\\\/herreracesareo.com\\\/es\\\/informacion-y-asesoramiento-juridico\\\/\",\"url\":\"https:\\\/\\\/herreracesareo.com\\\/es\\\/informacion-y-asesoramiento-juridico\\\/\",\"name\":\"Informaci\u00f3n y asesoramiento jur\u00eddico - Herrera Cesareo Avocats\",\"isPartOf\":{\"@id\":\"https:\\\/\\\/herreracesareo.com\\\/#website\"},\"datePublished\":\"2018-12-06T18:31:26+00:00\",\"dateModified\":\"2026-04-10T12:46:55+00:00\",\"description\":\"informamos a nuestros clientes de manera clara sobre las normas legales que regulan su situaci\u00f3n y ls aconsejamo lo mejor posible sobre sus posibilidades de acci\u00f3n, la viabilidad de sus proyectos y los posibles riesgos en que incurren.\",\"breadcrumb\":{\"@id\":\"https:\\\/\\\/herreracesareo.com\\\/es\\\/informacion-y-asesoramiento-juridico\\\/#breadcrumb\"},\"inLanguage\":\"es\",\"potentialAction\":[{\"@type\":\"ReadAction\",\"target\":[\"https:\\\/\\\/herreracesareo.com\\\/es\\\/informacion-y-asesoramiento-juridico\\\/\"]}]},{\"@type\":\"BreadcrumbList\",\"@id\":\"https:\\\/\\\/herreracesareo.com\\\/es\\\/informacion-y-asesoramiento-juridico\\\/#breadcrumb\",\"itemListElement\":[{\"@type\":\"ListItem\",\"position\":1,\"name\":\"Portada\",\"item\":\"https:\\\/\\\/herreracesareo.com\\\/es\\\/\"},{\"@type\":\"ListItem\",\"position\":2,\"name\":\"Informaci\u00f3n y asesoramiento jur\u00eddico\"}]},{\"@type\":\"WebSite\",\"@id\":\"https:\\\/\\\/herreracesareo.com\\\/#website\",\"url\":\"https:\\\/\\\/herreracesareo.com\\\/\",\"name\":\"Herrera Cesareo Avocats\",\"description\":\"C&#039;est un site de cabinet d&#039;avocats bilingue en fran\u00e7ais et en espagnol qui offre ses services aux particuliers et aux entreprises en France.\",\"potentialAction\":[{\"@type\":\"SearchAction\",\"target\":{\"@type\":\"EntryPoint\",\"urlTemplate\":\"https:\\\/\\\/herreracesareo.com\\\/?s={search_term_string}\"},\"query-input\":{\"@type\":\"PropertyValueSpecification\",\"valueRequired\":true,\"valueName\":\"search_term_string\"}}],\"inLanguage\":\"es\"}]}<\/script>\n<!-- \/ Yoast SEO plugin. -->","yoast_head_json":{"title":"Informaci\u00f3n y asesoramiento jur\u00eddico - Herrera Cesareo Avocats","description":"informamos a nuestros clientes de manera clara sobre las normas legales que regulan su situaci\u00f3n y ls aconsejamo lo mejor posible sobre sus posibilidades de acci\u00f3n, la viabilidad de sus proyectos y los posibles riesgos en que incurren.","robots":{"index":"index","follow":"follow","max-snippet":"max-snippet:-1","max-image-preview":"max-image-preview:large","max-video-preview":"max-video-preview:-1"},"canonical":"https:\/\/herreracesareo.com\/es\/informacion-y-asesoramiento-juridico\/","og_locale":"es_ES","og_type":"article","og_title":"Informaci\u00f3n y asesoramiento jur\u00eddico - Herrera Cesareo Avocats","og_description":"informamos a nuestros clientes de manera clara sobre las normas legales que regulan su situaci\u00f3n y ls aconsejamo lo mejor posible sobre sus posibilidades de acci\u00f3n, la viabilidad de sus proyectos y los posibles riesgos en que incurren.","og_url":"https:\/\/herreracesareo.com\/es\/informacion-y-asesoramiento-juridico\/","og_site_name":"Herrera Cesareo Avocats","article_modified_time":"2026-04-10T12:46:55+00:00","twitter_card":"summary_large_image","twitter_misc":{"Tiempo de lectura":"1 minuto"},"schema":{"@context":"https:\/\/schema.org","@graph":[{"@type":"WebPage","@id":"https:\/\/herreracesareo.com\/es\/informacion-y-asesoramiento-juridico\/","url":"https:\/\/herreracesareo.com\/es\/informacion-y-asesoramiento-juridico\/","name":"Informaci\u00f3n y asesoramiento jur\u00eddico - Herrera Cesareo Avocats","isPartOf":{"@id":"https:\/\/herreracesareo.com\/#website"},"datePublished":"2018-12-06T18:31:26+00:00","dateModified":"2026-04-10T12:46:55+00:00","description":"informamos a nuestros clientes de manera clara sobre las normas legales que regulan su situaci\u00f3n y ls aconsejamo lo mejor posible sobre sus posibilidades de acci\u00f3n, la viabilidad de sus proyectos y los posibles riesgos en que incurren.","breadcrumb":{"@id":"https:\/\/herreracesareo.com\/es\/informacion-y-asesoramiento-juridico\/#breadcrumb"},"inLanguage":"es","potentialAction":[{"@type":"ReadAction","target":["https:\/\/herreracesareo.com\/es\/informacion-y-asesoramiento-juridico\/"]}]},{"@type":"BreadcrumbList","@id":"https:\/\/herreracesareo.com\/es\/informacion-y-asesoramiento-juridico\/#breadcrumb","itemListElement":[{"@type":"ListItem","position":1,"name":"Portada","item":"https:\/\/herreracesareo.com\/es\/"},{"@type":"ListItem","position":2,"name":"Informaci\u00f3n y asesoramiento jur\u00eddico"}]},{"@type":"WebSite","@id":"https:\/\/herreracesareo.com\/#website","url":"https:\/\/herreracesareo.com\/","name":"Herrera Cesareo Avocats","description":"C&#039;est un site de cabinet d&#039;avocats bilingue en fran\u00e7ais et en espagnol qui offre ses services aux particuliers et aux entreprises en France.","potentialAction":[{"@type":"SearchAction","target":{"@type":"EntryPoint","urlTemplate":"https:\/\/herreracesareo.com\/?s={search_term_string}"},"query-input":{"@type":"PropertyValueSpecification","valueRequired":true,"valueName":"search_term_string"}}],"inLanguage":"es"}]}},"jetpack_sharing_enabled":true,"_links":{"self":[{"href":"https:\/\/herreracesareo.com\/es\/wp-json\/wp\/v2\/pages\/1618","targetHints":{"allow":["GET"]}}],"collection":[{"href":"https:\/\/herreracesareo.com\/es\/wp-json\/wp\/v2\/pages"}],"about":[{"href":"https:\/\/herreracesareo.com\/es\/wp-json\/wp\/v2\/types\/page"}],"author":[{"embeddable":true,"href":"https:\/\/herreracesareo.com\/es\/wp-json\/wp\/v2\/users\/1"}],"replies":[{"embeddable":true,"href":"https:\/\/herreracesareo.com\/es\/wp-json\/wp\/v2\/comments?post=1618"}],"version-history":[{"count":6,"href":"https:\/\/herreracesareo.com\/es\/wp-json\/wp\/v2\/pages\/1618\/revisions"}],"predecessor-version":[{"id":1870,"href":"https:\/\/herreracesareo.com\/es\/wp-json\/wp\/v2\/pages\/1618\/revisions\/1870"}],"wp:attachment":[{"href":"https:\/\/herreracesareo.com\/es\/wp-json\/wp\/v2\/media?parent=1618"}],"curies":[{"name":"wp","href":"https:\/\/api.w.org\/{rel}","templated":true}]}}