{"id":1650,"date":"2018-08-20T16:48:04","date_gmt":"2018-08-20T16:48:04","guid":{"rendered":"http:\/\/herreracesareo.com\/mentions-legales-et-confidentialite\/"},"modified":"2026-02-16T10:24:34","modified_gmt":"2026-02-16T10:24:34","slug":"aviso-legal-y-politica-de-privacidad","status":"publish","type":"page","link":"https:\/\/herreracesareo.com\/es\/aviso-legal-y-politica-de-privacidad\/","title":{"rendered":"Aviso legal y pol\u00edtica de privacidad"},"content":{"rendered":"<h1><span style=\"color: #000000;\">Aviso legal<\/span><\/h1>\n<p>&nbsp;<\/p>\n<p><span style=\"color: #000000;\">Nombre del sitio web: http:\/\/www.herreracesareo.com<\/span><\/p>\n<p><span style=\"color: #000000;\">Director de la publicaci\u00f3n: M. HERRERA CESAREO Federico<\/span><br \/>\n<span style=\"color: #000000;\">Correo electr\u00f3nico: f.herrera@herreracesareo.com<\/span><br \/>\n<span style=\"color: #000000;\">Direcci\u00f3n: 78 rue des Saints P\u00e8res, 75007 PARIS (Francia)<\/span><br \/>\n<span style=\"color: #000000;\">Tel. : 00 33 1 43 17 30 97 \u2013 Fax. : 00 33 1 43 17 30 89<\/span><br \/>\n<span style=\"color: #000000;\">Firma \/ Nombre de la empresa: Federico HERRERA CESAREO<\/span><br \/>\n<span style=\"color: #000000;\">N\u00famero de SIRET: 480 349 588 000 32<\/span><\/p>\n<p><span style=\"color: #000000;\">N\u00famero de IVA intracomunitario : FR92480349588<\/span><\/p>\n<p><span style=\"color: #000000;\">Dise\u00f1o del sitio: HIGH Marketing Studio<\/span><\/p>\n<p><span style=\"color: #000000;\">Alojamiento del sitio: 1 y 1 Internet SARL, empresa con un capital de 100 000 \u20ac, registrado en RCS Sarreguemines con el n\u00famero B 431 303 775, cuya sede social es 7, Place de la Gare, BP 70109, 57201 Sarreguemines Cedex.<\/span><\/p>\n<p><span style=\"color: #000000;\">Tel. 00 33 970 808 911<\/span><\/p>\n<p>&nbsp;<\/p>\n<p><span style=\"color: #000000;\"><b><i>Propiedad intelectual :<\/i><\/b><\/span><\/p>\n<p><span style=\"color: #000000;\">El sitio www.herreracesareo.com y cada uno de los elementos que lo componen (incluidos textos, fotograf\u00edas, art\u00edculos, noticias, boletines, ilustraciones, gr\u00e1ficos, \u00edconos, programas informaticos \u2026), son propiedad del despacho y estan legalmente protegidos.<\/span><\/p>\n<p><span style=\"color: #000000;\">Esta por lo tanto prohibido segun los terminos del art\u00edculo L.122-4 del C\u00f3digo franc\u00e8s de la Propiedad Intelectual, representar, reproducir total o parcialmente, traducir, adaptar o transformar, bajo cualquier soporte, sea de forma gratuita o no, la pagina web o cualquiera de sus elementos, sin la autorizaci\u00f3n previa y expresa del despacho.<\/span><\/p>\n<p><span style=\"color: #000000;\">El incumplimiento de esta prohibici\u00f3n puede incurrir en la responsabilidad civil y \/ o penal de su autor.<\/span><\/p>\n<p><span style=\"color: #000000;\">El despacho se reserva el derecho de emprender acciones legales contra cualquier persona que incumpla estas disposiciones.<\/span><\/p>\n<p>&nbsp;<\/p>\n<p><span style=\"color: #000000;\"><b><i>Responsabilidad:<\/i><\/b><\/span><\/p>\n<p><span style=\"color: #000000;\">La informaci\u00f3n proporcionada a traves del sitio web herreracesareo.com no tiene caracter contractual, sino un fin exclusivamente informativo. La pagina web y los datos que contiene, asimismo que la informaci\u00f3n y la documentacion que proporciona, sirven exclusivamente, a<span class=\"Apple-converted-space\">\u00a0 <\/span>informar el Usuario de manera general sobre el despacho y la profesi\u00f3n de abogado. No se deben considerar como un asesoramiento legal, una solicitud comercial ni tampoco como una oferta de servicios.<\/span><\/p>\n<p><span style=\"color: #000000;\">La informaci\u00f3n contenida en el sitio puede ser modificada y actualizada en cualquier momento sin previo aviso.<\/span><\/p>\n<p><span style=\"color: #000000;\">A pesar de toda la atenci\u00f3n y rigor aportados al sitio web, podria ocurrir que ciertos datos e informaciones presentes en la pagina web, sean inexactos, equivocados o hayan sido omitidos.<\/span><\/p>\n<p><span style=\"color: #000000;\">Cada usuario es el \u00fanico responsable del uso y de la interpretaci\u00f3n que hace de la informaci\u00f3n proporcionada por el sitio. En ning\u00fan caso, el despacho o el Director de Publicaciones podran ser considerados responsables de los da\u00f1os o perjuicios directos o indirectos, que puedan derivarse de estos.<\/span><\/p>\n<p><span style=\"color: #000000;\">Se descarta tambien toda responsabilidad, en caso de intrusiones ilicitas a trav\u00e9s de programas da\u00f1inos como pueden ser los virus inform\u00e1ticos y similares, que podr\u00edan infectar el ordenador o el material inform\u00e1tico del usuario, tras usar o acceder a la p\u00e1gina web herreracesareo.com.<\/span><\/p>\n<p><span style=\"color: #000000;\">El sitio puede incluir enlaces a otros sitios web que pertenecen a terceros. Estos sitios, se rigen por sus propias reglas de uso, privacidad y seguridad, las cuales pueden diferir de las del despacho. La firma no podra ser considerada responsable del contenido ni de las pr\u00e1cticas de estos sitios.<\/span><\/p>\n<p><span style=\"color: #000000;\">En principio se puede acceder a la pagina web herreracesareo.com, 7 d\u00edas a la semana y las 24 horas del d\u00eda, sin perjuicio de las interrupciones necesarias para el mantenimiento t\u00e9cnico, la conservaci\u00f3n y las operaciones de actualizaci\u00f3n o modificaci\u00f3n que el despacho considere necesarias llevar a cabo, las relacionadas con un caso de fuerza mayor o por cualquier otro motivo.\u00a0<\/span><\/p>\n<p>&nbsp;<\/p>\n<p><em><strong><span style=\"color: #000000;\">Pol\u00edtica de privacidad<\/span><\/strong><\/em><\/p>\n<p><span style=\"color: #000000;\">En el curso de su actividad, el despacho puede recopilar y procesar los datos personales de sus clientes, socios y clientes potenciales (transmitidos o recopilados a trav\u00e9s del sitio web).<\/span><\/p>\n<p><span style=\"color: #000000;\">La recopilacion y el tratamiento de estos datos personales deben respetar la normativa aplicable (en particular el Reglamento (UE) 2016\/679 del Parlamento Europeo y del Consejo, de 27 de abril de 2016, conocido como Reglamento General de Protecci\u00f3n de Datos (RGPD)) y las normas deontologicas de la profesi\u00f3n de abogados.<\/span><\/p>\n<p><span style=\"color: #000000;\">Al utilizar el sitio usted acepta esta pol\u00edtica, que puede ser modificada en cualquier momento por el despacho. Por lo tanto, le aconsejamos que compruebe regularmente si han habido cambios o actualizaciones.\u00a0<\/span><\/p>\n<p>&nbsp;<\/p>\n<p><span style=\"color: #000000;\"><b>LOS DATOS PERSONALES RECOPILADOS :<\/b><\/span><\/p>\n<p><span style=\"color: #000000;\">No es obligatorio comunicar datos personales para poder consultar la pagina web.<span class=\"Apple-converted-space\">\u00a0<\/span><\/span><\/p>\n<p><span style=\"color: #000000;\">Sin embargo, podemos recopilar y procesar sus datos personales para realizar nuestra oferta de servicios, sobretodo si usted se pone en contacto con nosotros, solicita informaci\u00f3n o nos plantea los problemas encontrados.<span class=\"Apple-converted-space\">\u00a0<\/span><\/span><\/p>\n<p><span style=\"color: #000000;\">La mayor\u00eda de los datos personales recopilados se env\u00edan de manera voluntaria :<\/span><\/p>\n<ul>\n<li><span style=\"color: #000000;\">los datos de contacto (nombre, apellidos, direcci\u00f3n de correo electr\u00f3nico, profesi\u00f3n, etc.),<\/span><\/li>\n<li><span style=\"color: #000000;\">informaci\u00f3n relativa a la situaci\u00f3n profesional (nombre del empleador, cargo, etc.)<span class=\"Apple-converted-space\">\u00a0<\/span><\/span><\/li>\n<li><span style=\"color: #000000;\">o informaci\u00f3nes de orden economico, en particular con fines de pago,<\/span><\/li>\n<li><span style=\"color: #000000;\">o datos m\u00e1s sensibles, como son los relativos al estado de salud o a las condenas penales,<\/span><\/li>\n<li><span style=\"color: #000000;\">y, de manera m\u00e1s general, cualquier otro dato personal transmitido en el marco de la ejecucion de nuestros servicios.<\/span><\/li>\n<\/ul>\n<p>&nbsp;<\/p>\n<p><span style=\"color: #000000;\"><b>LAS COOKIES:<\/b><\/span><\/p>\n<p><span style=\"color: #000000;\">Cuando usted navega por la pagina web, el despacho puede recopilar, de conformidad con la legislaci\u00f3n aplicable y con su consentimiento previo cuando sea necesario, informaci\u00f3n relativa a sus terminales o redes desde las que usted accede al sitio, como por ejemplo: Direcciones IP, datos de conexi\u00f3n, tipos y versiones de navegadores web utilizados, tipos y versiones de plugins en su navegador, sistemas y plataformas operativas, datos relativos a su experiencia de navegaci\u00f3n en el sitio, incluida su experiencia en las distintas p\u00e1ginas del sitio, el contenido que ve, los t\u00e9rminos de b\u00fasqueda utilizados, el tiempo dedicado a la visualizaci\u00f3n de determinadas p\u00e1ginas, las interacciones con la p\u00e1gina y los n\u00fameros de tel\u00e9fono utilizados para contactar con nosotros.<span class=\"Apple-converted-space\">\u00a0<\/span><\/span><\/p>\n<p><span style=\"color: #000000;\">Entre las tecnolog\u00edas utilizadas para recopilar esta informaci\u00f3n, utilizamos cookies, que son peque\u00f1os archivos de letras y n\u00fameros que se descargan en su dispositivo cuando usted accede al sitio.<span class=\"Apple-converted-space\">\u00a0<\/span><\/span><\/p>\n<p>&nbsp;<\/p>\n<p><span style=\"color: #000000;\"><b>Presentaci\u00f3n de las cookies utilizadas\u00a0:<\/b><\/span><\/p>\n<p><span style=\"color: #000000;\">Estas cookies pueden ser de diferentes tipos:<span class=\"Apple-converted-space\">\u00a0<\/span><\/span><\/p>\n<p><span style=\"color: #000000;\">&#8211; Cookies de funccionalidad y cookies necesarias para el funcionamiento de la pagina web : son necesarias para el buen funcionamiento del sitio, as\u00ed como para acceder a sus caracter\u00edsticas y garantizar su comodidad de navegaci\u00f3n. Tambi\u00e9n pueden permitir que la visualizaci\u00f3n del sitio se adapte a las preferencias de su dispositivo y al software de visualizaci\u00f3n instalado en su dispositivo.<span class=\"Apple-converted-space\">\u00a0<\/span><\/span><\/p>\n<p><span style=\"color: #000000;\">&#8211; Cookies anal\u00edticas : su finalidad es conocer la frecuencia, uso y rendimiento del sitio, as\u00ed como mejorar su funcionamiento y ergonom\u00eda (por ejemplo, las p\u00e1ginas m\u00e1s consultadas, las b\u00fasquedas de los visitantes, etc&#8230;.).<\/span><\/p>\n<p>&nbsp;<\/p>\n<p><span style=\"color: #000000;\"><b>Gesti\u00f3n de cookies:<\/b><\/span><\/p>\n<p><span style=\"color: #000000;\">A menos que usted decida desactivar las cookies como se describe a continuaci\u00f3n, su uso continuado de la pagina web expresa su consentimiento para el uso de cookies.<\/span><\/p>\n<p><span style=\"color: #000000;\">Usted puede desactivar el uso de cookies en cualquier momento y de forma gratuita mediante la selecci\u00f3n de la configuraci\u00f3n adecuada de su navegador.<span class=\"Apple-converted-space\">\u00a0<\/span><\/span><\/p>\n<p><span style=\"color: #000000;\">Como los pasos a seguir son diferentes para cada navegador, puede encontrar instrucciones en el men\u00fa \u00abAyuda\u00bb de su navegador, en la secci\u00f3n \u00abVos traces\u00bb del sitio web www.cnil.fr (Commission Nationale de l&#8217;Informatique &amp; des Libert\u00e9s), as\u00ed como en el sitio web http:\/\/www.cookiepedia.co.uk\/index.php?title=How_to_Manage_Cookies o en el sitio web http:\/\/www.aboutcookies.org\/<span class=\"Apple-converted-space\">\u00a0<\/span><\/span><\/p>\n<p><span style=\"color: #000000;\">Sin embargo, le informamos que dicha desactivaci\u00f3n puede impedir el uso de ciertas caracter\u00edsticas del sitio.<\/span><\/p>\n<p>&nbsp;<\/p>\n<p><span style=\"color: #000000;\"><b>LA FINALIDAD DE LOS DATOS PERSONALES TRATADOS :<\/b><\/span><\/p>\n<p><span style=\"color: #000000;\">Los datos personales recopilados en el sitio se procesan principalmente para los siguientes fines:<\/span><\/p>\n<p><span style=\"color: #000000;\">&#8211; Gesti\u00f3n de suscripciones a newsletters y otras comunicaciones del despacho;<span class=\"Apple-converted-space\">\u00a0<\/span><\/span><\/p>\n<p><span style=\"color: #000000;\">&#8211; Tramitaci\u00f3n de las solicitudes de los usuarios a trav\u00e9s del sitio (consultas, asistencia legal, asesoramiento juridico, negociaciones, etc.),<\/span><\/p>\n<p><span style=\"color: #000000;\">&#8211; Facturaci\u00f3n, gesti\u00f3n de cuentas de clientes, impagados y litigios,<\/span><\/p>\n<p><span style=\"color: #000000;\">&#8211; Cumplir con nuestras obligaciones legales y reglamentarias,<\/span><\/p>\n<p><span style=\"color: #000000;\">&#8211; Mejora del contenido y de la navegabilidad del Sitio.<\/span><\/p>\n<p><span style=\"color: #000000;\"><b><span class=\"Apple-converted-space\">\u00a0<\/span><\/b><\/span><\/p>\n<p><span style=\"color: #000000;\"><b>LA COMUNICACI\u00d3N DE DATOS PERSONALES:<\/b><\/span><\/p>\n<p><span style=\"color: #000000;\">Los datos recopilados est\u00e1n destinados exclusivamente al uso del despacho.<span class=\"Apple-converted-space\">\u00a0<\/span><\/span><\/p>\n<p><span style=\"color: #000000;\">Si es necesario, la firma puede compartirlos con los abogados \u00absocios y colaboradores\u00bb del despacho<\/span><\/p>\n<p><span style=\"color: #000000;\">Los datos personales tambi\u00e9n podr\u00e1n ser transmitidos, en la medida en que sea necesario, a cualquier tercero implicado en la realizaci\u00f3n de las tareas que se nos encomienden (corresponsales locales, expertos, traductores, etc.), a nuestros proveedores de servicios, a nuestros proveedores de comunicaci\u00f3n y a las instituciones y autoridades judiciales.<\/span><\/p>\n<p><span style=\"color: #000000;\">En caso necesario, estos datos ser\u00e1n compartidos con las autoridades o tribunales competentes, en particular para cumplir con nuestras obligaciones legales y reglamentarias. En este caso, tomaremos todas las medidas necesarias para informarle con antelaci\u00f3n, al no ser que la normativa lo proh\u00edba.<\/span><\/p>\n<p>&nbsp;<\/p>\n<p><span style=\"color: #000000;\"><b>LA RETENCI\u00d3N DE DATOS:<\/b><\/span><\/p>\n<p><span style=\"color: #000000;\">Los datos personales tratados s\u00f3lo se conservan durante el tiempo necesario a las operaciones para las que fueron recopilados y en cumplimiento de la normativa vigente. De este modo, los datos relativos a nuestros clientes se conservaran a lo largo de la relaci\u00f3n contractual, incrementada en tres a\u00f1os con fines de animaci\u00f3n y prospecci\u00f3n, sin perjuicio de las obligaciones de conservaci\u00f3n o de los plazos de prescripci\u00f3n. Los datos relativos a los posibles clientes se conservan durante un per\u00edodo de tres a\u00f1os a partir del \u00faltimo contacto con el despacho.<\/span><\/p>\n<p><span style=\"color: #000000;\">La informaci\u00f3n almacenada bajo los cookies, o cualquier otro elemento utilizado para identificarle y permitir su trazabilidad, as\u00ed como los datos de asistencia en bruto que asocian un identificador, no se almacenar\u00e1n durante m\u00e1s de trece meses.<\/span><\/p>\n<p>&nbsp;<\/p>\n<p><span style=\"color: #000000;\"><b>EL RESPONSABLE DEL TRATAMIENTO DE LOS DATOS PERSONALES RECOPILADOS Y TRATADOS<span class=\"Apple-converted-space\">\u00a0<\/span><\/b><\/span><\/p>\n<p><span style=\"color: #000000;\">Federico HERRERA CESAREO (abogado fundador del despacho) es el responsable del tratamiento de los datos personales recopilados y tratados.<\/span><\/p>\n<p><span style=\"color: #000000;\">Puede ponerse en contacto con \u00e9l en la siguiente direcci\u00f3n:<\/span><\/p>\n<p><span style=\"color: #000000;\">Por correo: 78 rue des Saints P\u00e8res, 75007 PAR\u00cdS<\/span><\/p>\n<p><span style=\"color: #000000;\">Tel: 01 43 17 30 97 \/ Fax. 01 43 17 30 89 \/<span class=\"Apple-converted-space\">\u00a0<\/span><\/span><\/p>\n<p><span style=\"color: #000000;\">Email: f.herrera@herreracesareo.com<\/span><\/p>\n<p>&nbsp;<\/p>\n<p><span style=\"color: #000000;\"><b>SUS DERECHOS :<\/b><\/span><\/p>\n<p><span style=\"color: #000000;\">De conformidad con los art\u00edculos 15 a 22 del Reglamento General de Protecci\u00f3n de Datos del 27 de abril de 2016, cualquier persona f\u00edsica, que pueda probar su identidad, tiene derecho a acceder, rectificar, suprimir y oponerse a la portabilidad de sus datos personales y solicitar la limitaci\u00f3n del procesamiento de datos.<\/span><\/p>\n<p><span style=\"color: #000000;\">Los interesados tambi\u00e9n tienen derecho a presentar una denuncia ante la CNIL, cuya p\u00e1gina web se encuentra en http:\/\/www.cnil.fr y cuya sede se encuentra\u00a0: 3 Place de Fontenoy, 75007 Par\u00eds.<\/span><\/p>\n<p><span style=\"color: #000000;\">En los procesamientos de datos efectuados sobre la base de un consentimiento, los interesados podr\u00e1n revocar dicho consentimiento en cualquier momento.<\/span><\/p>\n<p><span style=\"color: #000000;\">Estos derechos podr\u00e1n ser ejercitados previa solicitud al responsable del fichero, D. Federico HERRERA CESAREO.<\/span><\/p>\n<p>&nbsp;<\/p>\n<p><span style=\"color: #000000;\"><b>ENLACES A SITIOS WEB DE TERCEROS :<\/b><\/span><\/p>\n<p><span style=\"color: #000000;\">Nuestra pagina web puede incluir enlaces a sitios web de terceros, que se rigen por sus propias pol\u00edticas de privacidad, t\u00e9rminos de uso y medidas de seguridad, las cuales pueden diferir de las nuestras. El despacho HERRERA CESAREO no se responsabiliza por el contenido ni las pr\u00e1cticas de estos sitios web. Por lo tanto, se recomienda que revisen su pol\u00edtica de privacidad antes de enviarles informaci\u00f3n o datos personales.<\/span><\/p>\n","protected":false},"excerpt":{"rendered":"<p>Aviso legal &nbsp; Nombre del sitio web: http:\/\/www.herreracesareo.com Director de la publicaci\u00f3n: M. HERRERA CESAREO  [&#8230;]<\/p>\n","protected":false},"author":1,"featured_media":0,"parent":0,"menu_order":0,"comment_status":"closed","ping_status":"closed","template":"","meta":{"footnotes":""},"class_list":["post-1650","page","type-page","status-publish","hentry"],"yoast_head":"<!-- This site is optimized with the Yoast SEO plugin v27.3 - https:\/\/yoast.com\/product\/yoast-seo-wordpress\/ -->\n<title>Aviso legal y pol\u00edtica de privacidad - Herrera Cesareo Avocats<\/title>\n<meta name=\"robots\" content=\"index, follow, max-snippet:-1, max-image-preview:large, max-video-preview:-1\" \/>\n<link rel=\"canonical\" href=\"https:\/\/herreracesareo.com\/es\/aviso-legal-y-politica-de-privacidad\/\" \/>\n<meta property=\"og:locale\" content=\"es_ES\" \/>\n<meta property=\"og:type\" content=\"article\" \/>\n<meta property=\"og:title\" content=\"Aviso legal y pol\u00edtica de privacidad - Herrera Cesareo Avocats\" \/>\n<meta property=\"og:description\" content=\"Aviso legal &nbsp; Nombre del sitio web: http:\/\/www.herreracesareo.com Director de la publicaci\u00f3n: M. HERRERA CESAREO [...]\" \/>\n<meta property=\"og:url\" content=\"https:\/\/herreracesareo.com\/es\/aviso-legal-y-politica-de-privacidad\/\" \/>\n<meta property=\"og:site_name\" content=\"Herrera Cesareo Avocats\" \/>\n<meta property=\"article:modified_time\" content=\"2026-02-16T10:24:34+00:00\" \/>\n<meta name=\"twitter:card\" content=\"summary_large_image\" \/>\n<meta name=\"twitter:label1\" content=\"Tiempo de lectura\" \/>\n\t<meta name=\"twitter:data1\" content=\"9 minutos\" \/>\n<script type=\"application\/ld+json\" class=\"yoast-schema-graph\">{\"@context\":\"https:\\\/\\\/schema.org\",\"@graph\":[{\"@type\":\"WebPage\",\"@id\":\"https:\\\/\\\/herreracesareo.com\\\/es\\\/aviso-legal-y-politica-de-privacidad\\\/\",\"url\":\"https:\\\/\\\/herreracesareo.com\\\/es\\\/aviso-legal-y-politica-de-privacidad\\\/\",\"name\":\"Aviso legal y pol\u00edtica de privacidad - Herrera Cesareo Avocats\",\"isPartOf\":{\"@id\":\"https:\\\/\\\/herreracesareo.com\\\/#website\"},\"datePublished\":\"2018-08-20T16:48:04+00:00\",\"dateModified\":\"2026-02-16T10:24:34+00:00\",\"breadcrumb\":{\"@id\":\"https:\\\/\\\/herreracesareo.com\\\/es\\\/aviso-legal-y-politica-de-privacidad\\\/#breadcrumb\"},\"inLanguage\":\"es\",\"potentialAction\":[{\"@type\":\"ReadAction\",\"target\":[\"https:\\\/\\\/herreracesareo.com\\\/es\\\/aviso-legal-y-politica-de-privacidad\\\/\"]}]},{\"@type\":\"BreadcrumbList\",\"@id\":\"https:\\\/\\\/herreracesareo.com\\\/es\\\/aviso-legal-y-politica-de-privacidad\\\/#breadcrumb\",\"itemListElement\":[{\"@type\":\"ListItem\",\"position\":1,\"name\":\"Portada\",\"item\":\"https:\\\/\\\/herreracesareo.com\\\/es\\\/\"},{\"@type\":\"ListItem\",\"position\":2,\"name\":\"Aviso legal y pol\u00edtica de privacidad\"}]},{\"@type\":\"WebSite\",\"@id\":\"https:\\\/\\\/herreracesareo.com\\\/#website\",\"url\":\"https:\\\/\\\/herreracesareo.com\\\/\",\"name\":\"Herrera Cesareo Avocats\",\"description\":\"C&#039;est un site de cabinet d&#039;avocats bilingue en fran\u00e7ais et en espagnol qui offre ses services aux particuliers et aux entreprises en France.\",\"potentialAction\":[{\"@type\":\"SearchAction\",\"target\":{\"@type\":\"EntryPoint\",\"urlTemplate\":\"https:\\\/\\\/herreracesareo.com\\\/?s={search_term_string}\"},\"query-input\":{\"@type\":\"PropertyValueSpecification\",\"valueRequired\":true,\"valueName\":\"search_term_string\"}}],\"inLanguage\":\"es\"}]}<\/script>\n<!-- \/ Yoast SEO plugin. -->","yoast_head_json":{"title":"Aviso legal y pol\u00edtica de privacidad - Herrera Cesareo Avocats","robots":{"index":"index","follow":"follow","max-snippet":"max-snippet:-1","max-image-preview":"max-image-preview:large","max-video-preview":"max-video-preview:-1"},"canonical":"https:\/\/herreracesareo.com\/es\/aviso-legal-y-politica-de-privacidad\/","og_locale":"es_ES","og_type":"article","og_title":"Aviso legal y pol\u00edtica de privacidad - Herrera Cesareo Avocats","og_description":"Aviso legal &nbsp; Nombre del sitio web: http:\/\/www.herreracesareo.com Director de la publicaci\u00f3n: M. HERRERA CESAREO [...]","og_url":"https:\/\/herreracesareo.com\/es\/aviso-legal-y-politica-de-privacidad\/","og_site_name":"Herrera Cesareo Avocats","article_modified_time":"2026-02-16T10:24:34+00:00","twitter_card":"summary_large_image","twitter_misc":{"Tiempo de lectura":"9 minutos"},"schema":{"@context":"https:\/\/schema.org","@graph":[{"@type":"WebPage","@id":"https:\/\/herreracesareo.com\/es\/aviso-legal-y-politica-de-privacidad\/","url":"https:\/\/herreracesareo.com\/es\/aviso-legal-y-politica-de-privacidad\/","name":"Aviso legal y pol\u00edtica de privacidad - Herrera Cesareo Avocats","isPartOf":{"@id":"https:\/\/herreracesareo.com\/#website"},"datePublished":"2018-08-20T16:48:04+00:00","dateModified":"2026-02-16T10:24:34+00:00","breadcrumb":{"@id":"https:\/\/herreracesareo.com\/es\/aviso-legal-y-politica-de-privacidad\/#breadcrumb"},"inLanguage":"es","potentialAction":[{"@type":"ReadAction","target":["https:\/\/herreracesareo.com\/es\/aviso-legal-y-politica-de-privacidad\/"]}]},{"@type":"BreadcrumbList","@id":"https:\/\/herreracesareo.com\/es\/aviso-legal-y-politica-de-privacidad\/#breadcrumb","itemListElement":[{"@type":"ListItem","position":1,"name":"Portada","item":"https:\/\/herreracesareo.com\/es\/"},{"@type":"ListItem","position":2,"name":"Aviso legal y pol\u00edtica de privacidad"}]},{"@type":"WebSite","@id":"https:\/\/herreracesareo.com\/#website","url":"https:\/\/herreracesareo.com\/","name":"Herrera Cesareo Avocats","description":"C&#039;est un site de cabinet d&#039;avocats bilingue en fran\u00e7ais et en espagnol qui offre ses services aux particuliers et aux entreprises en France.","potentialAction":[{"@type":"SearchAction","target":{"@type":"EntryPoint","urlTemplate":"https:\/\/herreracesareo.com\/?s={search_term_string}"},"query-input":{"@type":"PropertyValueSpecification","valueRequired":true,"valueName":"search_term_string"}}],"inLanguage":"es"}]}},"jetpack_sharing_enabled":true,"_links":{"self":[{"href":"https:\/\/herreracesareo.com\/es\/wp-json\/wp\/v2\/pages\/1650","targetHints":{"allow":["GET"]}}],"collection":[{"href":"https:\/\/herreracesareo.com\/es\/wp-json\/wp\/v2\/pages"}],"about":[{"href":"https:\/\/herreracesareo.com\/es\/wp-json\/wp\/v2\/types\/page"}],"author":[{"embeddable":true,"href":"https:\/\/herreracesareo.com\/es\/wp-json\/wp\/v2\/users\/1"}],"replies":[{"embeddable":true,"href":"https:\/\/herreracesareo.com\/es\/wp-json\/wp\/v2\/comments?post=1650"}],"version-history":[{"count":7,"href":"https:\/\/herreracesareo.com\/es\/wp-json\/wp\/v2\/pages\/1650\/revisions"}],"predecessor-version":[{"id":1953,"href":"https:\/\/herreracesareo.com\/es\/wp-json\/wp\/v2\/pages\/1650\/revisions\/1953"}],"wp:attachment":[{"href":"https:\/\/herreracesareo.com\/es\/wp-json\/wp\/v2\/media?parent=1650"}],"curies":[{"name":"wp","href":"https:\/\/api.w.org\/{rel}","templated":true}]}}