{"id":1655,"date":"2018-04-02T18:23:25","date_gmt":"2018-04-02T18:23:25","guid":{"rendered":"http:\/\/herreracesareo.com\/modalites-d-interventions\/"},"modified":"2026-04-16T07:53:40","modified_gmt":"2026-04-16T07:53:40","slug":"oferta-de-servicios","status":"publish","type":"page","link":"https:\/\/herreracesareo.com\/es\/oferta-de-servicios\/","title":{"rendered":"Oferta de servicios"},"content":{"rendered":"<p><div class=\"fusion-fullwidth fullwidth-box fusion-builder-row-1 nonhundred-percent-fullwidth non-hundred-percent-height-scrolling\" style=\"--awb-border-radius-top-left:0px;--awb-border-radius-top-right:0px;--awb-border-radius-bottom-right:0px;--awb-border-radius-bottom-left:0px;--awb-margin-bottom:40px;--awb-background-color:rgba(255,255,255,0);--awb-flex-wrap:wrap;\" ><div class=\"fusion-builder-row fusion-row\"><div class=\"fusion-layout-column fusion_builder_column fusion-builder-column-0 fusion_builder_column_1_1 1_1 fusion-one-full fusion-column-first fusion-column-last\" style=\"--awb-bg-size:cover;--awb-margin-bottom:0px;\"><div class=\"fusion-column-wrapper fusion-flex-column-wrapper-legacy\"><div class=\"fusion-text fusion-text-1\"><h1 style=\"text-align: center;\" data-fontsize=\"40\" data-lineheight=\"40\"><span style=\"color: #ffffff;\">Nuestra oferta de servicios<\/span><\/h1>\n<p style=\"text-align: center;\"><span style=\"color: #ffffff;\">Nuestros clientes pueden recurrir a nuestros servicios en cualquier momento, de acuerdo con sus necesidades. Intervenimos tanto antes como durante cualquier disputa o<span style=\"color: #ccffcc;\"> <a style=\"color: #ccffcc;\" href=\"https:\/\/herreracesareo.com\/es\/derecho-mercantil-y-contratos\/\">litigio<\/a>.<\/span><\/span><\/p>\n<p style=\"text-align: center;\"><span style=\"color: #ffffff;\">Nuestro despacho asesora, representa y defiende a sus clientes.<\/span><\/p>\n<p style=\"text-align: center;\"><span style=\"color: #ffffff;\"><strong>Nos comprometemos a buscar siempre la soluci\u00f3n m\u00e1s adecuada, la m\u00e1s r\u00e1pida y la menos costosa para usted.<\/strong><\/span><\/p>\n<\/div><div class=\"fusion-clearfix\"><\/div><\/div><\/div><\/div><\/div><div class=\"fusion-fullwidth fullwidth-box fusion-builder-row-2 nonhundred-percent-fullwidth non-hundred-percent-height-scrolling fusion-equal-height-columns\" style=\"--awb-border-radius-top-left:0px;--awb-border-radius-top-right:0px;--awb-border-radius-bottom-right:0px;--awb-border-radius-bottom-left:0px;--awb-padding-top:0px;--awb-padding-right:20px;--awb-padding-bottom:0px;--awb-padding-left:20px;--awb-margin-top:10px;--awb-margin-bottom:40px;--awb-background-color:transparent;--awb-flex-wrap:wrap;\" ><div class=\"fusion-builder-row fusion-row\"><div class=\"fusion-layout-column fusion_builder_column fusion-builder-column-1 fusion_builder_column_1_1 1_1 fusion-one-full fusion-column-first fusion-column-last\" style=\"--awb-bg-size:cover;--awb-margin-bottom:0px;\"><div class=\"fusion-column-wrapper fusion-flex-column-wrapper-legacy\"><div class=\"fusion-column-content-centered\"><div class=\"fusion-column-content\"><div class=\"fusion-builder-row fusion-builder-row-inner fusion-row\"><div class=\"fusion-layout-column fusion_builder_column_inner fusion-builder-nested-column-0 fusion_builder_column_inner_1_2 1_2 fusion-one-half fusion-column-first fusion-animated\" style=\"--awb-padding-top:15px;--awb-padding-right:30px;--awb-padding-bottom:30px;--awb-padding-left:30px;--awb-bg-color:#ffffff;--awb-bg-color-hover:#ffffff;--awb-bg-image:url(&#039;http:\/\/herreracesareo.com\/wp-content\/uploads\/2018\/12\/information-et-conseil-juridique-2.jpg&#039;);--awb-bg-position:right bottom;--awb-bg-size:cover;--awb-border-color:#000;--awb-border-top:1px;--awb-border-right:1px;--awb-border-bottom:1px;--awb-border-left:1px;--awb-border-style:solid;--awb-margin-bottom:20px;width:50%;width:calc(50% - ( ( 50px ) * 0.5 ) );margin-right: 50px;\" data-animationType=\"fadeInUp\" data-animationDuration=\"1.0\" data-animationOffset=\"top-into-view\"><div class=\"fusion-column-wrapper fusion-flex-column-wrapper-legacy fusion-column-has-bg-image\" data-bg-url=\"http:\/\/herreracesareo.com\/wp-content\/uploads\/2018\/12\/information-et-conseil-juridique-2.jpg\"><div class=\"fusion-text fusion-text-2\"><h3><span style=\"color: #000000;\">Informaci\u00f3n y asesoramiento jur\u00eddico<\/span><\/h3>\n<p><span style=\"color: #000000;\">Informamos y asesoramos a nuestros clientes durante el lanzamiento y el desarrollo de sus proyectos y actividades, respondiendo a cualquier pregunta legal.<\/span><\/p>\n<\/div><div class=\"fusion-sep-clear\"><\/div><div class=\"fusion-separator fusion-full-width-sep\" style=\"margin-left: auto;margin-right: auto;margin-top:20px;margin-bottom:20px;width:100%;\"><\/div><div class=\"fusion-sep-clear\"><\/div><div class=\"fusion-button-wrapper\"><a class=\"fusion-button button-flat button-large button-custom fusion-button-default button-1 fusion-button-default-span fusion-animated\" style=\"--button_accent_color:#000000;--button_border_color:#000000;--button_accent_hover_color:#999999;--button_border_hover_color:#999999;--button_gradient_top_color:transparent;--button_gradient_bottom_color:transparent;--button_gradient_top_color_hover:rgba(150,195,70,0);--button_gradient_bottom_color_hover:rgba(150,195,70,0);--button_text_transform:none;\" data-animationType=\"fadeInRight\" data-animationDuration=\"1.0\" data-animationOffset=\"top-into-view\" target=\"_self\" href=\"http:\/\/herreracesareo.com\/es\/informacion-y-asesoramiento-juridico\/\"><span class=\"fusion-button-text awb-button__text awb-button__text--default\">Consulta jur\u00eddica \u2013 Abogado en Par\u00eds<\/span><\/a><\/div><div class=\"fusion-clearfix\"><\/div><\/div><\/div><div class=\"fusion-layout-column fusion_builder_column_inner fusion-builder-nested-column-1 fusion_builder_column_inner_1_2 1_2 fusion-one-half fusion-column-last fusion-animated\" style=\"--awb-padding-top:15px;--awb-padding-right:30px;--awb-padding-bottom:30px;--awb-padding-left:30px;--awb-bg-color:#ffffff;--awb-bg-color-hover:#ffffff;--awb-bg-image:url(&#039;http:\/\/herreracesareo.com\/wp-content\/uploads\/2018\/12\/redaction-d-actes-1.jpg&#039;);--awb-bg-position:right bottom;--awb-bg-size:cover;--awb-border-color:#000;--awb-border-top:1px;--awb-border-right:1px;--awb-border-bottom:1px;--awb-border-left:1px;--awb-border-style:solid;width:50%;width:calc(50% - ( ( 50px ) * 0.5 ) );\" data-animationType=\"fadeInUp\" data-animationDuration=\"1.0\" data-animationOffset=\"top-into-view\"><div class=\"fusion-column-wrapper fusion-flex-column-wrapper-legacy fusion-column-has-bg-image\" data-bg-url=\"http:\/\/herreracesareo.com\/wp-content\/uploads\/2018\/12\/redaction-d-actes-1.jpg\"><div class=\"fusion-text fusion-text-3\"><h3><span style=\"color: #000000;\">Redacci\u00f3n de documentos legales y jur\u00eddicos<\/span><\/h3>\n<p><span style=\"color: #000000;\">Nuestro despacho elabora y redacta todo tipo de documentos relacionados con nuestras \u00e1reas de trabajo, as\u00ed como tambi\u00e9n revisa, verifica y modifica los escritos legales<span class=\"Apple-converted-space\">\u00a0 <\/span>aportados por nuestros clientes.<\/span><\/p>\n<\/div><div class=\"fusion-sep-clear\"><\/div><div class=\"fusion-separator fusion-full-width-sep\" style=\"margin-left: auto;margin-right: auto;margin-top:20px;margin-bottom:20px;width:100%;\"><\/div><div class=\"fusion-sep-clear\"><\/div><div class=\"fusion-button-wrapper\"><a class=\"fusion-button button-flat fusion-button-default-size button-custom fusion-button-default button-2 fusion-button-default-span fusion-button-default-type fusion-animated\" style=\"--button_accent_color:#000000;--button_border_color:#000000;--button_accent_hover_color:#999999;--button_border_hover_color:#999999;--button_gradient_top_color:rgba(160,206,78,0);--button_gradient_bottom_color:rgba(160,206,78,0);--button_gradient_top_color_hover:rgba(150,195,70,0);--button_gradient_bottom_color_hover:rgba(150,195,70,0);--button_text_transform:none;\" data-animationType=\"fadeInRight\" data-animationDuration=\"1.0\" data-animationOffset=\"top-into-view\" target=\"_self\" href=\"http:\/\/herreracesareo.com\/es\/redaccion-de-escritos-legales\/\"><span class=\"fusion-button-text awb-button__text awb-button__text--default\">Redacci\u00f3n de actos y contratos \u2013 Abogado Par\u00eds<\/span><\/a><\/div><div class=\"fusion-clearfix\"><\/div><\/div><\/div><\/div><\/div><\/div><div class=\"fusion-clearfix\"><\/div><\/div><\/div><\/div><\/div><div class=\"fusion-fullwidth fullwidth-box fusion-builder-row-3 nonhundred-percent-fullwidth non-hundred-percent-height-scrolling fusion-equal-height-columns\" style=\"--awb-border-radius-top-left:0px;--awb-border-radius-top-right:0px;--awb-border-radius-bottom-right:0px;--awb-border-radius-bottom-left:0px;--awb-padding-top:0px;--awb-padding-right:20px;--awb-padding-bottom:0px;--awb-padding-left:20px;--awb-margin-top:10px;--awb-margin-bottom:60px;--awb-background-color:transparent;--awb-flex-wrap:wrap;\" ><div class=\"fusion-builder-row fusion-row\"><div class=\"fusion-layout-column fusion_builder_column fusion-builder-column-2 fusion_builder_column_1_1 1_1 fusion-one-full fusion-column-first fusion-column-last\" style=\"--awb-bg-size:cover;--awb-margin-bottom:0px;\"><div class=\"fusion-column-wrapper fusion-flex-column-wrapper-legacy\"><div class=\"fusion-column-content-centered\"><div class=\"fusion-column-content\"><div class=\"fusion-builder-row fusion-builder-row-inner fusion-row\"><div class=\"fusion-layout-column fusion_builder_column_inner fusion-builder-nested-column-2 fusion_builder_column_inner_1_2 1_2 fusion-one-half fusion-column-first fusion-animated\" style=\"--awb-padding-top:15px;--awb-padding-right:30px;--awb-padding-bottom:30px;--awb-padding-left:30px;--awb-bg-color:#ffffff;--awb-bg-color-hover:#ffffff;--awb-bg-image:url(&#039;http:\/\/herreracesareo.com\/wp-content\/uploads\/2018\/12\/mediation-conciliation.jpg&#039;);--awb-bg-position:right bottom;--awb-bg-size:cover;--awb-border-color:#000;--awb-border-top:1px;--awb-border-right:1px;--awb-border-bottom:1px;--awb-border-left:1px;--awb-border-style:solid;--awb-margin-bottom:20px;width:50%;width:calc(50% - ( ( 50px ) * 0.5 ) );margin-right: 50px;\" data-animationType=\"fadeInUp\" data-animationDuration=\"1.0\" data-animationOffset=\"top-into-view\"><div class=\"fusion-column-wrapper fusion-flex-column-wrapper-legacy fusion-column-has-bg-image\" data-bg-url=\"http:\/\/herreracesareo.com\/wp-content\/uploads\/2018\/12\/mediation-conciliation.jpg\"><div class=\"fusion-text fusion-text-4\"><h3><span style=\"color: #000000;\">Resolucion amistosa de conflictos<\/span><\/h3>\n<p><span style=\"color: #000000;\">Nuestro despacho dispone de una amplia experiencia y profesionalidad en t\u00e9cnicas de negociaci\u00f3n. Facilitamos cuando es oportuno, la implementaci\u00f3n de procesos de resoluci\u00f3n amistosa de conflictos como son la negociaci\u00f3n, la <a href=\"https:\/\/herreracesareo.com\/es\/nuestros-compromisos\/\">mediaci\u00f3n o la conciliaci\u00f3n<\/a>. El socio fundador del despacho, Federico Herrera Cesareo es tambien mediador.<\/span><\/p>\n<\/div><div class=\"fusion-sep-clear\"><\/div><div class=\"fusion-separator fusion-full-width-sep\" style=\"margin-left: auto;margin-right: auto;margin-top:0px;margin-bottom:10px;width:100%;\"><\/div><div class=\"fusion-sep-clear\"><\/div><div class=\"fusion-button-wrapper\"><a class=\"fusion-button button-flat button-large button-custom fusion-button-default button-3 fusion-button-default-span fusion-animated\" style=\"--button_accent_color:#000000;--button_border_color:#000000;--button_accent_hover_color:#999999;--button_border_hover_color:#999999;--button_gradient_top_color:transparent;--button_gradient_bottom_color:transparent;--button_gradient_top_color_hover:rgba(150,195,70,0);--button_gradient_bottom_color_hover:rgba(150,195,70,0);--button_text_transform:none;\" data-animationType=\"fadeInRight\" data-animationDuration=\"1.0\" data-animationOffset=\"top-into-view\" target=\"_self\" href=\"https:\/\/herreracesareo.com\/es\/negociacion-mediacion-y-conciliacion\/\"><span class=\"fusion-button-text awb-button__text awb-button__text--default\">Mediaci\u00f3n y conciliaci\u00f3n \u2013 Resoluci\u00f3n amistosa Par\u00eds<\/span><\/a><\/div><div class=\"fusion-clearfix\"><\/div><\/div><\/div><div class=\"fusion-layout-column fusion_builder_column_inner fusion-builder-nested-column-3 fusion_builder_column_inner_1_2 1_2 fusion-one-half fusion-column-last fusion-animated\" style=\"--awb-padding-top:15px;--awb-padding-right:30px;--awb-padding-bottom:30px;--awb-padding-left:30px;--awb-bg-color:#ffffff;--awb-bg-color-hover:#ffffff;--awb-bg-image:url(&#039;http:\/\/herreracesareo.com\/wp-content\/uploads\/2018\/12\/assistance-representation-defense-juridique.jpg&#039;);--awb-bg-position:right bottom;--awb-bg-size:cover;--awb-border-color:#000;--awb-border-top:1px;--awb-border-right:1px;--awb-border-bottom:1px;--awb-border-left:1px;--awb-border-style:solid;width:50%;width:calc(50% - ( ( 50px ) * 0.5 ) );\" data-animationType=\"fadeInUp\" data-animationDuration=\"1.0\" data-animationOffset=\"top-into-view\"><div class=\"fusion-column-wrapper fusion-flex-column-wrapper-legacy fusion-column-has-bg-image\" data-bg-url=\"http:\/\/herreracesareo.com\/wp-content\/uploads\/2018\/12\/assistance-representation-defense-juridique.jpg\"><div class=\"fusion-text fusion-text-5\"><h3>Asistencia, representaci\u00f3n y defensa jur\u00eddica<\/h3>\n<p>Nuestro despacho, asesora,<span class=\"Apple-converted-space\">\u00a0 <\/span>representa y defiende a sus clientes ante cualquier autoridad, institucion,<span class=\"Apple-converted-space\">\u00a0 <\/span>comision, administracion o <a href=\"https:\/\/herreracesareo.com\/es\/derecho-penal\/\">tribunal<\/a> de Francia Metropolitana, de los Departamentos de Ultramar o de las Colectividades de Ultramar. Gracias a nuestros abogados asociados, nuestro alcance de intervenci\u00f3n puede extenderse a otros pa\u00edses, especialmente a Espa\u00f1a.<\/p>\n<\/div><div class=\"fusion-sep-clear\"><\/div><div class=\"fusion-separator fusion-full-width-sep\" style=\"margin-left: auto;margin-right: auto;margin-top:29px;margin-bottom:2px;width:100%;\"><\/div><div class=\"fusion-sep-clear\"><\/div><div class=\"fusion-button-wrapper\"><a class=\"fusion-button button-flat button-large button-custom fusion-button-default button-4 fusion-button-default-span fusion-animated\" style=\"--button_accent_color:#000000;--button_border_color:#000000;--button_accent_hover_color:#999999;--button_border_hover_color:#999999;--button_gradient_top_color:transparent;--button_gradient_bottom_color:transparent;--button_gradient_top_color_hover:rgba(150,195,70,0);--button_gradient_bottom_color_hover:rgba(150,195,70,0);--button_text_transform:none;\" data-animationType=\"fadeInRight\" data-animationDuration=\"1.0\" data-animationOffset=\"top-into-view\" target=\"_self\" href=\"http:\/\/herreracesareo.com\/es\/asistencia-representacion-y-defensa-juridica\/\"><span class=\"fusion-button-text awb-button__text awb-button__text--default\">Defensa judicial \u2013 Abogado espa\u00f1ol Par\u00eds y Francia<\/span><\/a><\/div><div class=\"fusion-clearfix\"><\/div><\/div><\/div><\/div><\/div><\/div><div class=\"fusion-clearfix\"><\/div><\/div><\/div><\/div><\/div><\/p>\n","protected":false},"excerpt":{"rendered":"","protected":false},"author":1,"featured_media":0,"parent":0,"menu_order":0,"comment_status":"closed","ping_status":"closed","template":"100-width.php","meta":{"footnotes":""},"class_list":["post-1655","page","type-page","status-publish","hentry"],"yoast_head":"<!-- This site is optimized with the Yoast SEO plugin v27.3 - https:\/\/yoast.com\/product\/yoast-seo-wordpress\/ -->\n<title>Oferta de servicios jur\u00eddicos en Francia \u2013 Herrera Cesareo<\/title>\n<meta name=\"description\" content=\"Asesoramiento, negociaci\u00f3n, mediaci\u00f3n y litigios judiciales. El despacho Herrera Cesareo interviene ante todos los tribunales franceses para particulares y empresas\" \/>\n<meta name=\"robots\" content=\"index, follow, max-snippet:-1, max-image-preview:large, max-video-preview:-1\" \/>\n<link rel=\"canonical\" href=\"https:\/\/herreracesareo.com\/es\/oferta-de-servicios\/\" \/>\n<meta property=\"og:locale\" content=\"es_ES\" \/>\n<meta property=\"og:type\" content=\"article\" \/>\n<meta property=\"og:title\" content=\"Oferta de servicios jur\u00eddicos en Francia \u2013 Herrera Cesareo\" \/>\n<meta property=\"og:description\" content=\"Asesoramiento, negociaci\u00f3n, mediaci\u00f3n y litigios judiciales. El despacho Herrera Cesareo interviene ante todos los tribunales franceses para particulares y empresas\" \/>\n<meta property=\"og:url\" content=\"https:\/\/herreracesareo.com\/es\/oferta-de-servicios\/\" \/>\n<meta property=\"og:site_name\" content=\"Herrera Cesareo Avocats\" \/>\n<meta property=\"article:modified_time\" content=\"2026-04-16T07:53:40+00:00\" \/>\n<meta name=\"twitter:card\" content=\"summary_large_image\" \/>\n<meta name=\"twitter:label1\" content=\"Tiempo de lectura\" \/>\n\t<meta name=\"twitter:data1\" content=\"2 minutos\" \/>\n<script type=\"application\/ld+json\" class=\"yoast-schema-graph\">{\"@context\":\"https:\\\/\\\/schema.org\",\"@graph\":[{\"@type\":\"WebPage\",\"@id\":\"https:\\\/\\\/herreracesareo.com\\\/es\\\/oferta-de-servicios\\\/\",\"url\":\"https:\\\/\\\/herreracesareo.com\\\/es\\\/oferta-de-servicios\\\/\",\"name\":\"Oferta de servicios jur\u00eddicos en Francia \u2013 Herrera Cesareo\",\"isPartOf\":{\"@id\":\"https:\\\/\\\/herreracesareo.com\\\/#website\"},\"datePublished\":\"2018-04-02T18:23:25+00:00\",\"dateModified\":\"2026-04-16T07:53:40+00:00\",\"description\":\"Asesoramiento, negociaci\u00f3n, mediaci\u00f3n y litigios judiciales. El despacho Herrera Cesareo interviene ante todos los tribunales franceses para particulares y empresas\",\"breadcrumb\":{\"@id\":\"https:\\\/\\\/herreracesareo.com\\\/es\\\/oferta-de-servicios\\\/#breadcrumb\"},\"inLanguage\":\"es\",\"potentialAction\":[{\"@type\":\"ReadAction\",\"target\":[\"https:\\\/\\\/herreracesareo.com\\\/es\\\/oferta-de-servicios\\\/\"]}]},{\"@type\":\"BreadcrumbList\",\"@id\":\"https:\\\/\\\/herreracesareo.com\\\/es\\\/oferta-de-servicios\\\/#breadcrumb\",\"itemListElement\":[{\"@type\":\"ListItem\",\"position\":1,\"name\":\"Portada\",\"item\":\"https:\\\/\\\/herreracesareo.com\\\/es\\\/\"},{\"@type\":\"ListItem\",\"position\":2,\"name\":\"Oferta de servicios\"}]},{\"@type\":\"WebSite\",\"@id\":\"https:\\\/\\\/herreracesareo.com\\\/#website\",\"url\":\"https:\\\/\\\/herreracesareo.com\\\/\",\"name\":\"Herrera Cesareo Avocats\",\"description\":\"C&#039;est un site de cabinet d&#039;avocats bilingue en fran\u00e7ais et en espagnol qui offre ses services aux particuliers et aux entreprises en France.\",\"potentialAction\":[{\"@type\":\"SearchAction\",\"target\":{\"@type\":\"EntryPoint\",\"urlTemplate\":\"https:\\\/\\\/herreracesareo.com\\\/?s={search_term_string}\"},\"query-input\":{\"@type\":\"PropertyValueSpecification\",\"valueRequired\":true,\"valueName\":\"search_term_string\"}}],\"inLanguage\":\"es\"}]}<\/script>\n<!-- \/ Yoast SEO plugin. -->","yoast_head_json":{"title":"Oferta de servicios jur\u00eddicos en Francia \u2013 Herrera Cesareo","description":"Asesoramiento, negociaci\u00f3n, mediaci\u00f3n y litigios judiciales. El despacho Herrera Cesareo interviene ante todos los tribunales franceses para particulares y empresas","robots":{"index":"index","follow":"follow","max-snippet":"max-snippet:-1","max-image-preview":"max-image-preview:large","max-video-preview":"max-video-preview:-1"},"canonical":"https:\/\/herreracesareo.com\/es\/oferta-de-servicios\/","og_locale":"es_ES","og_type":"article","og_title":"Oferta de servicios jur\u00eddicos en Francia \u2013 Herrera Cesareo","og_description":"Asesoramiento, negociaci\u00f3n, mediaci\u00f3n y litigios judiciales. El despacho Herrera Cesareo interviene ante todos los tribunales franceses para particulares y empresas","og_url":"https:\/\/herreracesareo.com\/es\/oferta-de-servicios\/","og_site_name":"Herrera Cesareo Avocats","article_modified_time":"2026-04-16T07:53:40+00:00","twitter_card":"summary_large_image","twitter_misc":{"Tiempo de lectura":"2 minutos"},"schema":{"@context":"https:\/\/schema.org","@graph":[{"@type":"WebPage","@id":"https:\/\/herreracesareo.com\/es\/oferta-de-servicios\/","url":"https:\/\/herreracesareo.com\/es\/oferta-de-servicios\/","name":"Oferta de servicios jur\u00eddicos en Francia \u2013 Herrera Cesareo","isPartOf":{"@id":"https:\/\/herreracesareo.com\/#website"},"datePublished":"2018-04-02T18:23:25+00:00","dateModified":"2026-04-16T07:53:40+00:00","description":"Asesoramiento, negociaci\u00f3n, mediaci\u00f3n y litigios judiciales. El despacho Herrera Cesareo interviene ante todos los tribunales franceses para particulares y empresas","breadcrumb":{"@id":"https:\/\/herreracesareo.com\/es\/oferta-de-servicios\/#breadcrumb"},"inLanguage":"es","potentialAction":[{"@type":"ReadAction","target":["https:\/\/herreracesareo.com\/es\/oferta-de-servicios\/"]}]},{"@type":"BreadcrumbList","@id":"https:\/\/herreracesareo.com\/es\/oferta-de-servicios\/#breadcrumb","itemListElement":[{"@type":"ListItem","position":1,"name":"Portada","item":"https:\/\/herreracesareo.com\/es\/"},{"@type":"ListItem","position":2,"name":"Oferta de servicios"}]},{"@type":"WebSite","@id":"https:\/\/herreracesareo.com\/#website","url":"https:\/\/herreracesareo.com\/","name":"Herrera Cesareo Avocats","description":"C&#039;est un site de cabinet d&#039;avocats bilingue en fran\u00e7ais et en espagnol qui offre ses services aux particuliers et aux entreprises en France.","potentialAction":[{"@type":"SearchAction","target":{"@type":"EntryPoint","urlTemplate":"https:\/\/herreracesareo.com\/?s={search_term_string}"},"query-input":{"@type":"PropertyValueSpecification","valueRequired":true,"valueName":"search_term_string"}}],"inLanguage":"es"}]}},"jetpack_sharing_enabled":true,"_links":{"self":[{"href":"https:\/\/herreracesareo.com\/es\/wp-json\/wp\/v2\/pages\/1655","targetHints":{"allow":["GET"]}}],"collection":[{"href":"https:\/\/herreracesareo.com\/es\/wp-json\/wp\/v2\/pages"}],"about":[{"href":"https:\/\/herreracesareo.com\/es\/wp-json\/wp\/v2\/types\/page"}],"author":[{"embeddable":true,"href":"https:\/\/herreracesareo.com\/es\/wp-json\/wp\/v2\/users\/1"}],"replies":[{"embeddable":true,"href":"https:\/\/herreracesareo.com\/es\/wp-json\/wp\/v2\/comments?post=1655"}],"version-history":[{"count":26,"href":"https:\/\/herreracesareo.com\/es\/wp-json\/wp\/v2\/pages\/1655\/revisions"}],"predecessor-version":[{"id":2928,"href":"https:\/\/herreracesareo.com\/es\/wp-json\/wp\/v2\/pages\/1655\/revisions\/2928"}],"wp:attachment":[{"href":"https:\/\/herreracesareo.com\/es\/wp-json\/wp\/v2\/media?parent=1655"}],"curies":[{"name":"wp","href":"https:\/\/api.w.org\/{rel}","templated":true}]}}