{"id":1665,"date":"2018-12-06T18:43:09","date_gmt":"2018-12-06T18:43:09","guid":{"rendered":"http:\/\/herreracesareo.com\/negotiation-mediation-et-conciliation\/"},"modified":"2026-04-10T12:53:52","modified_gmt":"2026-04-10T12:53:52","slug":"negociacion-mediacion-y-conciliacion","status":"publish","type":"page","link":"https:\/\/herreracesareo.com\/es\/negociacion-mediacion-y-conciliacion\/","title":{"rendered":"Resoluci\u00f3n amistosa de conflictos"},"content":{"rendered":"<h2><span style=\"color: #000000;\">Resoluci\u00f3n amistosa de conflictos\u00a0<\/span><\/h2>\n<p><span style=\"color: #000000;\">Los modos amistosos de resoluci\u00f3n de los conflictos y, en general, los modos alternativos de soluci\u00f3n de los conflictos, se desarrollan cada vez m\u00e1s.<br \/>\nLas recientes disposiciones legales alientan a los litigantes a utilizarlos, como la ley del 18 de noviembre de 2016.<br \/>\nNuestra firma siempre ha estado al tanto de estos medios no legales de resoluci\u00f3n de conflictos y\u00a0los implementamos con mucha regularidad, si es voluntad del cliente, siempre en su propio beneficio.<\/span><\/p>\n<p>Tradicionalmente se destacan 3 modos de resolucion amistosa de los conflictos:<\/p>\n<p><span style=\"color: #000000;\"><strong>1- Negociaci\u00f3n:<br \/>\n<\/strong>Nuestro despacho ayuda o representa a sus clientes en las negociaciones con la(s) parte(s) con quienes tienen una disputa.\u00a0En cualquier negociaci\u00f3n, los intereses en conflicto se oponen y, para superar esta dificultad y encontrar un terreno com\u00fan, las partes generalmente deben hacer concesiones rec\u00edprocas.\u00a0Una vez que son definidos los t\u00e9rminos del acuerdo, en principio se incluyen en un memorando de acuerdo transaccional, redactado por la firma (o uno de los abogados opositores) y firmado por las partes.<\/span><\/p>\n<p><span style=\"color: #000000;\"><strong>2- Mediaci\u00f3n:<br \/>\n<\/strong>La mediaci\u00f3n es un proceso estructurado en el que dos o m\u00e1s partes enfrentadas intentan voluntariamente llegar a un acuerdo sobre la resoluci\u00f3n de su litigio, con la asistencia de un mediador. Este proceso puede ser iniciado por las partes, previsto en un contrato, sugerido u ordenado por una jurisdicci\u00f3n o prescrito por la ley de un estado.\u00a0El mediador es un tercero neutral, independiente e imparcial, que garantiza y restablece el di\u00e1logo entre las partes.\u00a0El marco de la mediaci\u00f3n y la comunicaci\u00f3n encontrada, ayudan a las partes a llegar por s\u00ed mismas, a encontrar una soluci\u00f3n a su disputa (no es el mediador quien resuelve la disputa).<br \/>\nNuestro despacho interviene junto con sus clientes para asesorarlos y ayudarlos durante el proceso de mediaci\u00f3n hasta la redacci\u00f3n del acuerdo final.<\/span><\/p>\n<p><span style=\"color: #000000;\"><b>El socio fundador del despacho Federico Herrera Cesareo <\/b>puede ser designado por las partes en la disputa como mediador o co-mediador (si existe m\u00e1s de uno).<br \/>\nUn informe del Consejo de Estado muestra una alta tasa de \u00e9xito de las mediaciones, de hasta un 70%. Esta tasa incluso supera el 80% en el contexto de las mediaciones convencionales (es decir, las iniciadas sin referencia previa a una jurisdicci\u00f3n).<\/span><\/p>\n<p><span style=\"color: #000000;\"><strong>3- Conciliaci\u00f3n:<br \/>\n<\/strong>La conciliaci\u00f3n cubre todos los intentos realizados por el tribunal, el juez que escucha una disputa o su oficial de conciliaci\u00f3n para resolverla de manera amistosa durante los procedimientos judiciales relacionados con la disputa.<br \/>\nLa funci\u00f3n del conciliador designado es tratar de reconciliar a las partes con el fin de encontrar una soluci\u00f3n amistosa.\u00a0A diferencia del mediador, el conciliador no es neutral, puede sugerir una soluci\u00f3n a las partes con respecto a la ley aplicable y es \u00e9l quien elabora el acuerdo.\u00a0Nuestra firma ayuda y asesora a los clientes durante esta fase de conciliaci\u00f3n.<\/span><\/p>\n<p><span style=\"color: #000000;\">En comparaci\u00f3n con los procedimientos judiciales, los modos amistosos de resoluci\u00f3n de conflictos tienen varias ventajas:<br \/>\n<\/span><\/p>\n<p><span style=\"color: #000000;\">&#8211; ahorro de tiempo (los juicios, contando el ejercicio de los\u00a0(en vez de remedios), pueden durar varios a\u00f1os)<\/span><br \/>\n<span style=\"color: #000000;\">&#8211; ahorro economico (el presupuesto esta planificado y controlado por el cliente, tanto en lo que respecta a los honorarios legales como a los t\u00e9rminos del acuerdo encontrado. Tampoco hay honorarios legales, de\u00a0alguacil\u2026)<\/span><br \/>\n<span style=\"color: #000000;\">&#8211; ausencia de incertidumbre judicial (el resultado de la disputa es decidido por las partes, mientras que un juicio puede depender de los magistrados y tribunales para resolver la disputa con un resultado incierto)<\/span><br \/>\n<span style=\"color: #000000;\">&#8211; preservaci\u00f3n de la confidencialidad (un juicio es generalmente p\u00fablico, mientras que en la conciliaci\u00f3n puede preverse la confidencialidad de los acuerdos)<\/span><br \/>\n<span style=\"color: #000000;\">&#8211; la pacificaci\u00f3n de las relaciones, que facilita el desarrollo o mantenimiento de las relaciones futuras con la otra parte.<\/span><\/p>\n","protected":false},"excerpt":{"rendered":"<p>Resoluci\u00f3n amistosa de conflictos\u00a0 Los modos amistosos de resoluci\u00f3n de los conflictos y, en general,  [&#8230;]<\/p>\n","protected":false},"author":1,"featured_media":0,"parent":0,"menu_order":0,"comment_status":"closed","ping_status":"closed","template":"","meta":{"footnotes":""},"class_list":["post-1665","page","type-page","status-publish","hentry"],"yoast_head":"<!-- This site is optimized with the Yoast SEO plugin v27.3 - https:\/\/yoast.com\/product\/yoast-seo-wordpress\/ -->\n<title>Abogado en Paris - Resoluci\u00f3n amistosa de conflictos<\/title>\n<meta name=\"description\" content=\"Nuestro despacho bilingue ubicado en Paris, promueve y implementa para sus clientes los medios de resoluci\u00f3n amistosa.\" \/>\n<meta name=\"robots\" content=\"index, follow, max-snippet:-1, max-image-preview:large, max-video-preview:-1\" \/>\n<link rel=\"canonical\" href=\"https:\/\/herreracesareo.com\/es\/negociacion-mediacion-y-conciliacion\/\" \/>\n<meta property=\"og:locale\" content=\"es_ES\" \/>\n<meta property=\"og:type\" content=\"article\" \/>\n<meta property=\"og:title\" content=\"Abogado en Paris - Resoluci\u00f3n amistosa de conflictos\" \/>\n<meta property=\"og:description\" content=\"Nuestro despacho bilingue ubicado en Paris, promueve y implementa para sus clientes los medios de resoluci\u00f3n amistosa.\" \/>\n<meta property=\"og:url\" content=\"https:\/\/herreracesareo.com\/es\/negociacion-mediacion-y-conciliacion\/\" \/>\n<meta property=\"og:site_name\" content=\"Herrera Cesareo Avocats\" \/>\n<meta property=\"article:modified_time\" content=\"2026-04-10T12:53:52+00:00\" \/>\n<meta name=\"twitter:card\" content=\"summary_large_image\" \/>\n<meta name=\"twitter:label1\" content=\"Tiempo de lectura\" \/>\n\t<meta name=\"twitter:data1\" content=\"3 minutos\" \/>\n<script type=\"application\/ld+json\" class=\"yoast-schema-graph\">{\"@context\":\"https:\\\/\\\/schema.org\",\"@graph\":[{\"@type\":\"WebPage\",\"@id\":\"https:\\\/\\\/herreracesareo.com\\\/es\\\/negociacion-mediacion-y-conciliacion\\\/\",\"url\":\"https:\\\/\\\/herreracesareo.com\\\/es\\\/negociacion-mediacion-y-conciliacion\\\/\",\"name\":\"Abogado en Paris - Resoluci\u00f3n amistosa de conflictos\",\"isPartOf\":{\"@id\":\"https:\\\/\\\/herreracesareo.com\\\/#website\"},\"datePublished\":\"2018-12-06T18:43:09+00:00\",\"dateModified\":\"2026-04-10T12:53:52+00:00\",\"description\":\"Nuestro despacho bilingue ubicado en Paris, promueve y implementa para sus clientes los medios de resoluci\u00f3n amistosa.\",\"breadcrumb\":{\"@id\":\"https:\\\/\\\/herreracesareo.com\\\/es\\\/negociacion-mediacion-y-conciliacion\\\/#breadcrumb\"},\"inLanguage\":\"es\",\"potentialAction\":[{\"@type\":\"ReadAction\",\"target\":[\"https:\\\/\\\/herreracesareo.com\\\/es\\\/negociacion-mediacion-y-conciliacion\\\/\"]}]},{\"@type\":\"BreadcrumbList\",\"@id\":\"https:\\\/\\\/herreracesareo.com\\\/es\\\/negociacion-mediacion-y-conciliacion\\\/#breadcrumb\",\"itemListElement\":[{\"@type\":\"ListItem\",\"position\":1,\"name\":\"Portada\",\"item\":\"https:\\\/\\\/herreracesareo.com\\\/es\\\/\"},{\"@type\":\"ListItem\",\"position\":2,\"name\":\"Resoluci\u00f3n amistosa de conflictos\"}]},{\"@type\":\"WebSite\",\"@id\":\"https:\\\/\\\/herreracesareo.com\\\/#website\",\"url\":\"https:\\\/\\\/herreracesareo.com\\\/\",\"name\":\"Herrera Cesareo Avocats\",\"description\":\"C&#039;est un site de cabinet d&#039;avocats bilingue en fran\u00e7ais et en espagnol qui offre ses services aux particuliers et aux entreprises en France.\",\"potentialAction\":[{\"@type\":\"SearchAction\",\"target\":{\"@type\":\"EntryPoint\",\"urlTemplate\":\"https:\\\/\\\/herreracesareo.com\\\/?s={search_term_string}\"},\"query-input\":{\"@type\":\"PropertyValueSpecification\",\"valueRequired\":true,\"valueName\":\"search_term_string\"}}],\"inLanguage\":\"es\"}]}<\/script>\n<!-- \/ Yoast SEO plugin. -->","yoast_head_json":{"title":"Abogado en Paris - Resoluci\u00f3n amistosa de conflictos","description":"Nuestro despacho bilingue ubicado en Paris, promueve y implementa para sus clientes los medios de resoluci\u00f3n amistosa.","robots":{"index":"index","follow":"follow","max-snippet":"max-snippet:-1","max-image-preview":"max-image-preview:large","max-video-preview":"max-video-preview:-1"},"canonical":"https:\/\/herreracesareo.com\/es\/negociacion-mediacion-y-conciliacion\/","og_locale":"es_ES","og_type":"article","og_title":"Abogado en Paris - Resoluci\u00f3n amistosa de conflictos","og_description":"Nuestro despacho bilingue ubicado en Paris, promueve y implementa para sus clientes los medios de resoluci\u00f3n amistosa.","og_url":"https:\/\/herreracesareo.com\/es\/negociacion-mediacion-y-conciliacion\/","og_site_name":"Herrera Cesareo Avocats","article_modified_time":"2026-04-10T12:53:52+00:00","twitter_card":"summary_large_image","twitter_misc":{"Tiempo de lectura":"3 minutos"},"schema":{"@context":"https:\/\/schema.org","@graph":[{"@type":"WebPage","@id":"https:\/\/herreracesareo.com\/es\/negociacion-mediacion-y-conciliacion\/","url":"https:\/\/herreracesareo.com\/es\/negociacion-mediacion-y-conciliacion\/","name":"Abogado en Paris - Resoluci\u00f3n amistosa de conflictos","isPartOf":{"@id":"https:\/\/herreracesareo.com\/#website"},"datePublished":"2018-12-06T18:43:09+00:00","dateModified":"2026-04-10T12:53:52+00:00","description":"Nuestro despacho bilingue ubicado en Paris, promueve y implementa para sus clientes los medios de resoluci\u00f3n amistosa.","breadcrumb":{"@id":"https:\/\/herreracesareo.com\/es\/negociacion-mediacion-y-conciliacion\/#breadcrumb"},"inLanguage":"es","potentialAction":[{"@type":"ReadAction","target":["https:\/\/herreracesareo.com\/es\/negociacion-mediacion-y-conciliacion\/"]}]},{"@type":"BreadcrumbList","@id":"https:\/\/herreracesareo.com\/es\/negociacion-mediacion-y-conciliacion\/#breadcrumb","itemListElement":[{"@type":"ListItem","position":1,"name":"Portada","item":"https:\/\/herreracesareo.com\/es\/"},{"@type":"ListItem","position":2,"name":"Resoluci\u00f3n amistosa de conflictos"}]},{"@type":"WebSite","@id":"https:\/\/herreracesareo.com\/#website","url":"https:\/\/herreracesareo.com\/","name":"Herrera Cesareo Avocats","description":"C&#039;est un site de cabinet d&#039;avocats bilingue en fran\u00e7ais et en espagnol qui offre ses services aux particuliers et aux entreprises en France.","potentialAction":[{"@type":"SearchAction","target":{"@type":"EntryPoint","urlTemplate":"https:\/\/herreracesareo.com\/?s={search_term_string}"},"query-input":{"@type":"PropertyValueSpecification","valueRequired":true,"valueName":"search_term_string"}}],"inLanguage":"es"}]}},"jetpack_sharing_enabled":true,"_links":{"self":[{"href":"https:\/\/herreracesareo.com\/es\/wp-json\/wp\/v2\/pages\/1665","targetHints":{"allow":["GET"]}}],"collection":[{"href":"https:\/\/herreracesareo.com\/es\/wp-json\/wp\/v2\/pages"}],"about":[{"href":"https:\/\/herreracesareo.com\/es\/wp-json\/wp\/v2\/types\/page"}],"author":[{"embeddable":true,"href":"https:\/\/herreracesareo.com\/es\/wp-json\/wp\/v2\/users\/1"}],"replies":[{"embeddable":true,"href":"https:\/\/herreracesareo.com\/es\/wp-json\/wp\/v2\/comments?post=1665"}],"version-history":[{"count":9,"href":"https:\/\/herreracesareo.com\/es\/wp-json\/wp\/v2\/pages\/1665\/revisions"}],"predecessor-version":[{"id":2491,"href":"https:\/\/herreracesareo.com\/es\/wp-json\/wp\/v2\/pages\/1665\/revisions\/2491"}],"wp:attachment":[{"href":"https:\/\/herreracesareo.com\/es\/wp-json\/wp\/v2\/media?parent=1665"}],"curies":[{"name":"wp","href":"https:\/\/api.w.org\/{rel}","templated":true}]}}