{"id":1673,"date":"2018-09-06T19:10:24","date_gmt":"2018-09-06T19:10:24","guid":{"rendered":"http:\/\/herreracesareo.com\/politique-tarifaire\/"},"modified":"2026-04-15T08:31:59","modified_gmt":"2026-04-15T08:31:59","slug":"es-honorarios","status":"publish","type":"page","link":"https:\/\/herreracesareo.com\/es\/es-honorarios\/","title":{"rendered":"Nuestros honorarios"},"content":{"rendered":"<p><div class=\"fusion-fullwidth fullwidth-box fusion-builder-row-1 nonhundred-percent-fullwidth non-hundred-percent-height-scrolling\" style=\"--awb-border-radius-top-left:0px;--awb-border-radius-top-right:0px;--awb-border-radius-bottom-right:0px;--awb-border-radius-bottom-left:0px;--awb-margin-bottom:30px;--awb-background-color:rgba(255,255,255,0);--awb-flex-wrap:wrap;\" ><div class=\"fusion-builder-row fusion-row\"><div class=\"fusion-layout-column fusion_builder_column fusion-builder-column-0 fusion_builder_column_1_1 1_1 fusion-one-full fusion-column-first fusion-column-last\" style=\"--awb-bg-size:cover;--awb-margin-bottom:0px;\"><div class=\"fusion-column-wrapper fusion-flex-column-wrapper-legacy\"><div class=\"fusion-text fusion-text-1\"><h1 style=\"text-align: center;\" data-fontsize=\"40\" data-lineheight=\"40\">Honorarios<\/h1>\n<\/div><div class=\"fusion-clearfix\"><\/div><\/div><\/div><\/div><\/div><div class=\"fusion-fullwidth fullwidth-box fusion-builder-row-2 has-pattern-background has-mask-background nonhundred-percent-fullwidth non-hundred-percent-height-scrolling\" style=\"--awb-border-sizes-top:2px;--awb-border-sizes-bottom:2px;--awb-border-sizes-left:0px;--awb-border-sizes-right:0px;--awb-border-color:rgba(255,255,255,0.58);--awb-border-radius-top-left:0px;--awb-border-radius-top-right:0px;--awb-border-radius-bottom-right:0px;--awb-border-radius-bottom-left:0px;--awb-padding-top:50px;--awb-padding-right:50px;--awb-padding-bottom:50px;--awb-padding-left:50px;--awb-margin-top:20px;--awb-margin-bottom:60px;--awb-background-color:rgba(255,255,255,0.36);--awb-flex-wrap:wrap;\" ><div class=\"fusion-builder-row fusion-row\"><div class=\"fusion-layout-column fusion_builder_column fusion-builder-column-1 fusion_builder_column_1_1 1_1 fusion-one-full fusion-column-first fusion-column-last\" style=\"--awb-bg-size:cover;--awb-margin-bottom:0px;\"><div class=\"fusion-column-wrapper fusion-flex-column-wrapper-legacy\"><div class=\"fusion-text fusion-text-2\"><p><span style=\"color: #000000;\">El abogado es un profesional liberal cuyos honorarios se fijan libremente con su cliente.<span class=\"Apple-converted-space\">\u00a0<\/span><\/span><\/p>\n<p><span style=\"color: #000000;\">Los honorarios de nuestro despacho son competitivos y corresponden realmente al trabajo realizado.<span class=\"Apple-converted-space\">\u00a0<\/span><\/span><\/p>\n<p><span style=\"color: #000000;\">Para determinar nuestros honorarios se tiene en cuenta (de conformidad con lo dispuesto en el art\u00edculo 10 de la Ley N\u00ba 71-1130, de 31 de diciembre de 1971, relativa a la reforma de determinadas profesiones judiciales y jur\u00eddicas, y en el art\u00edculo 11-2 del Reglamento interno de la profesi\u00f3n de abogado):<\/span><\/p>\n<ul>\n<li><span style=\"color: #000000;\">el tiempo dedicado al caso,<\/span><\/li>\n<li><span style=\"color: #000000;\">el trabajo de investigaci\u00f3n a realizar,<\/span><\/li>\n<li><span style=\"color: #000000;\">la importancia de los intereses en juego,<\/span><\/li>\n<li><span style=\"color: #000000;\">los gastos y la carga economica que puede suponer para el despacho,<\/span><\/li>\n<li><span style=\"color: #000000;\">la notoriedad, los t\u00edtulos, la experiencia y la especializaci\u00f3n del despacho,<\/span><\/li>\n<li><span style=\"color: #000000;\">los resultados y ventajas obtenidos en beneficio del cliente a trav\u00e9s del trabajo realizado por el despacho,<\/span><\/li>\n<li><span style=\"color: #000000;\">el servicio prestado al cliente,<\/span><\/li>\n<li><span style=\"color: #000000;\">la situaci\u00f3n economica del cliente.<\/span><\/li>\n<\/ul>\n<p><span style=\"color: #000000;\">En aras de la transparencia y la previsibilidad, es fundamental para nosotros que nuestros clientes puedan anticipar el coste de la gesti\u00f3n de los casos y servicios que nos encomiendan.<\/span><\/p>\n<p><span style=\"color: #000000;\">Por ese motivo, desde la primera consulta, evaluamos el tiempo y el coste de nuestra intervenci\u00f3n.<\/span><\/p>\n<p><span style=\"color: #000000;\">Despues, determinamos claramente el monto de nuestros honorarios o c\u00f3mo se determinan, as\u00ed como los diversos costes y desembolsos que se consideran.<\/span><\/p>\n<p><span style=\"color: #000000;\">Un acuerdo escrito de honorarios, que combina estos elementos, se firma con nuestros clientes al comienzo de nuestra prestacion de servicios.<span class=\"Apple-converted-space\">\u00a0<\/span><\/span><\/p>\n<p><span style=\"color: #000000;\">Somos conscientes de que recurrir a un abogado puede suponer un coste importante para los litigantes, ya sean particulares o peque\u00f1as empresas, por lo que nuestros clientes pueden pagar nuestros honorarios en varias cuotas mensuales y ello sin comisiones ni intereses.<\/span><\/p>\n<\/div><div class=\"fusion-sep-clear\"><\/div><div class=\"fusion-separator fusion-full-width-sep\" style=\"margin-left: auto;margin-right: auto;margin-top:15px;margin-bottom:15px;width:100%;\"><\/div><div class=\"fusion-sep-clear\"><\/div><div class=\"accordian fusion-accordian\" style=\"--awb-border-size:1px;--awb-icon-size:13px;--awb-content-font-size:16px;--awb-icon-alignment:left;--awb-hover-color:#ffffff;--awb-border-color:#eeeeee;--awb-background-color:#f2f2f2;--awb-divider-color:#e0dede;--awb-divider-hover-color:#e0dede;--awb-icon-color:#ffffff;--awb-title-color:#2b5575;--awb-content-color:#000000;--awb-icon-box-color:#333333;--awb-toggle-hover-accent-color:#444444;--awb-title-font-family:&quot;Oranienbaum&quot;;--awb-title-font-weight:400;--awb-title-font-style:normal;--awb-title-font-size:18px;--awb-title-letter-spacing:-0.8px;--awb-title-line-height:1;--awb-content-font-family:&quot;Oranienbaum&quot;;--awb-content-font-style:normal;--awb-content-font-weight:regular;\"><div class=\"panel-group fusion-toggle-icon-boxed\" id=\"accordion-1673-1\"><div class=\"fusion-panel panel-default panel-9dc1a18aa6919eae5 fusion-toggle-no-divider fusion-toggle-boxed-mode\" style=\"--awb-title-color:#2b5575;--awb-content-color:#000000;\"><div class=\"panel-heading\"><h4 class=\"panel-title toggle\" id=\"toggle_9dc1a18aa6919eae5\"><a aria-expanded=\"false\" aria-controls=\"9dc1a18aa6919eae5\" role=\"button\" data-toggle=\"collapse\" data-parent=\"#accordion-1673-1\" data-target=\"#9dc1a18aa6919eae5\" href=\"#9dc1a18aa6919eae5\"><span class=\"fusion-toggle-icon-wrapper\" aria-hidden=\"true\"><i class=\"fa-fusion-box active-icon awb-icon-minus\" aria-hidden=\"true\"><\/i><i class=\"fa-fusion-box inactive-icon awb-icon-plus\" aria-hidden=\"true\"><\/i><\/span><span class=\"fusion-toggle-heading\">M\u00e9todos de facturaci\u00f3n<\/span><\/a><\/h4><\/div><div id=\"9dc1a18aa6919eae5\" class=\"panel-collapse collapse \" aria-labelledby=\"toggle_9dc1a18aa6919eae5\"><div class=\"panel-body toggle-content fusion-clearfix\">\n<ol>\n<li><span style=\"color: #000000;\"><b>Tarifa por tiempo dedicado :<span class=\"Apple-converted-space\">\u00a0<\/span><\/b><\/span><\/li>\n<\/ol>\n<p><span style=\"color: #000000;\">Proponemos una tarifa por hora que determinamos por adelantado, junto con el cliente.<\/span><\/p>\n<p><span style=\"color: #000000;\">Nuestra tarifa habitual por hora es de 250 \u20ac.<\/span><\/p>\n<p><span style=\"color: #000000;\">A esta suma, se le agrega cuando se requiere, la regulaci\u00f3n del IVA, que asciende al 20%.<\/span><\/p>\n<p><span style=\"color: #000000;\">En este m\u00e9todo de facturaci\u00f3n, nuestro despacho env\u00eda peri\u00f3dicamente a sus clientes un documento que detalla todas las diligencias que ha llevado a cabo y el tiempo que ha dedicado al asunto.<\/span><\/p>\n<p><span style=\"color: #000000;\">Se recomienda este m\u00e9todo de pago por horas cuando resulta imposible evaluar por adelantado el tiempo que se debe invertir en un asunto.<\/span><\/p>\n<p><span style=\"color: #000000;\"><b><span class=\"Apple-converted-space\">\u00a0\u00a0 \u00a0 \u00a0 \u00a0 \u00a0 \u00a0 <\/span><\/b><\/span><\/p>\n<p><span style=\"color: #000000;\"><b><span class=\"Apple-converted-space\">\u00a0 <\/span>2. La tarifa plana:<\/b><\/span><\/p>\n<p><span style=\"color: #000000;\">El despacho y el cliente pueden acordar un precio global, es decir, una tarifa que incluye todas las diligencias a realizar para llevar a cabo el caso o el trabajo encomendado.<\/span><\/p>\n<p><span style=\"color: #000000;\">Ejemplos de tarifa plana que aplicamos :<\/span><\/p>\n<p><span style=\"color: #000000;\">Los precios indicados a continuaci\u00f3n son indicativos. Pueden variar segun el tipo y la complejidad del caso o del trabajo encomendado y estar acompa\u00f1ados por una tarifa complementaria.<\/span><\/p>\n<ul>\n<li><span style=\"color: #000000;\">La primera consulta en el despacho, se factura entre 150 \u20ac y 250 \u20ac (mas IVA), seg\u00fan el tiempo dedicado y dependiendo si el asunto se encomienda o no al despacho,<\/span><\/li>\n<li><span style=\"color: #000000;\">Divorcio de mutuo acuerdo entre 1.500 \u20ac y 2.500 \u20ac (mas IVA),<span class=\"Apple-converted-space\">\u00a0 <\/span>dependiendo de la situaci\u00f3n familiar y patrimonial de los conyuges.<\/span><\/li>\n<li><span style=\"color: #000000;\">Divorcio contencioso entre 2.000 \u20ac y 5.000 \u20ac (mas IVA)<\/span><\/li>\n<li><span style=\"color: #000000;\">Procedimientos incoados ante el juge du contentieux de la protection (Tribunal de Instancia) o le tribunal de police (Tribunal de Polic\u00eda) entre 1.500 y 2.500 \u20ac (mas IVA),<\/span><\/li>\n<li><span style=\"color: #000000;\">Procedimientos (urgentes) incoados \u201cen r\u00e9f\u00e9r\u00e9\u201d, ante el Tribunal Judiciaire (tribunal judicial) o el Tribunal de Commerce (tribunal mercantil), entre 1.500 \u20ac y 3.000 \u20ac (mas IVA),<\/span><\/li>\n<li><span style=\"color: #000000;\">Procedimientos (clasicos) ante el Tribunal Judiciaire (tribunal judicial) o ante el Tribunal de Commerce (tribunal mercantil), entre 2.500\u20ac y 5.000\u20ac (mas IVA),<\/span><\/li>\n<li><span style=\"color: #000000;\">Procedimientos \u00ab\u00a0simples\u00a0\u00bb (sin designacion de un juez de instruccion) ante el tribunal correctionnel (tribunal penal), entre 1.500 \u20ac y 2.500 \u20ac (mas IVA),<\/span><\/li>\n<li><span style=\"color: #000000;\">Recursos de apelacion entre 1.500 \u20ac y 5.000 \u20ac (mas IVA), dependiendo del caso y de la decisi\u00f3n impugnada,<\/span><\/li>\n<li><span style=\"color: #000000;\">Procedimientos ante le juge de l\u2019ex\u00e9cution (el Juez de Ejecuci\u00f3n), le JLD (el Juez de la Libertad y la Detenci\u00f3n) o<span class=\"Apple-converted-space\">\u00a0 <\/span>le juge d\u2019application des peines (el Juez de Ejecucion de penas), entre 1.000 \u20ac y 2.000 \u20ac (mas IVA).<\/span><\/li>\n<\/ul>\n<p><span style=\"color: #000000;\"><b><span class=\"Apple-converted-space\">\u00a0\u00a0 \u00a0 \u00a0 \u00a0 <\/span><\/b><\/span><\/p>\n<p><span style=\"color: #000000;\"><b><span class=\"Apple-converted-space\">\u00a0 \u00a0 \u00a0 <\/span>3. Tarifa segun el resultado:<span class=\"Apple-converted-space\">\u00a0<\/span><\/b><\/span><\/p>\n<p><span style=\"color: #000000;\">Podemos acordar con nuestros clientes una tarifa que dependera en parte del resultado obtenido en el caso encomendado.<span class=\"Apple-converted-space\">\u00a0<\/span><\/span><\/p>\n<p><span style=\"color: #000000;\">Se trata de un honorario complementario a una tarifa plana o a una tarifa por tiempo dedicado.<span class=\"Apple-converted-space\">\u00a0<\/span><\/span><\/p>\n<p><span style=\"color: #000000;\">Esta comisi\u00f3n se fija generalmente entre el 8% y el 15% de los ingresos y ganancias que el cliente recibir\u00e1 al final del procedimiento.<span class=\"Apple-converted-space\">\u00a0<\/span><\/span><\/p>\n<p><span style=\"color: #000000;\"><b><span class=\"Apple-converted-space\">\u00a0\u00a0 \u00a0 \u00a0 \u00a0 \u00a0 \u00a0 \u00a0 <\/span><\/b><\/span><\/p>\n<p><span style=\"color: #000000;\"><b>\u00a0 \u00a0 \u00a0 4. El abono:<span class=\"Apple-converted-space\">\u00a0<\/span><\/b><\/span><\/p>\n<p><span style=\"color: #000000;\">Este m\u00e9todo de pago de honorarios es posible e interesante para el cliente, cuando utiliza habitualmente los servicios de nuestro despacho.<span class=\"Apple-converted-space\">\u00a0<\/span><\/span><\/p>\n<p><span style=\"color: #000000;\">En este caso, el cliente abona a nuestro despacho, normalmente de manera mensual, una cantidad de honorarios determinados (segun una tarifa preferente) durante un per\u00edodo de tiempo determinado.<\/span><\/p>\n<p><span style=\"color: #000000;\">Durante ese periodo de tiempo, nuestro despacho se compromete a prestar de forma prioritaria al cliente, un determinado n\u00famero de servicios legales (como por ejemplo\u00a0: consultas legales, redacci\u00f3n de documentos juridicos, contratos, cartas, etc.) o a dedicarle un determinado n\u00famero de horas de trabajo.<\/span><\/p>\n<p><span style=\"color: #000000;\"><b><span class=\"Apple-converted-space\">\u00a0\u00a0 \u00a0 \u00a0 \u00a0 \u00a0 \u00a0 \u00a0 <\/span><\/b><\/span><\/p>\n<p><span style=\"color: #000000;\"><b>\u00a0 \u00a0 \u00a0 5. L\u2019aide juridictionnelle \u00ab\u00a0asistencia jur\u00eddica gratuita \u00bb:<span class=\"Apple-converted-space\">\u00a0<\/span><\/b><\/span><\/p>\n<p><span style=\"color: #000000;\">Nuestro despacho puede puntualmente prestar de forma gratuita una asistencia legal a ciertas personas con recursos economicos limitados. Estas personas tienen que cumplir, algunos requisitos para obtener l\u2019aide juridictionnelle (une ayuda economica del estado frances).<span class=\"Apple-converted-space\">\u00a0<\/span><\/span><\/p>\n<\/div><\/div><\/div><div class=\"fusion-panel panel-default panel-1c70214752e973e61 fusion-toggle-no-divider fusion-toggle-boxed-mode\"><div class=\"panel-heading\"><h4 class=\"panel-title toggle\" id=\"toggle_1c70214752e973e61\"><a aria-expanded=\"false\" aria-controls=\"1c70214752e973e61\" role=\"button\" data-toggle=\"collapse\" data-parent=\"#accordion-1673-1\" data-target=\"#1c70214752e973e61\" href=\"#1c70214752e973e61\"><span class=\"fusion-toggle-icon-wrapper\" aria-hidden=\"true\"><i class=\"fa-fusion-box active-icon awb-icon-minus\" aria-hidden=\"true\"><\/i><i class=\"fa-fusion-box inactive-icon awb-icon-plus\" aria-hidden=\"true\"><\/i><\/span><span class=\"fusion-toggle-heading\">Pago de los honorarios y otros posibles costes<\/span><\/a><\/h4><\/div><div id=\"1c70214752e973e61\" class=\"panel-collapse collapse \" aria-labelledby=\"toggle_1c70214752e973e61\"><div class=\"panel-body toggle-content fusion-clearfix\">\n<p><span style=\"color: #000000;\">Nuestros honorarios se pueden abonar segun las condiciones previstas por la ley.<span class=\"Apple-converted-space\">\u00a0<\/span><\/span><\/p>\n<p><span style=\"color: #000000;\">Los pagos pueden realizarse en efectivo (hasta un m\u00e1ximo de 1.000 euros), mediante cheque bancario o transferencia bancaria.<\/span><\/p>\n<p><span style=\"color: #000000;\">Cuando nuestro despacho acepta llevar un asunto o prestar un servicio, solicitamos habitualmente el pago anticipado de una provisi\u00f3n de fondos.<\/span><\/p>\n<p><span style=\"color: #000000;\">En caso de impago de dicha provision de fondos, nuestro despacho se otorga la posibilidad de retirarse del caso o de no llevar a cabo la prestacion de servicio encomendado.<\/span><\/p>\n<p><span style=\"color: #000000;\">Otros posibles costes:<\/span><\/p>\n<p><span style=\"color: #000000;\">Adem\u00e1s de los honorarios, el cliente puede tener que pagar a nuestra firma otros gastos que no est\u00e1n directamente incluidos en nuestra remuneraci\u00f3n :<\/span><\/p>\n<ul>\n<li><span style=\"color: #000000;\"><b>Los emolumentos<\/b>, cuyo importe est\u00e1 regulado y que se adeudan en determinadas intervenciones de un abogado ante un tribunal ;<\/span><\/li>\n<\/ul>\n<ul>\n<li><span style=\"color: #000000;\"><b>Los posibles recursos presentados<\/b>, ya sea mediante un escrito o un tr\u00e1mite administrativo, ante la mayor\u00eda de las jurisdicciones\u00a0;<\/span><\/li>\n<li><span style=\"color: #000000;\"><b>Los desembolsos y gastos operativos,<\/b>\u00a0corresponden a los gastos que nuestro despacho haya podido pagar por adelantado a favor del cliente (como por ejemplo los honorarios de los ujieres, traductores, expertos, etc.).<\/span><\/li>\n<\/ul>\n<\/div><\/div><\/div><div class=\"fusion-panel panel-default panel-5811e5a5bb8080bc4 fusion-toggle-no-divider fusion-toggle-boxed-mode\"><div class=\"panel-heading\"><h4 class=\"panel-title toggle\" id=\"toggle_5811e5a5bb8080bc4\"><a aria-expanded=\"false\" aria-controls=\"5811e5a5bb8080bc4\" role=\"button\" data-toggle=\"collapse\" data-parent=\"#accordion-1673-1\" data-target=\"#5811e5a5bb8080bc4\" href=\"#5811e5a5bb8080bc4\"><span class=\"fusion-toggle-icon-wrapper\" aria-hidden=\"true\"><i class=\"fa-fusion-box active-icon awb-icon-minus\" aria-hidden=\"true\"><\/i><i class=\"fa-fusion-box inactive-icon awb-icon-plus\" aria-hidden=\"true\"><\/i><\/span><span class=\"fusion-toggle-heading\">Resoluci\u00f3n de disputas relativas al pago de los honorarios<\/span><\/a><\/h4><\/div><div id=\"5811e5a5bb8080bc4\" class=\"panel-collapse collapse \" aria-labelledby=\"toggle_5811e5a5bb8080bc4\"><div class=\"panel-body toggle-content fusion-clearfix\">\n<p><span style=\"color: #000000;\">En caso de conflicto relativo al pago de nuestros honorarios, existen dos opciones legales para resolverlo\u00a0:<\/span><\/p>\n<p><span style=\"color: #000000;\">\u2013 a trav\u00e9s del servicio de mediaci\u00f3n del<span class=\"Apple-converted-space\">\u00a0 <\/span>\u00ab\u00a0m\u00e9diateur de la consommation de la profession d\u2019avocat\u00a0\u00bb\u00a0;<\/span><\/p>\n<p><span style=\"color: #000000;\">\u2013 a trav\u00e9s del decano\/presidente del Colegio de Abogados de Paris, sometiendole un procedimiento conocido como \u00ab la taxation d\u2019honoraires \u00bb previsto en los art\u00edculos 174 y siguientes del Decreto No. 91-1197 de 27 de noviembre de 1991.<\/span><\/p>\n<\/div><\/div><\/div><\/div><\/div><div class=\"fusion-clearfix\"><\/div><\/div><\/div><\/div><\/div><\/p>\n","protected":false},"excerpt":{"rendered":"","protected":false},"author":1,"featured_media":0,"parent":0,"menu_order":0,"comment_status":"closed","ping_status":"closed","template":"","meta":{"footnotes":""},"class_list":["post-1673","page","type-page","status-publish","hentry"],"yoast_head":"<!-- This site is optimized with the Yoast SEO plugin v27.3 - https:\/\/yoast.com\/product\/yoast-seo-wordpress\/ -->\n<title>Honorarios \u2013 Abogado espa\u00f1ol en Par\u00eds \u2013 Herrera Cesareo<\/title>\n<meta name=\"description\" content=\"Pol\u00edtica de honorarios clara y transparente. Evaluaci\u00f3n del coste desde la primera consulta. Pago a plazos posible. Despacho Herrera Cesareo, abogado biling\u00fce en Par\u00eds\" \/>\n<meta name=\"robots\" content=\"index, follow, max-snippet:-1, max-image-preview:large, max-video-preview:-1\" \/>\n<link rel=\"canonical\" href=\"https:\/\/herreracesareo.com\/es\/es-honorarios\/\" \/>\n<meta property=\"og:locale\" content=\"es_ES\" \/>\n<meta property=\"og:type\" content=\"article\" \/>\n<meta property=\"og:title\" content=\"Honorarios \u2013 Abogado espa\u00f1ol en Par\u00eds \u2013 Herrera Cesareo\" \/>\n<meta property=\"og:description\" content=\"Pol\u00edtica de honorarios clara y transparente. Evaluaci\u00f3n del coste desde la primera consulta. Pago a plazos posible. Despacho Herrera Cesareo, abogado biling\u00fce en Par\u00eds\" \/>\n<meta property=\"og:url\" content=\"https:\/\/herreracesareo.com\/es\/es-honorarios\/\" \/>\n<meta property=\"og:site_name\" content=\"Herrera Cesareo Avocats\" \/>\n<meta property=\"article:modified_time\" content=\"2026-04-15T08:31:59+00:00\" \/>\n<meta name=\"twitter:card\" content=\"summary_large_image\" \/>\n<meta name=\"twitter:label1\" content=\"Tiempo de lectura\" \/>\n\t<meta name=\"twitter:data1\" content=\"6 minutos\" \/>\n<script type=\"application\/ld+json\" class=\"yoast-schema-graph\">{\"@context\":\"https:\\\/\\\/schema.org\",\"@graph\":[{\"@type\":\"WebPage\",\"@id\":\"https:\\\/\\\/herreracesareo.com\\\/es\\\/es-honorarios\\\/\",\"url\":\"https:\\\/\\\/herreracesareo.com\\\/es\\\/es-honorarios\\\/\",\"name\":\"Honorarios \u2013 Abogado espa\u00f1ol en Par\u00eds \u2013 Herrera Cesareo\",\"isPartOf\":{\"@id\":\"https:\\\/\\\/herreracesareo.com\\\/#website\"},\"datePublished\":\"2018-09-06T19:10:24+00:00\",\"dateModified\":\"2026-04-15T08:31:59+00:00\",\"description\":\"Pol\u00edtica de honorarios clara y transparente. Evaluaci\u00f3n del coste desde la primera consulta. Pago a plazos posible. Despacho Herrera Cesareo, abogado biling\u00fce en Par\u00eds\",\"breadcrumb\":{\"@id\":\"https:\\\/\\\/herreracesareo.com\\\/es\\\/es-honorarios\\\/#breadcrumb\"},\"inLanguage\":\"es\",\"potentialAction\":[{\"@type\":\"ReadAction\",\"target\":[\"https:\\\/\\\/herreracesareo.com\\\/es\\\/es-honorarios\\\/\"]}]},{\"@type\":\"BreadcrumbList\",\"@id\":\"https:\\\/\\\/herreracesareo.com\\\/es\\\/es-honorarios\\\/#breadcrumb\",\"itemListElement\":[{\"@type\":\"ListItem\",\"position\":1,\"name\":\"Portada\",\"item\":\"https:\\\/\\\/herreracesareo.com\\\/es\\\/\"},{\"@type\":\"ListItem\",\"position\":2,\"name\":\"Nuestros honorarios\"}]},{\"@type\":\"WebSite\",\"@id\":\"https:\\\/\\\/herreracesareo.com\\\/#website\",\"url\":\"https:\\\/\\\/herreracesareo.com\\\/\",\"name\":\"Herrera Cesareo Avocats\",\"description\":\"C&#039;est un site de cabinet d&#039;avocats bilingue en fran\u00e7ais et en espagnol qui offre ses services aux particuliers et aux entreprises en France.\",\"potentialAction\":[{\"@type\":\"SearchAction\",\"target\":{\"@type\":\"EntryPoint\",\"urlTemplate\":\"https:\\\/\\\/herreracesareo.com\\\/?s={search_term_string}\"},\"query-input\":{\"@type\":\"PropertyValueSpecification\",\"valueRequired\":true,\"valueName\":\"search_term_string\"}}],\"inLanguage\":\"es\"}]}<\/script>\n<!-- \/ Yoast SEO plugin. -->","yoast_head_json":{"title":"Honorarios \u2013 Abogado espa\u00f1ol en Par\u00eds \u2013 Herrera Cesareo","description":"Pol\u00edtica de honorarios clara y transparente. Evaluaci\u00f3n del coste desde la primera consulta. Pago a plazos posible. Despacho Herrera Cesareo, abogado biling\u00fce en Par\u00eds","robots":{"index":"index","follow":"follow","max-snippet":"max-snippet:-1","max-image-preview":"max-image-preview:large","max-video-preview":"max-video-preview:-1"},"canonical":"https:\/\/herreracesareo.com\/es\/es-honorarios\/","og_locale":"es_ES","og_type":"article","og_title":"Honorarios \u2013 Abogado espa\u00f1ol en Par\u00eds \u2013 Herrera Cesareo","og_description":"Pol\u00edtica de honorarios clara y transparente. Evaluaci\u00f3n del coste desde la primera consulta. Pago a plazos posible. Despacho Herrera Cesareo, abogado biling\u00fce en Par\u00eds","og_url":"https:\/\/herreracesareo.com\/es\/es-honorarios\/","og_site_name":"Herrera Cesareo Avocats","article_modified_time":"2026-04-15T08:31:59+00:00","twitter_card":"summary_large_image","twitter_misc":{"Tiempo de lectura":"6 minutos"},"schema":{"@context":"https:\/\/schema.org","@graph":[{"@type":"WebPage","@id":"https:\/\/herreracesareo.com\/es\/es-honorarios\/","url":"https:\/\/herreracesareo.com\/es\/es-honorarios\/","name":"Honorarios \u2013 Abogado espa\u00f1ol en Par\u00eds \u2013 Herrera Cesareo","isPartOf":{"@id":"https:\/\/herreracesareo.com\/#website"},"datePublished":"2018-09-06T19:10:24+00:00","dateModified":"2026-04-15T08:31:59+00:00","description":"Pol\u00edtica de honorarios clara y transparente. Evaluaci\u00f3n del coste desde la primera consulta. Pago a plazos posible. Despacho Herrera Cesareo, abogado biling\u00fce en Par\u00eds","breadcrumb":{"@id":"https:\/\/herreracesareo.com\/es\/es-honorarios\/#breadcrumb"},"inLanguage":"es","potentialAction":[{"@type":"ReadAction","target":["https:\/\/herreracesareo.com\/es\/es-honorarios\/"]}]},{"@type":"BreadcrumbList","@id":"https:\/\/herreracesareo.com\/es\/es-honorarios\/#breadcrumb","itemListElement":[{"@type":"ListItem","position":1,"name":"Portada","item":"https:\/\/herreracesareo.com\/es\/"},{"@type":"ListItem","position":2,"name":"Nuestros honorarios"}]},{"@type":"WebSite","@id":"https:\/\/herreracesareo.com\/#website","url":"https:\/\/herreracesareo.com\/","name":"Herrera Cesareo Avocats","description":"C&#039;est un site de cabinet d&#039;avocats bilingue en fran\u00e7ais et en espagnol qui offre ses services aux particuliers et aux entreprises en France.","potentialAction":[{"@type":"SearchAction","target":{"@type":"EntryPoint","urlTemplate":"https:\/\/herreracesareo.com\/?s={search_term_string}"},"query-input":{"@type":"PropertyValueSpecification","valueRequired":true,"valueName":"search_term_string"}}],"inLanguage":"es"}]}},"jetpack_sharing_enabled":true,"_links":{"self":[{"href":"https:\/\/herreracesareo.com\/es\/wp-json\/wp\/v2\/pages\/1673","targetHints":{"allow":["GET"]}}],"collection":[{"href":"https:\/\/herreracesareo.com\/es\/wp-json\/wp\/v2\/pages"}],"about":[{"href":"https:\/\/herreracesareo.com\/es\/wp-json\/wp\/v2\/types\/page"}],"author":[{"embeddable":true,"href":"https:\/\/herreracesareo.com\/es\/wp-json\/wp\/v2\/users\/1"}],"replies":[{"embeddable":true,"href":"https:\/\/herreracesareo.com\/es\/wp-json\/wp\/v2\/comments?post=1673"}],"version-history":[{"count":15,"href":"https:\/\/herreracesareo.com\/es\/wp-json\/wp\/v2\/pages\/1673\/revisions"}],"predecessor-version":[{"id":2905,"href":"https:\/\/herreracesareo.com\/es\/wp-json\/wp\/v2\/pages\/1673\/revisions\/2905"}],"wp:attachment":[{"href":"https:\/\/herreracesareo.com\/es\/wp-json\/wp\/v2\/media?parent=1673"}],"curies":[{"name":"wp","href":"https:\/\/api.w.org\/{rel}","templated":true}]}}