{"id":1677,"date":"2018-05-03T09:36:55","date_gmt":"2018-05-03T09:36:55","guid":{"rendered":"http:\/\/herreracesareo.com\/nos-partenaires\/"},"modified":"2020-02-10T11:10:13","modified_gmt":"2020-02-10T11:10:13","slug":"socios-y-colaboradores","status":"publish","type":"page","link":"https:\/\/herreracesareo.com\/es\/socios-y-colaboradores\/","title":{"rendered":"Socios y colaboradores"},"content":{"rendered":"<p><div class=\"fusion-fullwidth fullwidth-box fusion-builder-row-1 nonhundred-percent-fullwidth non-hundred-percent-height-scrolling\" style=\"--awb-border-radius-top-left:0px;--awb-border-radius-top-right:0px;--awb-border-radius-bottom-right:0px;--awb-border-radius-bottom-left:0px;--awb-background-color:rgba(255,255,255,0);--awb-flex-wrap:wrap;\" ><div class=\"fusion-builder-row fusion-row\"><div class=\"fusion-layout-column fusion_builder_column fusion-builder-column-0 fusion_builder_column_1_1 1_1 fusion-one-full fusion-column-first fusion-column-last\" style=\"--awb-bg-size:cover;--awb-margin-bottom:0px;\"><div class=\"fusion-column-wrapper fusion-flex-column-wrapper-legacy\"><div class=\"fusion-text fusion-text-1\"><h1 style=\"text-align: center;\" data-fontsize=\"40\" data-lineheight=\"40\"><strong>Nuestra red de abogados<\/strong><\/h1>\n<\/div><div class=\"fusion-clearfix\"><\/div><\/div><\/div><\/div><\/div><div class=\"fusion-fullwidth fullwidth-box fusion-builder-row-2 nonhundred-percent-fullwidth non-hundred-percent-height-scrolling\" style=\"--awb-border-radius-top-left:0px;--awb-border-radius-top-right:0px;--awb-border-radius-bottom-right:0px;--awb-border-radius-bottom-left:0px;--awb-background-color:rgba(255,255,255,0);--awb-flex-wrap:wrap;\" ><div class=\"fusion-builder-row fusion-row\"><div class=\"fusion-layout-column fusion_builder_column fusion-builder-column-1 fusion_builder_column_1_1 1_1 fusion-one-full fusion-column-first fusion-column-last\" style=\"--awb-bg-size:cover;--awb-margin-bottom:0px;\"><div class=\"fusion-column-wrapper fusion-flex-column-wrapper-legacy\"><div class=\"fusion-text fusion-text-2\"><p><div class=\"fusion-fullwidth fullwidth-box fusion-builder-row-2-1 nonhundred-percent-fullwidth non-hundred-percent-height-scrolling\" style=\"--awb-border-radius-top-left:0px;--awb-border-radius-top-right:0px;--awb-border-radius-bottom-right:0px;--awb-border-radius-bottom-left:0px;--awb-flex-wrap:wrap;\" ><\/div><div class=\"fusion-builder-row fusion-row\"><\/div><div class=\"fusion-text fusion-text-2\"><\/div><\/p>\n<\/div><div class=\"fusion-clearfix\"><\/div><\/div><\/div><\/div><\/div><div class=\"fusion-fullwidth fullwidth-box fusion-builder-row-3 nonhundred-percent-fullwidth non-hundred-percent-height-scrolling fusion-no-small-visibility\" style=\"--awb-border-radius-top-left:0px;--awb-border-radius-top-right:0px;--awb-border-radius-bottom-right:0px;--awb-border-radius-bottom-left:0px;--awb-padding-right:185px;--awb-padding-left:185px;--awb-margin-bottom:40px;--awb-background-color:transparent;--awb-flex-wrap:wrap;\" ><div class=\"fusion-builder-row fusion-row\"><div class=\"fusion-layout-column fusion_builder_column fusion-builder-column-2 fusion_builder_column_1_1 1_1 fusion-one-full fusion-column-first fusion-column-last\" style=\"--awb-bg-size:cover;\"><div class=\"fusion-column-wrapper fusion-flex-column-wrapper-legacy\"><div class=\"fusion-text fusion-text-4\"><p style=\"text-align: center;\"><span style=\"color: #000000;\">A medida que nuestra pr\u00e1ctica profesional y volumen de negocio han ido aumentando, hemos desarollado colaboraciones serias y duraderas con varios despachos de abogados en Francia y Espa\u00f1a.<\/span><\/p>\n<p style=\"text-align: center;\"><span style=\"color: #000000;\">Nuestra red de profesionales nos permite operar en un \u00e1rea amplia tanto geogr\u00e1ficamente asi como en t\u00e9rminos de experiencia legal.<\/span><\/p>\n<p style=\"text-align: center;\"><span style=\"color: #000000;\"><b>De este modo, nuestro despacho puede atender a todas las solicitudes de sus clientes<\/b>.<\/span><\/p>\n<\/div><div class=\"fusion-clearfix\"><\/div><\/div><\/div><\/div><\/div><div class=\"fusion-fullwidth fullwidth-box fusion-builder-row-4 nonhundred-percent-fullwidth non-hundred-percent-height-scrolling fusion-no-medium-visibility fusion-no-large-visibility\" style=\"--awb-border-radius-top-left:0px;--awb-border-radius-top-right:0px;--awb-border-radius-bottom-right:0px;--awb-border-radius-bottom-left:0px;--awb-padding-top:30px;--awb-padding-right:20px;--awb-padding-bottom:30px;--awb-padding-left:20px;--awb-margin-bottom:40px;--awb-background-color:transparent;--awb-flex-wrap:wrap;\" ><div class=\"fusion-builder-row fusion-row\"><div class=\"fusion-layout-column fusion_builder_column fusion-builder-column-3 fusion_builder_column_1_1 1_1 fusion-one-full fusion-column-first fusion-column-last\" style=\"--awb-bg-size:cover;\"><div class=\"fusion-column-wrapper fusion-flex-column-wrapper-legacy\"><div class=\"fusion-text fusion-text-5\"><p style=\"text-align: center;\"><span style=\"color: #000000;\">A medida que nuestra pr\u00e1ctica profesional y volumen de negocio han ido aumentando, hemos desarollado colaboraciones serias y duraderas con varios despachos de abogados en Francia y Espa\u00f1a.<\/span><\/p>\n<p style=\"text-align: center;\"><span style=\"color: #000000;\">Nuestra red de profesionales nos permite operar en un \u00e1rea amplia tanto geogr\u00e1ficamente asi como en t\u00e9rminos de experiencia legal.<\/span><\/p>\n<p style=\"text-align: center;\"><span style=\"color: #000000;\"><b>De este modo, nuestro despacho puede atender a todas las solicitudes de sus clientes<\/b>. <\/span><\/p>\n<\/div><div class=\"fusion-clearfix\"><\/div><\/div><\/div><\/div><\/div><div class=\"fusion-fullwidth fullwidth-box fusion-builder-row-5 nonhundred-percent-fullwidth non-hundred-percent-height-scrolling\" style=\"--awb-border-radius-top-left:0px;--awb-border-radius-top-right:0px;--awb-border-radius-bottom-right:0px;--awb-border-radius-bottom-left:0px;--awb-background-color:rgba(255,255,255,0);--awb-flex-wrap:wrap;\" ><div class=\"fusion-builder-row fusion-row\"><div class=\"fusion-layout-column fusion_builder_column fusion-builder-column-4 fusion_builder_column_1_1 1_1 fusion-one-full fusion-column-first fusion-column-last\" style=\"--awb-bg-size:cover;--awb-margin-bottom:0px;\"><div class=\"fusion-column-wrapper fusion-flex-column-wrapper-legacy\"><div class=\"fusion-text fusion-text-6\"><h2 style=\"text-align: center;\"><span style=\"color: #000000;\"><strong>En Francia<\/strong><\/span><\/h2>\n<p style=\"text-align: center;\"><span style=\"color: #000000;\"><b>Socios de HERRERA CESAREO en SCM TRIANGLE AVOCATS:<\/b><\/span><\/p>\n<p style=\"text-align: center;\"><span style=\"color: #000000;\"><b>Me Cl\u00e9mentine COL\u00c9<br \/>\n<\/b>78 rue des Saints-P\u00e8res<\/span><br \/>\n<span style=\"color: #000000;\">75007 PARIS<\/span><br \/>\n<span style=\"color: #000000;\">T\u00e9l\u00a0: 00 33 1 43 17 30 95 \/ Fax\u00a0: 00 33 1 43 17 30 89<\/span><\/p>\n<p style=\"text-align: center;\"><span style=\"color: #000000;\"><b>Me Cyril EMANUELLI<br \/>\n<\/b>78 rue des Saints-P\u00e8res<\/span><br \/>\n<span style=\"color: #000000;\">75007 PARIS<\/span><br \/>\n<span style=\"color: #000000;\">T\u00e9l\u00a0: 00 33 1 43 17 30 99 \/ Fax\u00a0: 00 33 1 43 17 30 89<\/span><\/p>\n<p style=\"text-align: center;\"><span style=\"color: #000000;\"><b><br \/>\nAbogados colaboradores:<\/b><\/span><\/p>\n<p style=\"text-align: center;\"><span style=\"color: #000000;\"><b>Me Pierre QUEUDOT<br \/>\n<\/b>78 rue des Saints-P\u00e8res<\/span><br \/>\n<span style=\"color: #000000;\">75007 PARIS<\/span><br \/>\n<span style=\"color: #000000;\">T\u00e9l\u00a0: 00 33 1 43 17 30 98 \/ Fax\u00a0: 00 33 1 43 17 30 89<\/span><\/p>\n<p style=\"text-align: center;\"><span style=\"color: #000000;\"><b>Me Ivan NASIO<br \/>\n<\/b>78 rue des Saints-P\u00e8res<\/span><br \/>\n<span style=\"color: #000000;\">75007 PARIS<\/span><br \/>\n<span style=\"color: #000000;\">T\u00e9l\u00a0: 00 33 1 43 17 30 96 \/ Fax\u00a0: 00 33 1 43 17 30 89<\/span><\/p>\n<p style=\"text-align: center;\"><span style=\"color: #000000;\"><b>Me Parfait DIEDHIOU<br \/>\n<\/b>78 rue des Saints-P\u00e8res<\/span><br \/>\n<span style=\"color: #000000;\">75007 PARIS<\/span><br \/>\n<span style=\"color: #000000;\">T\u00e9l\u00a0: 00 33 1 43 17 32 36 \/ Fax\u00a0: 000 33 11 43 17 30 89<\/span><\/p>\n<p style=\"text-align: center;\"><span style=\"color: #000000;\"><b>Me Sarah GLAUMAUD-CARBONNIER<br \/>\n<\/b>78 rue des Saints-P\u00e8res<\/span><br \/>\n<span style=\"color: #000000;\">75007 PARIS<\/span><br \/>\n<span style=\"color: #000000;\">T\u00e9l\u00a0: 00 33 1 43 17 32 35 \/ Fax\u00a0: 00 33 1 43 17 30 89<\/span><\/p>\n<p style=\"text-align: center;\"><span style=\"color: #000000;\"><b>La SCP LE METAYER et associ\u00e9s<br \/>\n<\/b>Centre d\u2019affaires Genabum Park (b\u00e2timent B)<\/span><br \/>\n<span style=\"color: #000000;\">74 bis rue de l\u2019Argonne<\/span><br \/>\n<span style=\"color: #000000;\">45000 ORL\u00c9ANS<\/span><br \/>\n<span style=\"color: #000000;\">T\u00e9l\u00a0: 00 33 2\u00a038 53 18 98 \/ Fax\u00a0: 00 33 2 38 81 13 74<\/span><br \/>\n<span style=\"color: #000000;\">Site web\u00a0: <a style=\"color: #000000;\" href=\"http:\/\/www.avocats-orleans-scplemetayer.fr\">http:\/\/www.avocats-orleans-scplemetayer.fr<\/a><\/span><\/p>\n<p style=\"text-align: center;\"><span style=\"color: #000000;\"><b>SCP LATRAN et Associ\u00e9s<br \/>\n<\/b>29 rue Paradis<\/span><br \/>\n<span style=\"color: #000000;\">13001 MARSEILLE<\/span><br \/>\n<span style=\"color: #000000;\">T\u00e9l\u00a0: 00 33 4\u00a096 11 27 01 \/\u00a0Fax : 00 33 4\u00a096 11 27 05<\/span><br \/>\n<span style=\"color: #000000;\">Site web\u00a0: <a style=\"color: #000000;\" href=\"http:\/\/www.lafran-associes.com\">http:\/\/www.lafran-associes.com<\/a><\/span><\/p>\n<div class=\"fusion-sep-clear\"><\/div><div class=\"fusion-separator fusion-full-width-sep\" style=\"margin-left: auto;margin-right: auto;margin-top:20px;width:100%;\"><\/div><div class=\"fusion-sep-clear\"><\/div>\n<h2 style=\"text-align: center;\"><span style=\"color: #000000;\"><strong>E<\/strong><strong>n Espa\u00f1a:<\/strong><\/span><\/h2>\n<p style=\"text-align: center;\"><span style=\"color: #000000;\"><b>FB ABOGADOS<\/b><\/span><\/p>\n<p style=\"text-align: center;\"><span style=\"color: #000000;\"><b>Francisco GUARNER<br \/>\n<\/b>V\u00eda Augusta, 6 Pral.<\/span><br \/>\n<span style=\"color: #000000;\">08006 BARCELONA<\/span><br \/>\n<span style=\"color: #000000;\">Tel. 93 237 40 00 \/ Fax. 93 415 49 79<\/span><br \/>\n<span style=\"color: #000000;\">Site web\u00a0: <a style=\"color: #000000;\" href=\"http:\/\/www.fbabogados.net\">http:\/\/www.fbabogados.net<\/a><\/span><\/p>\n<p style=\"text-align: center;\"><span style=\"color: #000000;\"><b>BOSCH &amp; TORMO ABOGADOS<\/b><\/span><\/p>\n<p style=\"text-align: center;\"><span style=\"color: #000000;\"><b>Mariano ARIAS CASTELLANO<br \/>\n<\/b>C\/ La Paz n\u00ba44 Pta 5<\/span><br \/>\n<span style=\"color: #000000;\">46003\u00a0VALENCIA<\/span><br \/>\n<span style=\"color: #000000;\">Tel.\u00a096 352 26 08\u00a0 \/ Fax\u00a096 352 26 07<\/span><br \/>\n<span style=\"color: #000000;\">Site web\u00a0: <a style=\"color: #000000;\" href=\"http:\/\/boschtormo.es\">http:\/\/boschtormo.es<\/a><\/span><\/p>\n<\/div><div class=\"fusion-clearfix\"><\/div><\/div><\/div><\/div><\/div><\/p>\n","protected":false},"excerpt":{"rendered":"","protected":false},"author":1,"featured_media":0,"parent":0,"menu_order":0,"comment_status":"closed","ping_status":"closed","template":"","meta":{"footnotes":""},"class_list":["post-1677","page","type-page","status-publish","hentry"],"yoast_head":"<!-- This site is optimized with the Yoast SEO plugin v27.3 - https:\/\/yoast.com\/product\/yoast-seo-wordpress\/ -->\n<title>Socios y colaboradores - Herrera Cesareo Avocats<\/title>\n<meta name=\"robots\" content=\"index, follow, max-snippet:-1, max-image-preview:large, max-video-preview:-1\" \/>\n<link rel=\"canonical\" href=\"https:\/\/herreracesareo.com\/es\/socios-y-colaboradores\/\" \/>\n<meta property=\"og:locale\" content=\"es_ES\" \/>\n<meta property=\"og:type\" content=\"article\" \/>\n<meta property=\"og:title\" content=\"Socios y colaboradores - Herrera Cesareo Avocats\" \/>\n<meta property=\"og:url\" content=\"https:\/\/herreracesareo.com\/es\/socios-y-colaboradores\/\" \/>\n<meta property=\"og:site_name\" content=\"Herrera Cesareo Avocats\" \/>\n<meta property=\"article:modified_time\" content=\"2020-02-10T11:10:13+00:00\" \/>\n<meta name=\"twitter:card\" content=\"summary_large_image\" \/>\n<meta name=\"twitter:label1\" content=\"Tiempo de lectura\" \/>\n\t<meta name=\"twitter:data1\" content=\"7 minutos\" \/>\n<script type=\"application\/ld+json\" class=\"yoast-schema-graph\">{\"@context\":\"https:\\\/\\\/schema.org\",\"@graph\":[{\"@type\":\"WebPage\",\"@id\":\"https:\\\/\\\/herreracesareo.com\\\/es\\\/socios-y-colaboradores\\\/\",\"url\":\"https:\\\/\\\/herreracesareo.com\\\/es\\\/socios-y-colaboradores\\\/\",\"name\":\"Socios y colaboradores - Herrera Cesareo Avocats\",\"isPartOf\":{\"@id\":\"https:\\\/\\\/herreracesareo.com\\\/#website\"},\"datePublished\":\"2018-05-03T09:36:55+00:00\",\"dateModified\":\"2020-02-10T11:10:13+00:00\",\"breadcrumb\":{\"@id\":\"https:\\\/\\\/herreracesareo.com\\\/es\\\/socios-y-colaboradores\\\/#breadcrumb\"},\"inLanguage\":\"es\",\"potentialAction\":[{\"@type\":\"ReadAction\",\"target\":[\"https:\\\/\\\/herreracesareo.com\\\/es\\\/socios-y-colaboradores\\\/\"]}]},{\"@type\":\"BreadcrumbList\",\"@id\":\"https:\\\/\\\/herreracesareo.com\\\/es\\\/socios-y-colaboradores\\\/#breadcrumb\",\"itemListElement\":[{\"@type\":\"ListItem\",\"position\":1,\"name\":\"Portada\",\"item\":\"https:\\\/\\\/herreracesareo.com\\\/es\\\/\"},{\"@type\":\"ListItem\",\"position\":2,\"name\":\"Socios y colaboradores\"}]},{\"@type\":\"WebSite\",\"@id\":\"https:\\\/\\\/herreracesareo.com\\\/#website\",\"url\":\"https:\\\/\\\/herreracesareo.com\\\/\",\"name\":\"Herrera Cesareo Avocats\",\"description\":\"C&#039;est un site de cabinet d&#039;avocats bilingue en fran\u00e7ais et en espagnol qui offre ses services aux particuliers et aux entreprises en France.\",\"potentialAction\":[{\"@type\":\"SearchAction\",\"target\":{\"@type\":\"EntryPoint\",\"urlTemplate\":\"https:\\\/\\\/herreracesareo.com\\\/?s={search_term_string}\"},\"query-input\":{\"@type\":\"PropertyValueSpecification\",\"valueRequired\":true,\"valueName\":\"search_term_string\"}}],\"inLanguage\":\"es\"}]}<\/script>\n<!-- \/ Yoast SEO plugin. -->","yoast_head_json":{"title":"Socios y colaboradores - Herrera Cesareo Avocats","robots":{"index":"index","follow":"follow","max-snippet":"max-snippet:-1","max-image-preview":"max-image-preview:large","max-video-preview":"max-video-preview:-1"},"canonical":"https:\/\/herreracesareo.com\/es\/socios-y-colaboradores\/","og_locale":"es_ES","og_type":"article","og_title":"Socios y colaboradores - Herrera Cesareo Avocats","og_url":"https:\/\/herreracesareo.com\/es\/socios-y-colaboradores\/","og_site_name":"Herrera Cesareo Avocats","article_modified_time":"2020-02-10T11:10:13+00:00","twitter_card":"summary_large_image","twitter_misc":{"Tiempo de lectura":"7 minutos"},"schema":{"@context":"https:\/\/schema.org","@graph":[{"@type":"WebPage","@id":"https:\/\/herreracesareo.com\/es\/socios-y-colaboradores\/","url":"https:\/\/herreracesareo.com\/es\/socios-y-colaboradores\/","name":"Socios y colaboradores - Herrera Cesareo Avocats","isPartOf":{"@id":"https:\/\/herreracesareo.com\/#website"},"datePublished":"2018-05-03T09:36:55+00:00","dateModified":"2020-02-10T11:10:13+00:00","breadcrumb":{"@id":"https:\/\/herreracesareo.com\/es\/socios-y-colaboradores\/#breadcrumb"},"inLanguage":"es","potentialAction":[{"@type":"ReadAction","target":["https:\/\/herreracesareo.com\/es\/socios-y-colaboradores\/"]}]},{"@type":"BreadcrumbList","@id":"https:\/\/herreracesareo.com\/es\/socios-y-colaboradores\/#breadcrumb","itemListElement":[{"@type":"ListItem","position":1,"name":"Portada","item":"https:\/\/herreracesareo.com\/es\/"},{"@type":"ListItem","position":2,"name":"Socios y colaboradores"}]},{"@type":"WebSite","@id":"https:\/\/herreracesareo.com\/#website","url":"https:\/\/herreracesareo.com\/","name":"Herrera Cesareo Avocats","description":"C&#039;est un site de cabinet d&#039;avocats bilingue en fran\u00e7ais et en espagnol qui offre ses services aux particuliers et aux entreprises en France.","potentialAction":[{"@type":"SearchAction","target":{"@type":"EntryPoint","urlTemplate":"https:\/\/herreracesareo.com\/?s={search_term_string}"},"query-input":{"@type":"PropertyValueSpecification","valueRequired":true,"valueName":"search_term_string"}}],"inLanguage":"es"}]}},"jetpack_sharing_enabled":true,"_links":{"self":[{"href":"https:\/\/herreracesareo.com\/es\/wp-json\/wp\/v2\/pages\/1677","targetHints":{"allow":["GET"]}}],"collection":[{"href":"https:\/\/herreracesareo.com\/es\/wp-json\/wp\/v2\/pages"}],"about":[{"href":"https:\/\/herreracesareo.com\/es\/wp-json\/wp\/v2\/types\/page"}],"author":[{"embeddable":true,"href":"https:\/\/herreracesareo.com\/es\/wp-json\/wp\/v2\/users\/1"}],"replies":[{"embeddable":true,"href":"https:\/\/herreracesareo.com\/es\/wp-json\/wp\/v2\/comments?post=1677"}],"version-history":[{"count":10,"href":"https:\/\/herreracesareo.com\/es\/wp-json\/wp\/v2\/pages\/1677\/revisions"}],"predecessor-version":[{"id":1931,"href":"https:\/\/herreracesareo.com\/es\/wp-json\/wp\/v2\/pages\/1677\/revisions\/1931"}],"wp:attachment":[{"href":"https:\/\/herreracesareo.com\/es\/wp-json\/wp\/v2\/media?parent=1677"}],"curies":[{"name":"wp","href":"https:\/\/api.w.org\/{rel}","templated":true}]}}