{"id":1688,"date":"2018-04-06T09:48:15","date_gmt":"2018-04-06T09:48:15","guid":{"rendered":"http:\/\/herreracesareo.com\/notre-expertise\/"},"modified":"2026-04-15T07:58:16","modified_gmt":"2026-04-15T07:58:16","slug":"areas-de-trabajo","status":"publish","type":"page","link":"https:\/\/herreracesareo.com\/es\/areas-de-trabajo\/","title":{"rendered":"\u00c1reas de trabajo"},"content":{"rendered":"<p><div class=\"fusion-fullwidth fullwidth-box fusion-builder-row-1 nonhundred-percent-fullwidth non-hundred-percent-height-scrolling\" style=\"--awb-border-radius-top-left:0px;--awb-border-radius-top-right:0px;--awb-border-radius-bottom-right:0px;--awb-border-radius-bottom-left:0px;--awb-margin-bottom:20px;--awb-background-color:rgba(255,255,255,0);--awb-flex-wrap:wrap;\" ><div class=\"fusion-builder-row fusion-row\"><div class=\"fusion-layout-column fusion_builder_column fusion-builder-column-0 fusion_builder_column_1_1 1_1 fusion-one-full fusion-column-first fusion-column-last\" style=\"--awb-bg-size:cover;--awb-margin-bottom:0px;\"><div class=\"fusion-column-wrapper fusion-flex-column-wrapper-legacy\"><div class=\"fusion-text fusion-text-1\"><h1 style=\"text-align: center;\" data-fontsize=\"40\" data-lineheight=\"40\"><span style=\"color: #ffffff;\">\u00bfComo le podemos ayudar?<\/span><\/h1>\n<p style=\"text-align: center;\"><span style=\"color: #ffffff;\">Nuestro despacho ofrece sus servicios<span class=\"Apple-converted-space\">\u00a0 <\/span>a personas ficicas y a empresas, en las principales \u00e1reas de derecho mercantil, civil y penal.<\/span><\/p>\n<p style=\"text-align: center;\"><span style=\"color: #ffffff;\">Abarcamos tambi\u00e9n a trav\u00e9s de los abogados de nuestra red de socios y colaboradores, otras \u00e1reas del derecho, (como son el derecho laboral, bancario, de la construcci\u00f3n y de seguros).<\/span><\/p>\n<div class=\"fusion-title title fusion-title-center fusion-title-size-two\">\n<div class=\"title-sep-container title-sep-container-left\"><\/div>\n<\/div>\n<\/div><div class=\"fusion-clearfix\"><\/div><\/div><\/div><\/div><\/div><div class=\"fusion-fullwidth fullwidth-box fusion-builder-row-2 nonhundred-percent-fullwidth non-hundred-percent-height-scrolling fusion-equal-height-columns\" style=\"--awb-border-radius-top-left:0px;--awb-border-radius-top-right:0px;--awb-border-radius-bottom-right:0px;--awb-border-radius-bottom-left:0px;--awb-padding-top:0px;--awb-padding-right:0px;--awb-padding-bottom:0px;--awb-padding-left:0px;--awb-margin-top:10px;--awb-margin-bottom:40px;--awb-background-color:transparent;--awb-flex-wrap:wrap;\" ><div class=\"fusion-builder-row fusion-row\"><div class=\"fusion-layout-column fusion_builder_column fusion-builder-column-1 fusion_builder_column_1_1 1_1 fusion-one-full fusion-column-first fusion-column-last\" style=\"--awb-bg-size:cover;--awb-margin-bottom:0px;\"><div class=\"fusion-column-wrapper fusion-flex-column-wrapper-legacy\"><div class=\"fusion-column-content-centered\"><div class=\"fusion-column-content\"><div class=\"fusion-builder-row fusion-builder-row-inner fusion-row\"><div class=\"fusion-layout-column fusion_builder_column_inner fusion-builder-nested-column-0 fusion_builder_column_inner_1_3 1_3 fusion-one-third fusion-column-first fusion-animated\" style=\"--awb-padding-top:15px;--awb-padding-right:30px;--awb-padding-bottom:30px;--awb-padding-left:30px;--awb-bg-color:rgba(0,0,0,0.6);--awb-bg-color-hover:rgba(0,0,0,0.6);--awb-bg-image:url(&#039;http:\/\/herreracesareo.com\/wp-content\/uploads\/2018\/12\/droit-de-la-famille-et-du-logement.jpg&#039;);--awb-bg-position:right bottom;--awb-bg-blend:overlay;--awb-bg-size:cover;--awb-border-color:#000;--awb-border-top:1px;--awb-border-right:1px;--awb-border-bottom:1px;--awb-border-left:1px;--awb-border-style:solid;width:33.333333333333%;width:calc(33.333333333333% - ( ( 20px + 20px ) * 0.33333333333333 ) );margin-right: 20px;\" data-animationType=\"fadeInUp\" data-animationDuration=\"1.0\" data-animationOffset=\"top-into-view\"><div class=\"fusion-column-wrapper fusion-column-has-shadow fusion-flex-column-wrapper-legacy fusion-column-has-bg-image\" data-bg-url=\"http:\/\/herreracesareo.com\/wp-content\/uploads\/2018\/12\/droit-de-la-famille-et-du-logement.jpg\"><div class=\"fusion-text fusion-text-2\"><h3><span style=\"color: #ffffff;\">Derecho de familia e inmobiliario<\/span><\/h3>\n<p><span style=\"color: #ffffff;\">Nuestro despacho asesora y defiende a las personas que se enfrentan a un conflicto familiar (divorcio, separacion, custodia de menores, pensiones, herencia, sucesiones&#8230;) o relaci\u00f3nado con su vivienda (alquiler, propiedad&#8230;).<\/span><\/p>\n<\/div><div class=\"fusion-sep-clear\"><\/div><div class=\"fusion-separator fusion-full-width-sep\" style=\"margin-left: auto;margin-right: auto;margin-top:61px;margin-bottom:32px;width:100%;\"><\/div><div class=\"fusion-sep-clear\"><\/div><div class=\"fusion-button-wrapper\"><a class=\"fusion-button button-flat button-large button-custom fusion-button-default button-1 fusion-button-default-span fusion-animated\" style=\"--button_accent_color:#ffffff;--button_border_color:#ffffff;--button_accent_hover_color:#cccccc;--button_border_hover_color:#cccccc;--button_gradient_top_color:transparent;--button_gradient_bottom_color:transparent;--button_gradient_top_color_hover:rgba(150,195,70,0);--button_gradient_bottom_color_hover:rgba(150,195,70,0);--button_text_transform:none;\" data-animationType=\"fadeInRight\" data-animationDuration=\"1.0\" data-animationOffset=\"top-into-view\" target=\"_self\" href=\"https:\/\/herreracesareo.com\/es\/derecho-de-familia-e-inmobiliario\/\"><span class=\"fusion-button-text awb-button__text awb-button__text--default\">Abogado divorcio &amp; herencia Par\u00eds<\/span><\/a><\/div><div class=\"fusion-clearfix\"><\/div><\/div><\/div><div class=\"fusion-layout-column fusion_builder_column_inner fusion-builder-nested-column-1 fusion_builder_column_inner_1_3 1_3 fusion-one-third fusion-animated\" style=\"--awb-padding-top:15px;--awb-padding-right:30px;--awb-padding-bottom:30px;--awb-padding-left:30px;--awb-bg-color:rgba(0,0,0,0.6);--awb-bg-color-hover:rgba(0,0,0,0.6);--awb-bg-image:url(&#039;http:\/\/herreracesareo.com\/wp-content\/uploads\/2018\/12\/droit-penal-1.jpg&#039;);--awb-bg-position:right bottom;--awb-bg-blend:overlay;--awb-bg-size:cover;--awb-border-color:#000000;--awb-border-top:1px;--awb-border-right:1px;--awb-border-bottom:1px;--awb-border-left:1px;--awb-border-style:solid;--awb-margin-bottom:20px;width:33.333333333333%;width:calc(33.333333333333% - ( ( 20px + 20px ) * 0.33333333333333 ) );margin-right: 20px;\" data-animationType=\"fadeInUp\" data-animationDuration=\"1.0\" data-animationOffset=\"top-into-view\"><div class=\"fusion-column-wrapper fusion-column-has-shadow fusion-flex-column-wrapper-legacy fusion-column-has-bg-image\" data-bg-url=\"http:\/\/herreracesareo.com\/wp-content\/uploads\/2018\/12\/droit-penal-1.jpg\"><div class=\"fusion-text fusion-text-3\"><h3><span style=\"color: #ffffff;\">Derecho penal<\/span><\/h3>\n<p><span style=\"color: #ffffff;\">Acompa\u00f1amos y asesoramos, en cada etapa del proceso penal, a las personas fisicas (mayores y menores de edad) y a las empresas que son procesadas o condenadas.<\/span><\/p>\n<\/div><div class=\"fusion-sep-clear\"><\/div><div class=\"fusion-separator fusion-full-width-sep\" style=\"margin-left: auto;margin-right: auto;margin-top:25px;margin-bottom:75px;width:100%;\"><\/div><div class=\"fusion-sep-clear\"><\/div><div class=\"fusion-button-wrapper\"><a class=\"fusion-button button-flat button-large button-custom fusion-button-default button-2 fusion-button-default-span fusion-animated\" style=\"--button_accent_color:#ffffff;--button_border_color:#ffffff;--button_accent_hover_color:#cccccc;--button_border_hover_color:#cccccc;--button_gradient_top_color:rgba(0,0,0,0);--button_gradient_bottom_color:rgba(0,0,0,0);--button_gradient_top_color_hover:rgba(150,195,70,0);--button_gradient_bottom_color_hover:rgba(150,195,70,0);--button_text_transform:none;\" data-animationType=\"fadeInRight\" data-animationDuration=\"1.0\" data-animationOffset=\"top-into-view\" target=\"_self\" href=\"https:\/\/herreracesareo.com\/es\/derecho-penal\/\"><span class=\"fusion-button-text awb-button__text awb-button__text--default\">Abogado penal en Par\u00eds<\/span><\/a><\/div><div class=\"fusion-clearfix\"><\/div><\/div><\/div><div class=\"fusion-layout-column fusion_builder_column_inner fusion-builder-nested-column-2 fusion_builder_column_inner_1_3 1_3 fusion-one-third fusion-column-last fusion-animated\" style=\"--awb-padding-top:15px;--awb-padding-right:30px;--awb-padding-bottom:30px;--awb-padding-left:30px;--awb-bg-color:rgba(0,0,0,0.6);--awb-bg-color-hover:rgba(0,0,0,0.6);--awb-bg-image:url(&#039;http:\/\/herreracesareo.com\/wp-content\/uploads\/2018\/12\/droit-des-victimes3.jpg&#039;);--awb-bg-position:right bottom;--awb-bg-blend:overlay;--awb-bg-size:cover;--awb-border-color:#000;--awb-border-top:1px;--awb-border-right:1px;--awb-border-bottom:1px;--awb-border-left:1px;--awb-border-style:solid;--awb-margin-bottom:20px;width:33.333333333333%;width:calc(33.333333333333% - ( ( 20px + 20px ) * 0.33333333333333 ) );\" data-animationType=\"fadeInUp\" data-animationDuration=\"1.0\" data-animationOffset=\"top-into-view\"><div class=\"fusion-column-wrapper fusion-column-has-shadow fusion-flex-column-wrapper-legacy fusion-column-has-bg-image\" data-bg-url=\"http:\/\/herreracesareo.com\/wp-content\/uploads\/2018\/12\/droit-des-victimes3.jpg\"><div class=\"fusion-text fusion-text-4\"><h3><span style=\"color: #ffffff;\">Derecho de las v\u00edctimas<\/span><\/h3>\n<p><span style=\"color: #ffffff;\">Asesoramos y ayudamos a las personas fisicas (mayores y menores de edad) y a las empresas, v\u00edctimas de un delito penal, para que los da\u00f1os que hayan sufrido sean reconocidos judicialmente e indemnizados. Nuestro despacho tambi\u00e9n defiende a las personas v\u00edctimas de accidentes de<\/span><br \/>\n<span style=\"color: #ffffff;\">tr\u00e1fico o de\u00a0negligencias\/errores<\/span><br \/>\n<span style=\"color: #ffffff;\">m\u00e9dicos tras una intervencion.<\/span><\/p>\n<\/div><div class=\"fusion-sep-clear\"><\/div><div class=\"fusion-separator fusion-full-width-sep\" style=\"margin-left: auto;margin-right: auto;margin-top:0px;margin-bottom:0px;width:100%;\"><\/div><div class=\"fusion-sep-clear\"><\/div><div class=\"fusion-button-wrapper\"><a class=\"fusion-button button-flat button-large button-custom fusion-button-default button-3 fusion-button-default-span fusion-animated\" style=\"--button_accent_color:#ffffff;--button_border_color:#ffffff;--button_accent_hover_color:#cccccc;--button_border_hover_color:#cccccc;--button_gradient_top_color:transparent;--button_gradient_bottom_color:transparent;--button_gradient_top_color_hover:rgba(150,195,70,0);--button_gradient_bottom_color_hover:rgba(150,195,70,0);--button_text_transform:none;\" data-animationType=\"fadeInRight\" data-animationDuration=\"1.0\" data-animationOffset=\"top-into-view\" target=\"_self\" href=\"https:\/\/herreracesareo.com\/es\/el-derecho-de-las-victimas\/\"><span class=\"fusion-button-text awb-button__text awb-button__text--default\">Abogado v\u00edctimas en Par\u00eds<\/span><\/a><\/div><div class=\"fusion-clearfix\"><\/div><\/div><\/div><\/div><\/div><\/div><div class=\"fusion-clearfix\"><\/div><\/div><\/div><\/div><\/div><div class=\"fusion-fullwidth fullwidth-box fusion-builder-row-3 has-pattern-background has-mask-background nonhundred-percent-fullwidth non-hundred-percent-height-scrolling fusion-equal-height-columns\" style=\"--awb-border-radius-top-left:0px;--awb-border-radius-top-right:0px;--awb-border-radius-bottom-right:0px;--awb-border-radius-bottom-left:0px;--awb-padding-top:0px;--awb-padding-right:0px;--awb-padding-bottom:0px;--awb-padding-left:0px;--awb-margin-top:10px;--awb-margin-bottom:60px;--awb-background-color:transparent;--awb-flex-wrap:wrap;\" ><div class=\"fusion-builder-row fusion-row\"><div class=\"fusion-layout-column fusion_builder_column fusion-builder-column-2 fusion_builder_column_1_1 1_1 fusion-one-full fusion-column-first fusion-column-last\" style=\"--awb-bg-size:cover;\"><div class=\"fusion-column-wrapper fusion-flex-column-wrapper-legacy\"><div class=\"fusion-column-content-centered\"><div class=\"fusion-column-content\"><div class=\"fusion-builder-row fusion-builder-row-inner fusion-row\"><div class=\"fusion-layout-column fusion_builder_column_inner fusion-builder-nested-column-3 fusion_builder_column_inner_1_3 1_3 fusion-one-third fusion-column-first fusion-animated\" style=\"--awb-padding-top:15px;--awb-padding-right:30px;--awb-padding-bottom:30px;--awb-padding-left:30px;--awb-bg-color:rgba(0,0,0,0.6);--awb-bg-color-hover:rgba(0,0,0,0.6);--awb-bg-image:url(&#039;http:\/\/herreracesareo.com\/wp-content\/uploads\/2018\/12\/droit-des-contrats2-1.jpg&#039;);--awb-bg-position:right bottom;--awb-bg-blend:overlay;--awb-bg-size:cover;--awb-border-color:#000;--awb-border-top:1px;--awb-border-right:1px;--awb-border-bottom:1px;--awb-border-left:1px;--awb-border-style:solid;--awb-margin-bottom:20px;width:33.333333333333%;width:calc(33.333333333333% - ( ( 20px ) * 0.33333333333333 ) );margin-right: 20px;\" data-animationType=\"fadeInUp\" data-animationDuration=\"1.0\" data-animationOffset=\"top-into-view\"><div class=\"fusion-column-wrapper fusion-column-has-shadow fusion-flex-column-wrapper-legacy fusion-column-has-bg-image\" data-bg-url=\"http:\/\/herreracesareo.com\/wp-content\/uploads\/2018\/12\/droit-des-contrats2-1.jpg\"><div class=\"fusion-text fusion-text-5\"><h3><span style=\"color: #ffffff;\">Derecho mercantil y contratos<\/span><\/h3>\n<p><span style=\"color: #ffffff;\">Nuestro despacho se encarga de redactar todo tipo de contratos o documentos legales de acuerdo con las necesidades de nuestros clientes.\u00a0Tambi\u00e9n asesoramos y defendemos a nuestros clientes en caso de disputas relacionadas con la interpretaci\u00f3n, el incumplimiento o la ejecuci\u00f3n incorrecta de un contrato.<\/span><\/p>\n<\/div><div class=\"fusion-sep-clear\"><\/div><div class=\"fusion-separator fusion-full-width-sep\" style=\"margin-left: auto;margin-right: auto;margin-top:2px;margin-bottom:1px;width:100%;\"><\/div><div class=\"fusion-sep-clear\"><\/div><div class=\"fusion-button-wrapper\"><a class=\"fusion-button button-flat fusion-button-default-size button-custom fusion-button-default button-4 fusion-button-default-span fusion-button-default-type\" style=\"--button_accent_color:#ffffff;--button_border_color:#ffffff;--button_accent_hover_color:#cccccc;--button_border_hover_color:#cccccc;--button_gradient_top_color:rgba(160,206,78,0);--button_gradient_bottom_color:rgba(160,206,78,0);--button_gradient_top_color_hover:rgba(150,195,70,0);--button_gradient_bottom_color_hover:rgba(150,195,70,0);--button_text_transform:none;\" target=\"_self\" href=\"https:\/\/herreracesareo.com\/es\/derecho-mercantil-y-contratos\"><span class=\"fusion-button-text awb-button__text awb-button__text--default\">Abogado negocios Par\u00eds<\/span><\/a><\/div><div class=\"fusion-clearfix\"><\/div><\/div><\/div><div class=\"fusion-layout-column fusion_builder_column_inner fusion-builder-nested-column-4 fusion_builder_column_inner_1_3 1_3 fusion-one-third fusion-column-last fusion-animated\" style=\"--awb-padding-top:15px;--awb-padding-right:30px;--awb-padding-bottom:30px;--awb-padding-left:30px;--awb-bg-color:#ffffff;--awb-bg-color-hover:#ffffff;--awb-bg-image:url(&#039;http:\/\/herreracesareo.com\/wp-content\/uploads\/2018\/12\/recouvrement-creances3.jpg&#039;);--awb-bg-position:right bottom;--awb-bg-size:cover;--awb-border-color:#000000;--awb-border-top:1px;--awb-border-right:1px;--awb-border-bottom:1px;--awb-border-left:1px;--awb-border-style:solid;--awb-margin-bottom:20px;width:33.333333333333%;width:calc(33.333333333333% - ( ( 20px ) * 0.33333333333333 ) );\" data-animationType=\"fadeInUp\" data-animationDuration=\"1.0\" data-animationOffset=\"top-into-view\" data-scroll-devices=\"small-visibility,medium-visibility,large-visibility\"><div class=\"fusion-column-wrapper fusion-column-has-shadow fusion-flex-column-wrapper-legacy fusion-column-has-bg-image\" data-bg-url=\"http:\/\/herreracesareo.com\/wp-content\/uploads\/2018\/12\/recouvrement-creances3.jpg\"><div class=\"fusion-text fusion-text-6\"><h3><span style=\"color: #ffffff;\">Recobro de deudas<\/span><\/h3>\n<p><span style=\"color: #ffffff;\">Nuestro despacho se dedica al recobro de deudas pendientes de empresas o de particulares.\u00a0Asesoramos a nuestros clientes para que consigan (en la mayor brevedad posible) el pago de sus facturas por sus deudores (clientes, proveedores u otros) ubicados en Francia.<\/span><\/p>\n<\/div><div class=\"fusion-sep-clear\"><\/div><div class=\"fusion-separator fusion-full-width-sep\" style=\"margin-left: auto;margin-right: auto;margin-top:1px;margin-bottom:22px;width:100%;\"><\/div><div class=\"fusion-sep-clear\"><\/div><div class=\"fusion-alignleft\"><a class=\"fusion-button button-flat button-large button-custom fusion-button-default button-5 fusion-button-default-span \" style=\"--button_accent_color:#ffffff;--button_border_color:#ffffff;--button_accent_hover_color:#cccccc;--button_border_hover_color:#cccccc;--button_gradient_top_color:transparent;--button_gradient_bottom_color:transparent;--button_gradient_top_color_hover:rgba(150,195,70,0);--button_gradient_bottom_color_hover:rgba(150,195,70,0);--button_text_transform:none;\" target=\"_self\" href=\"https:\/\/herreracesareo.com\/es\/cobro-de-morosos-impagados-francia\/\"><span class=\"fusion-button-text awb-button__text awb-button__text--default\">Abogado cobro morosos Par\u00eds<\/span><\/a><\/div><div class=\"fusion-clearfix\"><\/div><\/div><\/div><\/div><\/div><\/div><div class=\"fusion-clearfix\"><\/div><\/div><\/div><\/div><\/div><\/p>\n","protected":false},"excerpt":{"rendered":"","protected":false},"author":1,"featured_media":0,"parent":0,"menu_order":0,"comment_status":"closed","ping_status":"closed","template":"","meta":{"footnotes":""},"class_list":["post-1688","page","type-page","status-publish","hentry"],"yoast_head":"<!-- This site is optimized with the Yoast SEO plugin v27.3 - https:\/\/yoast.com\/product\/yoast-seo-wordpress\/ -->\n<title>\u00c1reas de trabajo \u2013 Abogado espa\u00f1ol en Par\u00eds \u2013 Herrera Cesareo<\/title>\n<meta name=\"description\" content=\"Derecho penal, familia, v\u00edctimas, contratos y cobro de morosos. Las \u00e1reas de pr\u00e1ctica del despacho Herrera Cesareo, abogado biling\u00fce espa\u00f1ol-franc\u00e9s en Par\u00eds\" \/>\n<meta name=\"robots\" content=\"index, follow, max-snippet:-1, max-image-preview:large, max-video-preview:-1\" \/>\n<link rel=\"canonical\" href=\"https:\/\/herreracesareo.com\/es\/areas-de-trabajo\/\" \/>\n<meta property=\"og:locale\" content=\"es_ES\" \/>\n<meta property=\"og:type\" content=\"article\" \/>\n<meta property=\"og:title\" content=\"\u00c1reas de trabajo \u2013 Abogado espa\u00f1ol en Par\u00eds \u2013 Herrera Cesareo\" \/>\n<meta property=\"og:description\" content=\"Derecho penal, familia, v\u00edctimas, contratos y cobro de morosos. Las \u00e1reas de pr\u00e1ctica del despacho Herrera Cesareo, abogado biling\u00fce espa\u00f1ol-franc\u00e9s en Par\u00eds\" \/>\n<meta property=\"og:url\" content=\"https:\/\/herreracesareo.com\/es\/areas-de-trabajo\/\" \/>\n<meta property=\"og:site_name\" content=\"Herrera Cesareo Avocats\" \/>\n<meta property=\"article:modified_time\" content=\"2026-04-15T07:58:16+00:00\" \/>\n<meta name=\"twitter:card\" content=\"summary_large_image\" \/>\n<meta name=\"twitter:label1\" content=\"Tiempo de lectura\" \/>\n\t<meta name=\"twitter:data1\" content=\"2 minutos\" \/>\n<script type=\"application\/ld+json\" class=\"yoast-schema-graph\">{\"@context\":\"https:\\\/\\\/schema.org\",\"@graph\":[{\"@type\":\"WebPage\",\"@id\":\"https:\\\/\\\/herreracesareo.com\\\/es\\\/areas-de-trabajo\\\/\",\"url\":\"https:\\\/\\\/herreracesareo.com\\\/es\\\/areas-de-trabajo\\\/\",\"name\":\"\u00c1reas de trabajo \u2013 Abogado espa\u00f1ol en Par\u00eds \u2013 Herrera Cesareo\",\"isPartOf\":{\"@id\":\"https:\\\/\\\/herreracesareo.com\\\/#website\"},\"datePublished\":\"2018-04-06T09:48:15+00:00\",\"dateModified\":\"2026-04-15T07:58:16+00:00\",\"description\":\"Derecho penal, familia, v\u00edctimas, contratos y cobro de morosos. Las \u00e1reas de pr\u00e1ctica del despacho Herrera Cesareo, abogado biling\u00fce espa\u00f1ol-franc\u00e9s en Par\u00eds\",\"breadcrumb\":{\"@id\":\"https:\\\/\\\/herreracesareo.com\\\/es\\\/areas-de-trabajo\\\/#breadcrumb\"},\"inLanguage\":\"es\",\"potentialAction\":[{\"@type\":\"ReadAction\",\"target\":[\"https:\\\/\\\/herreracesareo.com\\\/es\\\/areas-de-trabajo\\\/\"]}]},{\"@type\":\"BreadcrumbList\",\"@id\":\"https:\\\/\\\/herreracesareo.com\\\/es\\\/areas-de-trabajo\\\/#breadcrumb\",\"itemListElement\":[{\"@type\":\"ListItem\",\"position\":1,\"name\":\"Portada\",\"item\":\"https:\\\/\\\/herreracesareo.com\\\/es\\\/\"},{\"@type\":\"ListItem\",\"position\":2,\"name\":\"\u00c1reas de trabajo\"}]},{\"@type\":\"WebSite\",\"@id\":\"https:\\\/\\\/herreracesareo.com\\\/#website\",\"url\":\"https:\\\/\\\/herreracesareo.com\\\/\",\"name\":\"Herrera Cesareo Avocats\",\"description\":\"C&#039;est un site de cabinet d&#039;avocats bilingue en fran\u00e7ais et en espagnol qui offre ses services aux particuliers et aux entreprises en France.\",\"potentialAction\":[{\"@type\":\"SearchAction\",\"target\":{\"@type\":\"EntryPoint\",\"urlTemplate\":\"https:\\\/\\\/herreracesareo.com\\\/?s={search_term_string}\"},\"query-input\":{\"@type\":\"PropertyValueSpecification\",\"valueRequired\":true,\"valueName\":\"search_term_string\"}}],\"inLanguage\":\"es\"}]}<\/script>\n<!-- \/ Yoast SEO plugin. -->","yoast_head_json":{"title":"\u00c1reas de trabajo \u2013 Abogado espa\u00f1ol en Par\u00eds \u2013 Herrera Cesareo","description":"Derecho penal, familia, v\u00edctimas, contratos y cobro de morosos. Las \u00e1reas de pr\u00e1ctica del despacho Herrera Cesareo, abogado biling\u00fce espa\u00f1ol-franc\u00e9s en Par\u00eds","robots":{"index":"index","follow":"follow","max-snippet":"max-snippet:-1","max-image-preview":"max-image-preview:large","max-video-preview":"max-video-preview:-1"},"canonical":"https:\/\/herreracesareo.com\/es\/areas-de-trabajo\/","og_locale":"es_ES","og_type":"article","og_title":"\u00c1reas de trabajo \u2013 Abogado espa\u00f1ol en Par\u00eds \u2013 Herrera Cesareo","og_description":"Derecho penal, familia, v\u00edctimas, contratos y cobro de morosos. Las \u00e1reas de pr\u00e1ctica del despacho Herrera Cesareo, abogado biling\u00fce espa\u00f1ol-franc\u00e9s en Par\u00eds","og_url":"https:\/\/herreracesareo.com\/es\/areas-de-trabajo\/","og_site_name":"Herrera Cesareo Avocats","article_modified_time":"2026-04-15T07:58:16+00:00","twitter_card":"summary_large_image","twitter_misc":{"Tiempo de lectura":"2 minutos"},"schema":{"@context":"https:\/\/schema.org","@graph":[{"@type":"WebPage","@id":"https:\/\/herreracesareo.com\/es\/areas-de-trabajo\/","url":"https:\/\/herreracesareo.com\/es\/areas-de-trabajo\/","name":"\u00c1reas de trabajo \u2013 Abogado espa\u00f1ol en Par\u00eds \u2013 Herrera Cesareo","isPartOf":{"@id":"https:\/\/herreracesareo.com\/#website"},"datePublished":"2018-04-06T09:48:15+00:00","dateModified":"2026-04-15T07:58:16+00:00","description":"Derecho penal, familia, v\u00edctimas, contratos y cobro de morosos. Las \u00e1reas de pr\u00e1ctica del despacho Herrera Cesareo, abogado biling\u00fce espa\u00f1ol-franc\u00e9s en Par\u00eds","breadcrumb":{"@id":"https:\/\/herreracesareo.com\/es\/areas-de-trabajo\/#breadcrumb"},"inLanguage":"es","potentialAction":[{"@type":"ReadAction","target":["https:\/\/herreracesareo.com\/es\/areas-de-trabajo\/"]}]},{"@type":"BreadcrumbList","@id":"https:\/\/herreracesareo.com\/es\/areas-de-trabajo\/#breadcrumb","itemListElement":[{"@type":"ListItem","position":1,"name":"Portada","item":"https:\/\/herreracesareo.com\/es\/"},{"@type":"ListItem","position":2,"name":"\u00c1reas de trabajo"}]},{"@type":"WebSite","@id":"https:\/\/herreracesareo.com\/#website","url":"https:\/\/herreracesareo.com\/","name":"Herrera Cesareo Avocats","description":"C&#039;est un site de cabinet d&#039;avocats bilingue en fran\u00e7ais et en espagnol qui offre ses services aux particuliers et aux entreprises en France.","potentialAction":[{"@type":"SearchAction","target":{"@type":"EntryPoint","urlTemplate":"https:\/\/herreracesareo.com\/?s={search_term_string}"},"query-input":{"@type":"PropertyValueSpecification","valueRequired":true,"valueName":"search_term_string"}}],"inLanguage":"es"}]}},"jetpack_sharing_enabled":true,"_links":{"self":[{"href":"https:\/\/herreracesareo.com\/es\/wp-json\/wp\/v2\/pages\/1688","targetHints":{"allow":["GET"]}}],"collection":[{"href":"https:\/\/herreracesareo.com\/es\/wp-json\/wp\/v2\/pages"}],"about":[{"href":"https:\/\/herreracesareo.com\/es\/wp-json\/wp\/v2\/types\/page"}],"author":[{"embeddable":true,"href":"https:\/\/herreracesareo.com\/es\/wp-json\/wp\/v2\/users\/1"}],"replies":[{"embeddable":true,"href":"https:\/\/herreracesareo.com\/es\/wp-json\/wp\/v2\/comments?post=1688"}],"version-history":[{"count":73,"href":"https:\/\/herreracesareo.com\/es\/wp-json\/wp\/v2\/pages\/1688\/revisions"}],"predecessor-version":[{"id":1690,"href":"https:\/\/herreracesareo.com\/es\/wp-json\/wp\/v2\/pages\/1688\/revisions\/1690"}],"wp:attachment":[{"href":"https:\/\/herreracesareo.com\/es\/wp-json\/wp\/v2\/media?parent=1688"}],"curies":[{"name":"wp","href":"https:\/\/api.w.org\/{rel}","templated":true}]}}