{"id":1699,"date":"2018-03-31T09:31:12","date_gmt":"2018-03-31T09:31:12","guid":{"rendered":"http:\/\/herreracesareo.com\/publications\/"},"modified":"2026-02-16T10:43:52","modified_gmt":"2026-02-16T10:43:52","slug":"publicaciones","status":"publish","type":"page","link":"https:\/\/herreracesareo.com\/es\/publicaciones\/","title":{"rendered":"Publicaciones"},"content":{"rendered":"<p><div class=\"fusion-fullwidth fullwidth-box fusion-builder-row-1 nonhundred-percent-fullwidth non-hundred-percent-height-scrolling\" style=\"--awb-border-radius-top-left:0px;--awb-border-radius-top-right:0px;--awb-border-radius-bottom-right:0px;--awb-border-radius-bottom-left:0px;--awb-background-color:rgba(255,255,255,0);--awb-flex-wrap:wrap;\" ><div class=\"fusion-builder-row fusion-row\"><div class=\"fusion-layout-column fusion_builder_column fusion-builder-column-0 fusion_builder_column_1_1 1_1 fusion-one-full fusion-column-first fusion-column-last\" style=\"--awb-bg-size:cover;--awb-margin-bottom:0px;\"><div class=\"fusion-column-wrapper fusion-flex-column-wrapper-legacy\"><div class=\"fusion-text fusion-text-1\"><h1 style=\"text-align: center;\"><span style=\"color: #ffffff;\">Publicaciones<\/span><\/h1>\n<\/div><div class=\"fusion-clearfix\"><\/div><\/div><\/div><\/div><\/div><div class=\"fusion-fullwidth fullwidth-box fusion-builder-row-2 nonhundred-percent-fullwidth non-hundred-percent-height-scrolling fusion-no-small-visibility\" style=\"--awb-border-radius-top-left:0px;--awb-border-radius-top-right:0px;--awb-border-radius-bottom-right:0px;--awb-border-radius-bottom-left:0px;--awb-padding-right:60px;--awb-padding-bottom:40px;--awb-padding-left:60px;--awb-background-color:rgba(255,255,255,0);--awb-flex-wrap:wrap;\" ><div class=\"fusion-builder-row fusion-row\"><div class=\"fusion-layout-column fusion_builder_column fusion-builder-column-1 fusion_builder_column_1_1 1_1 fusion-one-full fusion-column-first fusion-column-last\" style=\"--awb-bg-color:rgba(0,0,0,0.4);--awb-bg-color-hover:rgba(0,0,0,0.4);--awb-bg-size:cover;--awb-border-color:#fff;--awb-border-top:1px;--awb-border-right:1px;--awb-border-bottom:1px;--awb-border-left:1px;--awb-border-style:solid;\"><div class=\"fusion-column-wrapper fusion-flex-column-wrapper-legacy\"><div class=\"fusion-column-content-centered\"><div class=\"fusion-column-content\"><div class=\"fusion-text fusion-text-2\"><h2><\/h2>\n<p style=\"text-align: center;\"><span style=\"color: #ffffff;\">El socio fundador del despacho, Federico Herrera Cesareo publica peri\u00f3dicamente articulos en revistas jur\u00eddicas.<\/span><\/p>\n<p style=\"text-align: center;\"><span style=\"color: #ffffff;\">Es autor de los siguientes estudios publicados:<\/span><\/p>\n<p style=\"text-align: center;\"><span style=\"color: #ffffff;\">\u00ab\u00a0Audition du mineur en cours d\u2019instruction\u00a0\u00bb (audici\u00f3n del menor durante la instrucci\u00f3n),<\/span><br \/>\n<span style=\"color: #ffffff;\">\u00ab\u00a0Contr\u00f4les, v\u00e9rifications et relev\u00e9s d\u2019identit\u00e9\u00a0\u00bb (Los Controles, verificaciones y declaraciones de identidad),<\/span><br \/>\n<span style=\"color: #ffffff;\">\u00ab\u00a0Conditions et octroi de l\u2019aide juridictionnelle\u00a0\u00bb (Condiciones y concesi\u00f3n de asistencia letrada)<\/span><br \/>\n<span style=\"color: #ffffff;\">\u00ab\u00a0Les commissions rogatoires\u00a0\u00bb (Comisiones rogatorias)<\/span><br \/>\n<span style=\"color: #ffffff;\">\u00ab\u00a0D\u00e9position du t\u00e9moin\u00a0\u00bb (declaraciones del testigo)<\/span><br \/>\n<span style=\"color: #ffffff;\">\u00ab\u00a0Tribunal de police\/juge de proximit\u00e9\u00a0\u00bb<i> <\/i>(Juzgado de polic\u00eda \/ juez de proximidad<i>)<\/i><\/span><\/p>\n<p style=\"text-align: center;\"><span style=\"color: #ffffff;\">Federico Herrera Cesareo tambi\u00e9n es coautor de los siguientes libros generales de derecho,<br \/>\npublicados en colaboraci\u00f3n con Bruno CESAREO (abogado y profesor asociado de derecho en la Facultad de Orleans):<\/span><\/p>\n<p style=\"text-align: center;\"><span style=\"color: #ffffff;\">\u00ab\u00a0Le droit p\u00e9nal g\u00e9n\u00e9ral\u00a0\u00bb (Derecho penal general)<\/span><br \/>\n<span style=\"color: #ffffff;\">\u00ab\u00a0 Le droit p\u00e9nal sp\u00e9cial\u00a0\u00bb (Derecho penal parte especial)<\/span><br \/>\n<span style=\"color: #ffffff;\">\u00ab\u00a0La proc\u00e9dure p\u00e9nale\u00a0\u00bb (Derecho procesal, procedimiento penal)<\/span><\/p>\n<\/div><\/div><\/div><div class=\"fusion-clearfix\"><\/div><\/div><\/div><\/div><\/div><div class=\"fusion-fullwidth fullwidth-box fusion-builder-row-3 nonhundred-percent-fullwidth non-hundred-percent-height-scrolling fusion-no-medium-visibility fusion-no-large-visibility\" style=\"--awb-border-radius-top-left:0px;--awb-border-radius-top-right:0px;--awb-border-radius-bottom-right:0px;--awb-border-radius-bottom-left:0px;--awb-padding-top:30px;--awb-padding-right:20px;--awb-padding-bottom:40px;--awb-padding-left:20px;--awb-background-color:rgba(255,255,255,0);--awb-flex-wrap:wrap;\" ><div class=\"fusion-builder-row fusion-row\"><div class=\"fusion-layout-column fusion_builder_column fusion-builder-column-2 fusion_builder_column_1_1 1_1 fusion-one-full fusion-column-first fusion-column-last\" style=\"--awb-padding-top:20px;--awb-padding-right:10px;--awb-padding-bottom:20px;--awb-padding-left:10px;--awb-bg-color:rgba(0,0,0,0.4);--awb-bg-color-hover:rgba(0,0,0,0.4);--awb-bg-size:cover;--awb-border-color:#fff;--awb-border-top:1px;--awb-border-right:1px;--awb-border-bottom:1px;--awb-border-left:1px;--awb-border-style:solid;\"><div class=\"fusion-column-wrapper fusion-flex-column-wrapper-legacy\"><div class=\"fusion-column-content-centered\"><div class=\"fusion-column-content\"><div class=\"fusion-text fusion-text-3\"><h2><\/h2>\n<p style=\"text-align: center;\"><span style=\"color: #ffffff;\">HERRERA CESAREO contribuye regularmente a varias revistas jur\u00eddicas especializadas.<\/span><\/p>\n<p style=\"text-align: center;\"><span style=\"color: #ffffff;\">Es autor de los siguientes estudios publicados:<\/span><\/p>\n<p style=\"text-align: center;\"><span style=\"color: #ffffff;\">Audici\u00f3n del menor durante la instrucci\u00f3n.<\/span><br \/>\n<span style=\"color: #ffffff;\">Controles, verificaciones y registros de identidad.<\/span><br \/>\n<span style=\"color: #ffffff;\">Condiciones y concesi\u00f3n de asistencia letrada.<\/span><br \/>\n<span style=\"color: #ffffff;\">Cartas rogatorias<\/span><br \/>\n<span style=\"color: #ffffff;\">Testimonio del testigo<\/span><br \/>\n<span style=\"color: #ffffff;\">Juzgado de polic\u00eda \/ juez de proximidad<\/span><\/p>\n<p style=\"text-align: center;\"><span style=\"color: #ffffff;\">Del mismo modo, Me HERRERA CESAREO es coautora de tres trabajos generales de derecho publicados.<\/span><br \/>\n<span style=\"color: #ffffff;\">en colaboraci\u00f3n con Bruno CESAREO (abogado y profesor asociado de derecho en la Facultad de Orleans):<\/span><\/p>\n<p style=\"text-align: center;\"><span style=\"color: #ffffff;\">Derecho penal general<\/span><br \/>\n<span style=\"color: #ffffff;\">Derecho penal especial<\/span><br \/>\n<span style=\"color: #ffffff;\">Procedimiento penal<\/span><\/p>\n<\/div><\/div><\/div><div class=\"fusion-clearfix\"><\/div><\/div><\/div><\/div><\/div><\/p>\n","protected":false},"excerpt":{"rendered":"","protected":false},"author":1,"featured_media":0,"parent":0,"menu_order":0,"comment_status":"closed","ping_status":"closed","template":"100-width.php","meta":{"footnotes":""},"class_list":["post-1699","page","type-page","status-publish","hentry"],"yoast_head":"<!-- This site is optimized with the Yoast SEO plugin v27.3 - https:\/\/yoast.com\/product\/yoast-seo-wordpress\/ -->\n<title>Publicaciones - Herrera Cesareo Avocats<\/title>\n<meta name=\"robots\" content=\"index, follow, max-snippet:-1, max-image-preview:large, max-video-preview:-1\" \/>\n<link rel=\"canonical\" href=\"https:\/\/herreracesareo.com\/es\/publicaciones\/\" \/>\n<meta property=\"og:locale\" content=\"es_ES\" \/>\n<meta property=\"og:type\" content=\"article\" \/>\n<meta property=\"og:title\" content=\"Publicaciones - Herrera Cesareo Avocats\" \/>\n<meta property=\"og:url\" content=\"https:\/\/herreracesareo.com\/es\/publicaciones\/\" \/>\n<meta property=\"og:site_name\" content=\"Herrera Cesareo Avocats\" \/>\n<meta property=\"article:modified_time\" content=\"2026-02-16T10:43:52+00:00\" \/>\n<meta name=\"twitter:card\" content=\"summary_large_image\" \/>\n<meta name=\"twitter:label1\" content=\"Tiempo de lectura\" \/>\n\t<meta name=\"twitter:data1\" content=\"1 minuto\" \/>\n<script type=\"application\/ld+json\" class=\"yoast-schema-graph\">{\"@context\":\"https:\\\/\\\/schema.org\",\"@graph\":[{\"@type\":\"WebPage\",\"@id\":\"https:\\\/\\\/herreracesareo.com\\\/es\\\/publicaciones\\\/\",\"url\":\"https:\\\/\\\/herreracesareo.com\\\/es\\\/publicaciones\\\/\",\"name\":\"Publicaciones - Herrera Cesareo Avocats\",\"isPartOf\":{\"@id\":\"https:\\\/\\\/herreracesareo.com\\\/#website\"},\"datePublished\":\"2018-03-31T09:31:12+00:00\",\"dateModified\":\"2026-02-16T10:43:52+00:00\",\"breadcrumb\":{\"@id\":\"https:\\\/\\\/herreracesareo.com\\\/es\\\/publicaciones\\\/#breadcrumb\"},\"inLanguage\":\"es\",\"potentialAction\":[{\"@type\":\"ReadAction\",\"target\":[\"https:\\\/\\\/herreracesareo.com\\\/es\\\/publicaciones\\\/\"]}]},{\"@type\":\"BreadcrumbList\",\"@id\":\"https:\\\/\\\/herreracesareo.com\\\/es\\\/publicaciones\\\/#breadcrumb\",\"itemListElement\":[{\"@type\":\"ListItem\",\"position\":1,\"name\":\"Portada\",\"item\":\"https:\\\/\\\/herreracesareo.com\\\/es\\\/\"},{\"@type\":\"ListItem\",\"position\":2,\"name\":\"Publicaciones\"}]},{\"@type\":\"WebSite\",\"@id\":\"https:\\\/\\\/herreracesareo.com\\\/#website\",\"url\":\"https:\\\/\\\/herreracesareo.com\\\/\",\"name\":\"Herrera Cesareo Avocats\",\"description\":\"C&#039;est un site de cabinet d&#039;avocats bilingue en fran\u00e7ais et en espagnol qui offre ses services aux particuliers et aux entreprises en France.\",\"potentialAction\":[{\"@type\":\"SearchAction\",\"target\":{\"@type\":\"EntryPoint\",\"urlTemplate\":\"https:\\\/\\\/herreracesareo.com\\\/?s={search_term_string}\"},\"query-input\":{\"@type\":\"PropertyValueSpecification\",\"valueRequired\":true,\"valueName\":\"search_term_string\"}}],\"inLanguage\":\"es\"}]}<\/script>\n<!-- \/ Yoast SEO plugin. -->","yoast_head_json":{"title":"Publicaciones - Herrera Cesareo Avocats","robots":{"index":"index","follow":"follow","max-snippet":"max-snippet:-1","max-image-preview":"max-image-preview:large","max-video-preview":"max-video-preview:-1"},"canonical":"https:\/\/herreracesareo.com\/es\/publicaciones\/","og_locale":"es_ES","og_type":"article","og_title":"Publicaciones - Herrera Cesareo Avocats","og_url":"https:\/\/herreracesareo.com\/es\/publicaciones\/","og_site_name":"Herrera Cesareo Avocats","article_modified_time":"2026-02-16T10:43:52+00:00","twitter_card":"summary_large_image","twitter_misc":{"Tiempo de lectura":"1 minuto"},"schema":{"@context":"https:\/\/schema.org","@graph":[{"@type":"WebPage","@id":"https:\/\/herreracesareo.com\/es\/publicaciones\/","url":"https:\/\/herreracesareo.com\/es\/publicaciones\/","name":"Publicaciones - Herrera Cesareo Avocats","isPartOf":{"@id":"https:\/\/herreracesareo.com\/#website"},"datePublished":"2018-03-31T09:31:12+00:00","dateModified":"2026-02-16T10:43:52+00:00","breadcrumb":{"@id":"https:\/\/herreracesareo.com\/es\/publicaciones\/#breadcrumb"},"inLanguage":"es","potentialAction":[{"@type":"ReadAction","target":["https:\/\/herreracesareo.com\/es\/publicaciones\/"]}]},{"@type":"BreadcrumbList","@id":"https:\/\/herreracesareo.com\/es\/publicaciones\/#breadcrumb","itemListElement":[{"@type":"ListItem","position":1,"name":"Portada","item":"https:\/\/herreracesareo.com\/es\/"},{"@type":"ListItem","position":2,"name":"Publicaciones"}]},{"@type":"WebSite","@id":"https:\/\/herreracesareo.com\/#website","url":"https:\/\/herreracesareo.com\/","name":"Herrera Cesareo Avocats","description":"C&#039;est un site de cabinet d&#039;avocats bilingue en fran\u00e7ais et en espagnol qui offre ses services aux particuliers et aux entreprises en France.","potentialAction":[{"@type":"SearchAction","target":{"@type":"EntryPoint","urlTemplate":"https:\/\/herreracesareo.com\/?s={search_term_string}"},"query-input":{"@type":"PropertyValueSpecification","valueRequired":true,"valueName":"search_term_string"}}],"inLanguage":"es"}]}},"jetpack_sharing_enabled":true,"_links":{"self":[{"href":"https:\/\/herreracesareo.com\/es\/wp-json\/wp\/v2\/pages\/1699","targetHints":{"allow":["GET"]}}],"collection":[{"href":"https:\/\/herreracesareo.com\/es\/wp-json\/wp\/v2\/pages"}],"about":[{"href":"https:\/\/herreracesareo.com\/es\/wp-json\/wp\/v2\/types\/page"}],"author":[{"embeddable":true,"href":"https:\/\/herreracesareo.com\/es\/wp-json\/wp\/v2\/users\/1"}],"replies":[{"embeddable":true,"href":"https:\/\/herreracesareo.com\/es\/wp-json\/wp\/v2\/comments?post=1699"}],"version-history":[{"count":4,"href":"https:\/\/herreracesareo.com\/es\/wp-json\/wp\/v2\/pages\/1699\/revisions"}],"predecessor-version":[{"id":1879,"href":"https:\/\/herreracesareo.com\/es\/wp-json\/wp\/v2\/pages\/1699\/revisions\/1879"}],"wp:attachment":[{"href":"https:\/\/herreracesareo.com\/es\/wp-json\/wp\/v2\/media?parent=1699"}],"curies":[{"name":"wp","href":"https:\/\/api.w.org\/{rel}","templated":true}]}}